{"id":1366,"date":"2020-04-13T18:36:55","date_gmt":"2020-04-13T21:36:55","guid":{"rendered":"https:\/\/louvada.com.br\/loja\/?page_id=1366"},"modified":"2020-04-23T11:33:27","modified_gmt":"2020-04-23T14:33:27","slug":"formas-de-pagamento","status":"publish","type":"page","link":"https:\/\/louvada.com.br\/loja\/formas-de-pagamento\/","title":{"rendered":"Formas de pagamento"},"content":{"rendered":"<div class=\"wpb-content-wrapper\"><p>[vc_row][vc_column][\/vc_column][\/vc_row][vc_row type=&#8221;boxed&#8221;][vc_column][vc_empty_space][vc_empty_space][vc_column_text]<strong>FORMAS DE PAGAMENTO<br \/>\n<\/strong><span style=\"font-weight: 400\">Voc\u00ea pode realizar o pagamento de seu pedido atrav\u00e9s dos principais cart\u00f5es de cr\u00e9dito e d\u00e9bito do Brasil.<\/span><\/p>\n<p><strong>BANDEIRAS DE CART\u00d5ES<br \/>\n<\/strong><span style=\"font-weight: 400\">Aceitamos as bandeiras de cart\u00f5es Visa, Mastercard, Dinners, American Express, Elo, Hipercard e JCB.<\/span><\/p>\n<p><strong>PARCELAMENTO<br \/>\n<\/strong><span style=\"font-weight: 400\">O seu pedido pode ser parcelado em at\u00e9 3 (tr\u00eas) vezes sem juros.<\/span>[\/vc_column_text][vc_empty_space][vc_empty_space][\/vc_column][\/vc_row]<\/p>\n<\/div>","protected":false},"excerpt":{"rendered":"<p>[vc_row][vc_column][\/vc_column][\/vc_row][vc_row type=&#8221;boxed&#8221;][vc_column][vc_empty_space][vc_empty_space][vc_column_text]FORMAS DE PAGAMENTO Voc\u00ea pode realizar o pagamento de seu pedido atrav\u00e9s dos principais cart\u00f5es de cr\u00e9dito e d\u00e9bito do Brasil. BANDEIRAS DE CART\u00d5ES Aceitamos as bandeiras de cart\u00f5es Visa, Mastercard, Dinners, American Express, Elo, Hipercard e JCB. PARCELAMENTO O seu pedido pode ser parcelado em at\u00e9 3 (tr\u00eas) vezes sem juros.[\/vc_column_text][vc_empty_space][vc_empty_space][\/vc_column][\/vc_row]<\/p>\n","protected":false},"author":1,"featured_media":0,"parent":0,"menu_order":0,"comment_status":"closed","ping_status":"closed","template":"templates\/page-full.php","meta":{"footnotes":""},"class_list":["post-1366","page","type-page","status-publish","hentry"],"_links":{"self":[{"href":"https:\/\/louvada.com.br\/loja\/wp-json\/wp\/v2\/pages\/1366","targetHints":{"allow":["GET"]}}],"collection":[{"href":"https:\/\/louvada.com.br\/loja\/wp-json\/wp\/v2\/pages"}],"about":[{"href":"https:\/\/louvada.com.br\/loja\/wp-json\/wp\/v2\/types\/page"}],"author":[{"embeddable":true,"href":"https:\/\/louvada.com.br\/loja\/wp-json\/wp\/v2\/users\/1"}],"replies":[{"embeddable":true,"href":"https:\/\/louvada.com.br\/loja\/wp-json\/wp\/v2\/comments?post=1366"}],"version-history":[{"count":0,"href":"https:\/\/louvada.com.br\/loja\/wp-json\/wp\/v2\/pages\/1366\/revisions"}],"wp:attachment":[{"href":"https:\/\/louvada.com.br\/loja\/wp-json\/wp\/v2\/media?parent=1366"}],"curies":[{"name":"wp","href":"https:\/\/api.w.org\/{rel}","templated":true}]}}