{"id":3,"date":"2020-04-03T21:12:03","date_gmt":"2020-04-04T00:12:03","guid":{"rendered":"http:\/\/localhost\/Renca%20-%20Louvada%20-%20Loja\/www\/wordpress\/?page_id=3"},"modified":"2020-10-16T13:47:10","modified_gmt":"2020-10-16T16:47:10","slug":"politica-de-privacidade","status":"publish","type":"page","link":"https:\/\/louvada.com.br\/loja\/politica-de-privacidade\/","title":{"rendered":"Pol\u00edtica de privacidade"},"content":{"rendered":"\n<div style=\"height:100px\" aria-hidden=\"true\" class=\"wp-block-spacer\"><\/div>\n\n\n\n<p><\/p>\n\n\n\n<p>Temos o compromisso com a privacidade e a seguran\u00e7a de nossos clientes durante todo o processo de navega\u00e7\u00e3o e compra no site.<\/p>\n\n\n\n<h2 class=\"nm-block-heading wp-block-heading\">COLETA DE DADOS<\/h2>\n\n\n\n<p>Os dados fornecidos pelos clientes jamais ser\u00e3o comercializados, trocados ou divulgados a terceiros, exceto quando essas informa\u00e7\u00f5es s\u00e3o necess\u00e1rias para o processo de entrega, para cobran\u00e7a, ou para participa\u00e7\u00e3o em promo\u00e7\u00f5es solicitadas pelos clientes.&nbsp; Logo, todas as informa\u00e7\u00f5es obtidas durante o processo de compra ser\u00e3o utilizadas \u00fanica e exclusivamente para que o produto chegue ao cliente no menor prazo poss\u00edvel e com o m\u00e1ximo de seguran\u00e7a.<\/p>\n\n\n\n<p>Ao realizar uma compra em nosso site pela primeira vez, ser\u00e1 necess\u00e1rio o fornecimento de algumas informa\u00e7\u00f5es cadastrais.<\/p>\n\n\n\n<p>As informa\u00e7\u00f5es necess\u00e1rias para realiza\u00e7\u00e3o da compra s\u00e3o:<\/p>\n\n\n\n<ul class=\"nm-block-list wp-block-list\"><li>Nome completo<\/li><li>Data de Nascimento<\/li><li>E-mail<\/li><li>N\u00famero do C.P.F.<\/li><li>Senha (voc\u00ea escolher\u00e1 no ato de se cadastrar)<\/li><li>C.E.P.<\/li><li>Endere\u00e7o de entrega<\/li><li>Cidade<\/li><li>Estado<\/li><li>Pa\u00eds<\/li><li>Telefone<\/li><\/ul>\n\n\n\n<p>As informa\u00e7\u00f5es necess\u00e1rias para o envio de sua compra a terceiros s\u00e3o:<\/p>\n\n\n\n<ul class=\"nm-block-list wp-block-list\"><li>Nome completo da pessoa que receber\u00e1 a encomenda<\/li><li>C.E.P. do endere\u00e7o de entrega<\/li><li>Endere\u00e7o de entrega<\/li><li>Bairro do endere\u00e7o de entrega<\/li><li>Cidade do endere\u00e7o de entrega<\/li><li>Estado do endere\u00e7o de entrega<\/li><li>Pa\u00eds de do endere\u00e7o entrega<\/li><li>Telefone da pessoa que receber\u00e1 a encomenda (opcional)<\/li><\/ul>\n\n\n\n<p>Sua identifica\u00e7\u00e3o e localiza\u00e7\u00e3o dever\u00e3o constar no pacote com os produtos que lhe ser\u00e3o enviados quando realizar uma compra. Assim sendo, a empresa respons\u00e1vel pela entrega de seu pedido, poder\u00e1 ter acesso a esta informa\u00e7\u00e3o como forma, apenas, de cumprir o seu servi\u00e7o.<\/p>\n\n\n\n<p>As informa\u00e7\u00f5es necess\u00e1rias para processarmos o pagamento s\u00e3o:<\/p>\n\n\n\n<ul class=\"nm-block-list wp-block-list\"><li>N\u00famero do cart\u00e3o de cr\u00e9dito<\/li><li>Data de validade<\/li><li>C\u00f3digo de seguran\u00e7a<\/li><\/ul>\n\n\n\n<p>Informa\u00e7\u00f5es como esta, de tamanha import\u00e2ncia, s\u00e3o tratadas sob os mais rigorosos procedimentos de seguran\u00e7a. Os seus dados de cart\u00e3o de cr\u00e9dito, quando feita a op\u00e7\u00e3o por este tipo de pagamento, ser\u00e3o utilizados apenas para a realiza\u00e7\u00e3o de transa\u00e7\u00e3o eletr\u00f4nica, entre a Cervejaria Louvada e a sua administradora de cart\u00e3o de cr\u00e9dito. Ap\u00f3s confirmado o pagamento e o envio da encomenda, esses dados s\u00e3o eliminados.<\/p>\n\n\n\n<ul class=\"nm-block-list wp-block-list\"><li>Dados Banc\u00e1rios<\/li><\/ul>\n\n\n\n<p>No seu cadastro de compra realizado no site <a href=\"https:\/\/louvada.com.br\/loja\/\">https:\/\/louvada.com.br\/loja<\/a> n\u00e3o ser\u00e1 necess\u00e1rio fornecer nenhuma de suas informa\u00e7\u00f5es banc\u00e1rias, com exce\u00e7\u00e3o dos casos necess\u00e1rios para realiza\u00e7\u00e3o de devolu\u00e7\u00e3o de mercadorias e estorno de valores pagos.<\/p>\n\n\n\n<p>Todas as opera\u00e7\u00f5es de pagamento com cart\u00e3o de cr\u00e9dito ou n\u00e3o, s\u00e3o executadas com a tecnologia SSL (Secure Socket Layer), que certifica o completo sigilo dos dados pessoais (endere\u00e7o de entrega, dados de cart\u00e3o de cr\u00e9dito e hist\u00f3rico de pedidos) de nossos clientes.<\/p>\n\n\n\n<p>Utilizamos cookies e informa\u00e7\u00f5es de sua navega\u00e7\u00e3o (sess\u00e3o do browser) com o objetivo de melhorar a navega\u00e7\u00e3o e aperfei\u00e7oar os servi\u00e7os prestados. Neste processo todas as informa\u00e7\u00f5es s\u00e3o mantidas em absoluto sigilo. Caso n\u00e3o se sinta confort\u00e1vel, \u00e9 poss\u00edvel desativar a instala\u00e7\u00e3o destes arquivos no seu navegador.<\/p>\n\n\n\n<h2 class=\"nm-block-heading wp-block-heading\">ENVIO DE PROMO\u00c7\u00d5ES<\/h2>\n\n\n\n<p>Tamb\u00e9m ser\u00e1 fornecida como op\u00e7\u00e3o padr\u00e3o a possibilidade de receber nossos e-mails promocionais. Para n\u00e3o receber este tipo de correspond\u00eancia eletr\u00f4nica, \u00e9 s\u00f3 desabilitar esta op\u00e7\u00e3o, clicando sobre o quadrado respectivo \u00e0 op\u00e7\u00e3o.<\/p>\n\n\n\n<p>Nosso envio de e-mail marketing est\u00e1 dentro dos padr\u00f5es estabelecidos pelo C\u00f3digo de Autorregulamenta\u00e7\u00e3o para pr\u00e1tica de e-mail marketing, que prev\u00ea de acordo com o Cap\u00edtulo I, Art. 1\u00b0 a utiliza\u00e7\u00e3o de e-mail como ferramenta de marketing, de forma \u00e9tica, pertinente e respons\u00e1vel, sem preju\u00edzo da concomitante aplica\u00e7\u00e3o da legisla\u00e7\u00e3o vigente aplic\u00e1vel.<\/p>\n\n\n\n<h3 class=\"nm-block-heading wp-block-heading\">ATUALIZA\u00c7\u00d5ES DE POL\u00cdTICAS<\/h3>\n\n\n\n<p>As altera\u00e7\u00f5es sobre nossa pol\u00edtica de privacidade ser\u00e3o devidamente informadas neste espa\u00e7o.<\/p>\n\n\n\n<p>Se ao navegar em nosso site voc\u00ea perceber algum tipo de falha, ou mesmo se voc\u00ea tiver alguma d\u00favida sobre nossos procedimentos quanto a Pol\u00edtica de Privacidade e Seguran\u00e7a, sinta-se livre para entrar em contato conosco atrav\u00e9s do e-mail loja@louvada.com.br.&nbsp;<\/p>\n\n\n\n<p>Nossa Pol\u00edtica de Privacidade e Seguran\u00e7a \u00e9 amparada no C\u00f3digo de Defesa do Consumidor, principal lei que rege os direitos dos consumidores no Brasil, bem como \u00e9 validada por nosso Departamento Jur\u00eddico.<\/p>\n","protected":false},"excerpt":{"rendered":"<p>Temos o compromisso com a privacidade e a seguran\u00e7a de nossos clientes durante todo o processo de navega\u00e7\u00e3o e compra no site. COLETA DE DADOS Os dados fornecidos pelos clientes jamais ser\u00e3o comercializados, trocados ou divulgados a terceiros, exceto quando essas informa\u00e7\u00f5es s\u00e3o necess\u00e1rias para o processo de entrega, para cobran\u00e7a, ou para participa\u00e7\u00e3o em &hellip;<\/p>\n","protected":false},"author":1,"featured_media":0,"parent":0,"menu_order":0,"comment_status":"closed","ping_status":"open","template":"","meta":{"footnotes":""},"class_list":["post-3","page","type-page","status-publish","hentry"],"_links":{"self":[{"href":"https:\/\/louvada.com.br\/loja\/wp-json\/wp\/v2\/pages\/3","targetHints":{"allow":["GET"]}}],"collection":[{"href":"https:\/\/louvada.com.br\/loja\/wp-json\/wp\/v2\/pages"}],"about":[{"href":"https:\/\/louvada.com.br\/loja\/wp-json\/wp\/v2\/types\/page"}],"author":[{"embeddable":true,"href":"https:\/\/louvada.com.br\/loja\/wp-json\/wp\/v2\/users\/1"}],"replies":[{"embeddable":true,"href":"https:\/\/louvada.com.br\/loja\/wp-json\/wp\/v2\/comments?post=3"}],"version-history":[{"count":0,"href":"https:\/\/louvada.com.br\/loja\/wp-json\/wp\/v2\/pages\/3\/revisions"}],"wp:attachment":[{"href":"https:\/\/louvada.com.br\/loja\/wp-json\/wp\/v2\/media?parent=3"}],"curies":[{"name":"wp","href":"https:\/\/api.w.org\/{rel}","templated":true}]}}