{"id":379,"date":"2015-08-12T14:41:48","date_gmt":"2015-08-12T14:41:48","guid":{"rendered":"http:\/\/savoy.nordicmade.com\/?page_id=379"},"modified":"2024-12-03T09:25:16","modified_gmt":"2024-12-03T12:25:16","slug":"duvidas","status":"publish","type":"page","link":"https:\/\/louvada.com.br\/loja\/duvidas\/","title":{"rendered":"D\u00favidas"},"content":{"rendered":"<div class=\"wpb-content-wrapper\"><p>[vc_row type=&#8221;boxed&#8221; css=&#8221;.vc_custom_1432752631369{padding-top: 68px !important;}&#8221;][vc_column][vc_column_text el_class=&#8221;nm-highlight-text title-font&#8221;]<\/p>\n<h4>COMO COMPRAR?<\/h4>\n<p>[\/vc_column_text][vc_empty_space height=&#8221;30px&#8221;][vc_column_text css_animation=&#8221;&#8221; el_class=&#8221;title-font&#8221;]<\/p>\n<h6><strong>Como fa\u00e7o para recuperar minha senha?<\/strong><\/h6>\n<p>[\/vc_column_text][vc_column_text css_animation=&#8221;&#8221;]Esqueceu sua senha? Tudo bem. Para recuper\u00e1-la, clique em &#8220;Entrar&#8221; e depois em &#8220;Perdeu a sua senha?&#8221;, em seguida coloque seu e-mail ou usu\u00e1rio e enviaremos o passo a passo para criar uma nova senha no e-mail cadastrado.[\/vc_column_text][vc_empty_space height=&#8221;14px&#8221;][vc_column_text el_class=&#8221;title-font&#8221;]<\/p>\n<h6><strong>Como fa\u00e7o para realizar um pedido?<\/strong><\/h6>\n<p>[\/vc_column_text][vc_column_text]Achou o produto que voc\u00ea queria? Clique em \u201cAdicionar ao carrinho\u201d e depois &#8220;Finalizar compra&#8221;. Feito? Agora fa\u00e7a seu login, caso j\u00e1 tenha efetuado uma compra com a gente ou insira os seus dados na \u00e1rea de Faturamento. Em seguida,escolha a forma de entrega e clique em &#8220;Finalizar compra&#8221;. Pronto, nossa equipe entrar\u00e1 em contato para combinar a forma de pagamento e finalizar a compra.[\/vc_column_text][vc_empty_space height=&#8221;14px&#8221;][vc_column_text el_class=&#8221;title-font&#8221;]<\/p>\n<h6><strong>Como fa\u00e7o para alterar meu endere\u00e7o de entrega?<\/strong><\/h6>\n<p>[\/vc_column_text][vc_column_text]Para alterar o endere\u00e7o de entrega ou faturamento, acesse \u201cEntrar\u201d e clique em \u201cEndere\u00e7os\u201d. Nessa p\u00e1gina, voc\u00ea poder\u00e1 editar o endere\u00e7o cadastrado ou adicionar um novo. A Louvada n\u00e3o efetua entregas em caixas postais.<\/p>\n<p>Importante! Por motivos de seguran\u00e7a, para pedidos j\u00e1 finalizados, n\u00e3o \u00e9 poss\u00edvel alterar o endere\u00e7o de entrega. A altera\u00e7\u00e3o do endere\u00e7o s\u00f3 ser\u00e1 poss\u00edvel para uma nova compra.[\/vc_column_text][\/vc_column][\/vc_row][vc_row type=&#8221;full-nopad&#8221; css=&#8221;.vc_custom_1432728062229{padding-top: 46px !important;}&#8221;][vc_column][vc_separator accent_color=&#8221;#d3d3d3&#8243;][\/vc_column][\/vc_row][vc_row type=&#8221;boxed&#8221; css=&#8221;.vc_custom_1432728051583{padding-top: 49px !important;}&#8221;][vc_column][vc_column_text el_class=&#8221;nm-highlight-text title-font&#8221;]<\/p>\n<h4>ENTREGAS E FRETE<\/h4>\n<p>[\/vc_column_text][vc_empty_space height=&#8221;30px&#8221;][vc_column_text el_class=&#8221;title-font&#8221;]<\/p>\n<h6><strong>Como \u00e9 feita a entrega de produtos?<\/strong><\/h6>\n<p>[\/vc_column_text][vc_column_text]Todos os produtos vendidos e entregues pela Louvada s\u00e3o enviados em caixas ou envelopes exclusivos, desenvolvidos para garantir a qualidade dos produtos e evitar avarias. Antes de receber a entrega, verifique se o pacote n\u00e3o est\u00e1 violado. Caso esteja, n\u00e3o aceite o pacote e entre em contato com a Central de Atendimento.<br \/>\nSe notar que o pedido foi violado somente depois de receb\u00ea-lo, por favor, entre em contato com a gente em at\u00e9 72 horas.[\/vc_column_text][vc_empty_space height=&#8221;14px&#8221;][vc_column_text el_class=&#8221;title-font&#8221;]<\/p>\n<h6><strong>Quais s\u00e3o os tipos de fretes dispon\u00edveis?<\/strong><\/h6>\n<p>[\/vc_column_text][vc_column_text]Ao realizar seu pedido, digite o CEP do endere\u00e7o de entrega e as op\u00e7\u00f5es de frete dispon\u00edveis para a sua regi\u00e3o ser\u00e3o exibidas automaticamente. O custo do frete ser\u00e1 calculado durante o processo de finaliza\u00e7\u00e3o da compra e voc\u00ea poder\u00e1 visualizar o valor total antes de finalizar seu pedido. Independente da modalidade de frete, as entregas ser\u00e3o realizadas somente em dias \u00fateis, de segunda \u00e0 sexta-feira.<\/p>\n<p><strong>CUIAB\u00c1 E V\u00c1RZEA GRANDE \u2013 MT:<\/strong><\/p>\n<p><strong>Delivery Louvada:\u00a0<\/strong>Esta modalidade de entrega tem valor fixo de R$20 para compras abaixo de R$230. Para compras acima deste valor o frete \u00e9 gr\u00e1tis.<\/p>\n<p><strong>OUTRAS CIDADES DE MATO GROSSO:<\/strong><\/p>\n<p><strong>Transportadora Terrestre:<\/strong> frete realizado por transportadora varia conforme regi\u00e3o e peso dos produtos adquiridos. Para compras acima de R$300 o frete \u00e9 gr\u00e1tis (Mato Grosso).<\/p>\n<p><strong>DEMAIS REGI\u00d5ES DO BRASIL:<\/strong><\/p>\n<p><strong>Transportadora Terrestre:<\/strong>\u00a0frete realizado por transportadora varia conforme regi\u00e3o e peso dos produtos adquiridos. Para compras acima de R$350 o frete \u00e9 gr\u00e1tis.<\/p>\n<p><strong>Transportadora a\u00e9rea:<\/strong> N\u00e3o incluso frete gr\u00e1tis. Realizar cota\u00e7\u00e3o para sua regi\u00e3o.[\/vc_column_text][vc_empty_space height=&#8221;14px&#8221;][vc_column_text el_class=&#8221;title-font&#8221;]<\/p>\n<h6><strong>Como posso acompanhar a entrega do meu pedido?<\/strong><\/h6>\n<p>[\/vc_column_text][vc_column_text]Para acompanhar a entrega de sua encomenda em nosso site, acesse \u201cEntrar\u201d e, sucessivamente, v\u00e1 em &#8220;Pedidos&#8221;.<\/p>\n<p>Importante! Ser\u00e3o feitas at\u00e9 3 tentativas de entrega: em caso de aus\u00eancia do destinat\u00e1rio ou de um respons\u00e1vel pelo recebimento, o produto voltar\u00e1 ao remetente.[\/vc_column_text][vc_empty_space height=&#8221;14px&#8221;][vc_column_text el_class=&#8221;title-font&#8221;]<\/p>\n<h6><strong>Qual o prazo de entrega do meu pedido?<\/strong><\/h6>\n<p>[\/vc_column_text][vc_column_text]Ap\u00f3s realizar a compra, o prazo de entrega ser\u00e1 contado ap\u00f3s confirma\u00e7\u00e3o dos seus dados cadastrais, confirma\u00e7\u00e3o do pagamento e emiss\u00e3o de nota fiscal. De acordo com a modalidade escolhida.<\/p>\n<p>CUIAB\u00c1 E V\u00c1RZEA GRANDE &#8211; MT<\/p>\n<ul>\n<li>Delivery Louvada: em at\u00e9 3 dias \u00fateis.<\/li>\n<li>Delivery Louvada Gr\u00e1tis: em at\u00e9 3 dias \u00fateis.<\/li>\n<\/ul>\n<p>OUTRAS CIDADES DE MATO GROSSO E BRASIL<\/p>\n<ul>\n<li>Transportadora Terrestre: prazo varia por cidade.<\/li>\n<\/ul>\n<p>&nbsp;<\/p>\n<p>Importante! Os prazos de entrega s\u00e3o calculados a partir do recebimento da nota fiscal por e-mail.[\/vc_column_text][\/vc_column][\/vc_row][vc_row type=&#8221;full-nopad&#8221; css=&#8221;.vc_custom_1432728062229{padding-top: 46px !important;}&#8221;][vc_column][vc_separator accent_color=&#8221;#d3d3d3&#8243;][\/vc_column][\/vc_row][vc_row type=&#8221;boxed&#8221; css=&#8221;.vc_custom_1432728051583{padding-top: 49px !important;}&#8221;][vc_column][vc_column_text el_class=&#8221;nm-highlight-text title-font&#8221;]<\/p>\n<h4>TROCAS E DEVOLU\u00c7\u00d5ES<\/h4>\n<p>[\/vc_column_text][vc_empty_space height=&#8221;30px&#8221;][vc_column_text el_class=&#8221;title-font&#8221;]<\/p>\n<h6><strong>Como fa\u00e7o para solicitar uma troca?<\/strong><\/h6>\n<p>[\/vc_column_text][vc_column_text]\u2013 Voc\u00ea deve enviar todos os itens da solicita\u00e7\u00e3o de troca;<br \/>\n\u2013 O produto deve ser devolvido em sua embalagem original;<br \/>\n\u2013 O produto n\u00e3o deve conter ind\u00edcios de uso;<br \/>\n\u2013 O produto deve ser enviado juntamente com a nota fiscal;<\/p>\n<p>Se as regras n\u00e3o forem cumpridas, os itens da solicita\u00e7\u00e3o de troca n\u00e3o ser\u00e3o coletados pelo transportador ou ser\u00e3o devolvidos para voc\u00ea.<\/p>\n<p>Para realizar a troca entre em contato com a nossa <span style=\"color: #dc9814\"><a style=\"color: #dc9814\" href=\"\/loja\/contato\/\">Central de Atendimento<\/a><\/span>. Saiba mais em <span style=\"color: #dc9814\"><a style=\"color: #dc9814\" href=\"\/loja\/trocas-e-devolucoes\/\">Pol\u00edticas de Trocas e Devolu\u00e7\u00f5es<\/a><\/span>.<\/p>\n<p>Uma vez recebido o produto em nosso Centro de Distribui\u00e7\u00e3o, ser\u00e1 realizada uma an\u00e1lise de qualidade que pode levar at\u00e9 2 dias \u00fateis.<\/p>\n<p>S\u00f3 ser\u00e1 efetuada a troca se todas as regras forem atendidas.<\/p>\n<p>Ap\u00f3s aprova\u00e7\u00e3o da an\u00e1lise de qualidade, ser\u00e1 providenciado o envio do(s) item(ns) para o mesmo endere\u00e7o de entrega do pedido original com o prazo de entrega referente ao seu CEP.<\/p>\n<p>Importante!<\/p>\n<p>A solicita\u00e7\u00e3o de troca de produtos recebidos com embalagem avariada ou produto danificado deve ser realizada em at\u00e9 48h a contar do recebimento.[\/vc_column_text][vc_empty_space height=&#8221;14px&#8221;][vc_column_text el_class=&#8221;title-font&#8221;]<\/p>\n<h6><strong>Quais s\u00e3o as op\u00e7\u00f5es de reembolso para uma devolu\u00e7\u00e3o?<\/strong><\/h6>\n<p>[\/vc_column_text][vc_column_text]Ao solicitar uma devolu\u00e7\u00e3o, voc\u00ea pode escolher entre receber o valor pago de volta, de acordo com a forma de pagamento do pedido, ou um vale-troca.[\/vc_column_text][\/vc_column][\/vc_row][vc_row type=&#8221;full-nopad&#8221; css=&#8221;.vc_custom_1432728062229{padding-top: 46px !important;}&#8221;][vc_column][vc_separator accent_color=&#8221;#d3d3d3&#8243;][\/vc_column][\/vc_row][vc_row type=&#8221;boxed&#8221; css=&#8221;.vc_custom_1432728051583{padding-top: 49px !important;}&#8221;][vc_column][vc_column_text el_class=&#8221;nm-highlight-text title-font&#8221;]<\/p>\n<h4>PAGAMENTOS<\/h4>\n<p>[\/vc_column_text][vc_empty_space height=&#8221;30px&#8221;][vc_column_text el_class=&#8221;title-font&#8221;]<\/p>\n<h6><strong>Quais as formas de pagamento dispon\u00edveis?<\/strong><\/h6>\n<p>[\/vc_column_text][vc_column_text]Cart\u00e3o de cr\u00e9dito ou d\u00e9bito nas bandeiras indicadas abaixo.<\/p>\n<p>&#8211; Visa<br \/>\n&#8211; Mastercard<br \/>\n&#8211; American Express<br \/>\n&#8211; Elo<br \/>\n&#8211; Diners Club<br \/>\n&#8211; Hipercard<br \/>\n&#8211; JCB<\/p>\n<p>\u00c9 poss\u00edvel parcelar as compras em at\u00e9 3X independente do valor.[\/vc_column_text][vc_empty_space height=&#8221;14px&#8221;][vc_column_text el_class=&#8221;title-font&#8221;]<\/p>\n<h6><strong>Qual \u00e9 o prazo de confirma\u00e7\u00e3o de pagamento?<\/strong><\/h6>\n<p>[\/vc_column_text][vc_column_text]A confirma\u00e7\u00e3o de pagamento do pedido pode levar at\u00e9 1 hora.[\/vc_column_text][\/vc_column][\/vc_row][vc_row type=&#8221;full-nopad&#8221; css=&#8221;.vc_custom_1432728062229{padding-top: 46px !important;}&#8221;][vc_column][vc_separator accent_color=&#8221;#d3d3d3&#8243;][\/vc_column][\/vc_row][vc_row type=&#8221;boxed&#8221; css=&#8221;.vc_custom_1432728051583{padding-top: 49px !important;}&#8221;][vc_column][vc_column_text el_class=&#8221;nm-highlight-text title-font&#8221;]<\/p>\n<h4>CANCELAMENTOS<\/h4>\n<p>[\/vc_column_text][vc_empty_space height=&#8221;30px&#8221;][vc_column_text el_class=&#8221;title-font&#8221;]<\/p>\n<h6><strong>Como fa\u00e7o para cancelar minha compra?<\/strong><\/h6>\n<p>[\/vc_column_text][vc_column_text]Se voc\u00ea ainda n\u00e3o efetuou o pagamento junto com a nossa equipe de faturamento o seu pedido ser\u00e1 cancelado em algumas horas. Se efetuou o pagamento com cart\u00e3o de cr\u00e9dito ou transfer\u00eancia banc\u00e1ria com a nossa equipe e a Nota Fiscal n\u00e3o tiver sido emitida, poder\u00e1 solicitar o cancelamento ao entrar em contato com nossa Central de Relacionamento.[\/vc_column_text][\/vc_column][\/vc_row][vc_row][vc_column][vc_empty_space][\/vc_column][\/vc_row][vc_row][vc_column][vc_empty_space][\/vc_column][\/vc_row]<\/p>\n<\/div>","protected":false},"excerpt":{"rendered":"<p>[vc_row type=&#8221;boxed&#8221; css=&#8221;.vc_custom_1432752631369{padding-top: 68px !important;}&#8221;][vc_column][vc_column_text el_class=&#8221;nm-highlight-text title-font&#8221;] COMO COMPRAR? [\/vc_column_text][vc_empty_space height=&#8221;30px&#8221;][vc_column_text css_animation=&#8221;&#8221; el_class=&#8221;title-font&#8221;] Como fa\u00e7o para recuperar minha senha? [\/vc_column_text][vc_column_text css_animation=&#8221;&#8221;]Esqueceu sua senha? Tudo bem. Para recuper\u00e1-la, clique em &#8220;Entrar&#8221; e depois em &#8220;Perdeu a sua senha?&#8221;, em seguida coloque seu e-mail ou usu\u00e1rio e enviaremos o passo a passo para criar uma nova senha &hellip;<\/p>\n","protected":false},"author":1,"featured_media":0,"parent":0,"menu_order":0,"comment_status":"closed","ping_status":"closed","template":"","meta":{"footnotes":""},"class_list":["post-379","page","type-page","status-publish","hentry"],"_links":{"self":[{"href":"https:\/\/louvada.com.br\/loja\/wp-json\/wp\/v2\/pages\/379","targetHints":{"allow":["GET"]}}],"collection":[{"href":"https:\/\/louvada.com.br\/loja\/wp-json\/wp\/v2\/pages"}],"about":[{"href":"https:\/\/louvada.com.br\/loja\/wp-json\/wp\/v2\/types\/page"}],"author":[{"embeddable":true,"href":"https:\/\/louvada.com.br\/loja\/wp-json\/wp\/v2\/users\/1"}],"replies":[{"embeddable":true,"href":"https:\/\/louvada.com.br\/loja\/wp-json\/wp\/v2\/comments?post=379"}],"version-history":[{"count":7,"href":"https:\/\/louvada.com.br\/loja\/wp-json\/wp\/v2\/pages\/379\/revisions"}],"predecessor-version":[{"id":20463,"href":"https:\/\/louvada.com.br\/loja\/wp-json\/wp\/v2\/pages\/379\/revisions\/20463"}],"wp:attachment":[{"href":"https:\/\/louvada.com.br\/loja\/wp-json\/wp\/v2\/media?parent=379"}],"curies":[{"name":"wp","href":"https:\/\/api.w.org\/{rel}","templated":true}]}}