{"id":11404,"date":"2022-02-01T12:09:11","date_gmt":"2022-02-01T15:09:11","guid":{"rendered":"https:\/\/louvada.com.br\/loja\/?post_type=product&#038;p=11404"},"modified":"2026-04-28T14:01:51","modified_gmt":"2026-04-28T17:01:51","slug":"caneca-acrilica-gel-transparente","status":"publish","type":"product","link":"https:\/\/louvada.com.br\/loja\/produto\/caneca-acrilica-gel-transparente\/","title":{"rendered":"Caneca Acr\u00edlica Gel Transparente"},"content":{"rendered":"<p>A Caneca Acr\u00edlica Gel \u00e9 ideal para servir seus convidados e tomar uma cerveja ou chopp Louvada. Pr\u00e1tico, resistente e de f\u00e1cil limpeza.<\/p>\n<p><strong>ATEN\u00c7\u00c3O: Congelar de boca para baixo por 48h a cada congelamento.<\/strong><\/p>\n<ul>\n<li>Altura &#8211; 13,5cm<\/li>\n<li>Peso: 318g<\/li>\n<\/ul>\n<p>Material: Acr\u00edlico<\/p>\n<p>&nbsp;<\/p>\n","protected":false},"excerpt":{"rendered":"<p>A Caneca Acr\u00edlica Gel \u00e9 ideal para servir seus convidados e tomar uma cerveja ou chopp Louvada. Pr\u00e1tico, resistente e de f\u00e1cil limpeza. ATEN\u00c7\u00c3O: Congelar de boca para baixo por 48h a cada congelamento. Altura &#8211; 13,5cm Peso: 318g Material: Acr\u00edlico &nbsp;<\/p>\n","protected":false},"featured_media":11408,"comment_status":"open","ping_status":"closed","template":"","meta":[],"product_brand":[],"product_cat":[59,94],"product_tag":[],"class_list":{"0":"post-11404","1":"product","2":"type-product","3":"status-publish","4":"has-post-thumbnail","6":"product_cat-acessorios","7":"product_cat-copos-tacas","9":"first","10":"instock","11":"shipping-taxable","12":"purchasable","13":"product-type-simple"},"_links":{"self":[{"href":"https:\/\/louvada.com.br\/loja\/wp-json\/wp\/v2\/product\/11404","targetHints":{"allow":["GET"]}}],"collection":[{"href":"https:\/\/louvada.com.br\/loja\/wp-json\/wp\/v2\/product"}],"about":[{"href":"https:\/\/louvada.com.br\/loja\/wp-json\/wp\/v2\/types\/product"}],"replies":[{"embeddable":true,"href":"https:\/\/louvada.com.br\/loja\/wp-json\/wp\/v2\/comments?post=11404"}],"wp:featuredmedia":[{"embeddable":true,"href":"https:\/\/louvada.com.br\/loja\/wp-json\/wp\/v2\/media\/11408"}],"wp:attachment":[{"href":"https:\/\/louvada.com.br\/loja\/wp-json\/wp\/v2\/media?parent=11404"}],"wp:term":[{"taxonomy":"product_brand","embeddable":true,"href":"https:\/\/louvada.com.br\/loja\/wp-json\/wp\/v2\/product_brand?post=11404"},{"taxonomy":"product_cat","embeddable":true,"href":"https:\/\/louvada.com.br\/loja\/wp-json\/wp\/v2\/product_cat?post=11404"},{"taxonomy":"product_tag","embeddable":true,"href":"https:\/\/louvada.com.br\/loja\/wp-json\/wp\/v2\/product_tag?post=11404"}],"curies":[{"name":"wp","href":"https:\/\/api.w.org\/{rel}","templated":true}]}}