{"id":11412,"date":"2022-02-01T12:45:20","date_gmt":"2022-02-01T15:45:20","guid":{"rendered":"https:\/\/louvada.com.br\/loja\/?post_type=product&#038;p=11412"},"modified":"2024-05-31T18:08:36","modified_gmt":"2024-05-31T21:08:36","slug":"taca-nevada-300ml","status":"publish","type":"product","link":"https:\/\/louvada.com.br\/loja\/produto\/taca-nevada-300ml\/","title":{"rendered":"Ta\u00e7a Pilsen 400ml"},"content":{"rendered":"<p>A Ta\u00e7a Pilsen \u00e9 produzida em vidro transparente, dando uma melhor visualiza\u00e7\u00e3o a sua bebida. \u00a0Ideal para servir seus convidados. Pr\u00e1tica, resistente e de f\u00e1cil limpeza.<\/p>\n<ul>\n<li>Altura &#8211; 17cm<\/li>\n<li>Peso &#8211; 184g<\/li>\n<\/ul>\n<p>Material: Vidro<\/p>\n<p>&nbsp;<\/p>\n","protected":false},"excerpt":{"rendered":"<p>A Ta\u00e7a Pilsen \u00e9 produzida em vidro transparente, dando uma melhor visualiza\u00e7\u00e3o a sua bebida. \u00a0Ideal para servir seus convidados. Pr\u00e1tica, resistente e de f\u00e1cil limpeza. Altura &#8211; 17cm Peso &#8211; 184g Material: Vidro &nbsp;<\/p>\n","protected":false},"featured_media":11413,"comment_status":"open","ping_status":"closed","template":"","meta":[],"product_brand":[],"product_cat":[59,94],"product_tag":[],"class_list":{"0":"post-11412","1":"product","2":"type-product","3":"status-publish","4":"has-post-thumbnail","6":"product_cat-acessorios","7":"product_cat-copos-tacas","9":"first","10":"outofstock","11":"shipping-taxable","12":"purchasable","13":"product-type-simple"},"_links":{"self":[{"href":"https:\/\/louvada.com.br\/loja\/wp-json\/wp\/v2\/product\/11412","targetHints":{"allow":["GET"]}}],"collection":[{"href":"https:\/\/louvada.com.br\/loja\/wp-json\/wp\/v2\/product"}],"about":[{"href":"https:\/\/louvada.com.br\/loja\/wp-json\/wp\/v2\/types\/product"}],"replies":[{"embeddable":true,"href":"https:\/\/louvada.com.br\/loja\/wp-json\/wp\/v2\/comments?post=11412"}],"wp:featuredmedia":[{"embeddable":true,"href":"https:\/\/louvada.com.br\/loja\/wp-json\/wp\/v2\/media\/11413"}],"wp:attachment":[{"href":"https:\/\/louvada.com.br\/loja\/wp-json\/wp\/v2\/media?parent=11412"}],"wp:term":[{"taxonomy":"product_brand","embeddable":true,"href":"https:\/\/louvada.com.br\/loja\/wp-json\/wp\/v2\/product_brand?post=11412"},{"taxonomy":"product_cat","embeddable":true,"href":"https:\/\/louvada.com.br\/loja\/wp-json\/wp\/v2\/product_cat?post=11412"},{"taxonomy":"product_tag","embeddable":true,"href":"https:\/\/louvada.com.br\/loja\/wp-json\/wp\/v2\/product_tag?post=11412"}],"curies":[{"name":"wp","href":"https:\/\/api.w.org\/{rel}","templated":true}]}}