{"id":11417,"date":"2022-02-01T16:02:28","date_gmt":"2022-02-01T19:02:28","guid":{"rendered":"https:\/\/louvada.com.br\/loja\/?post_type=product&#038;p=11417"},"modified":"2025-12-22T11:13:59","modified_gmt":"2025-12-22T14:13:59","slug":"ima-abridor-honre-louvada","status":"publish","type":"product","link":"https:\/\/louvada.com.br\/loja\/produto\/ima-abridor-honre-louvada\/","title":{"rendered":"Abridor Formato Tampa"},"content":{"rendered":"<p>Abridor Formato Tampa.<\/p>\n<p>Dimens\u00f5es:<\/p>\n<ul>\n<li>Comprimento &#8211; 7cm<\/li>\n<li>Peso &#8211; 50g<\/li>\n<\/ul>\n<p>Material: Pl\u00e1stico e Alum\u00ednio<\/p>\n","protected":false},"excerpt":{"rendered":"<p>Abridor super divertido que tamb\u00e9m \u00e9 im\u00e3 de geladeira. Item de decora\u00e7\u00e3o ou cole\u00e7\u00e3o de honra.<\/p>\n","protected":false},"featured_media":11418,"comment_status":"open","ping_status":"closed","template":"","meta":[],"product_brand":[],"product_cat":[59],"product_tag":[],"class_list":{"0":"post-11417","1":"product","2":"type-product","3":"status-publish","4":"has-post-thumbnail","6":"product_cat-acessorios","8":"first","9":"instock","10":"shipping-taxable","11":"purchasable","12":"product-type-simple"},"_links":{"self":[{"href":"https:\/\/louvada.com.br\/loja\/wp-json\/wp\/v2\/product\/11417","targetHints":{"allow":["GET"]}}],"collection":[{"href":"https:\/\/louvada.com.br\/loja\/wp-json\/wp\/v2\/product"}],"about":[{"href":"https:\/\/louvada.com.br\/loja\/wp-json\/wp\/v2\/types\/product"}],"replies":[{"embeddable":true,"href":"https:\/\/louvada.com.br\/loja\/wp-json\/wp\/v2\/comments?post=11417"}],"wp:featuredmedia":[{"embeddable":true,"href":"https:\/\/louvada.com.br\/loja\/wp-json\/wp\/v2\/media\/11418"}],"wp:attachment":[{"href":"https:\/\/louvada.com.br\/loja\/wp-json\/wp\/v2\/media?parent=11417"}],"wp:term":[{"taxonomy":"product_brand","embeddable":true,"href":"https:\/\/louvada.com.br\/loja\/wp-json\/wp\/v2\/product_brand?post=11417"},{"taxonomy":"product_cat","embeddable":true,"href":"https:\/\/louvada.com.br\/loja\/wp-json\/wp\/v2\/product_cat?post=11417"},{"taxonomy":"product_tag","embeddable":true,"href":"https:\/\/louvada.com.br\/loja\/wp-json\/wp\/v2\/product_tag?post=11417"}],"curies":[{"name":"wp","href":"https:\/\/api.w.org\/{rel}","templated":true}]}}