{"id":1166,"date":"2025-08-08T10:08:17","date_gmt":"2025-08-08T13:08:17","guid":{"rendered":"https:\/\/louvada.com.br\/loja\/?post_type=product&#038;p=1166"},"modified":"2026-05-01T23:02:53","modified_gmt":"2026-05-02T02:02:53","slug":"louvada-hop-lager-500ml","status":"publish","type":"product","link":"https:\/\/louvada.com.br\/loja\/produto\/louvada-hop-lager-500ml\/","title":{"rendered":"Louvada Hop Lager 500ml"},"content":{"rendered":"<p><b>Cerveja:<\/b><span style=\"font-weight: 400;\"> Louvada Hop Lager<\/span><span style=\"font-weight: 400;\"><br \/>\n<\/span><b>Fam\u00edlia:<\/b><span style=\"font-weight: 400;\"> Lager<\/span><span style=\"font-weight: 400;\"><br \/>\n<\/span><b>Estilo: <\/b><span style=\"font-weight: 400;\">American Lager<\/span><span style=\"font-weight: 400;\"><br \/>\n<\/span><b>Teor alco\u00f3lico: <\/b><span style=\"font-weight: 400;\">4,8%<\/span><span style=\"font-weight: 400;\"><br \/>\n<\/span><b>IBU (Amargor): <\/b><span style=\"font-weight: 400;\">25 IBU \u2013 M\u00e9dio<\/span><span style=\"font-weight: 400;\"><br \/>\n<\/span><b>Ingredientes: <\/b><span style=\"font-weight: 400;\">\u00c1gua, malte de cevada, l\u00fapulo e levedura.<\/span><span style=\"font-weight: 400;\"><br \/>\n<\/span><b>Temperatura ideal:<\/b><span style=\"font-weight: 400;\"> 1\u00ba a 4\u00ba<\/span><span style=\"font-weight: 400;\"><br \/>\n<\/span><b>Colora\u00e7\u00e3o:<\/b><span style=\"font-weight: 400;\"> Amarelo palha<\/span><span style=\"font-weight: 400;\"><br \/>\n<\/span><b>Dul\u00e7or:<\/b><span style=\"font-weight: 400;\"> Baixa intensidade<\/span><span style=\"font-weight: 400;\"><br \/>\n<\/span><b>Sugest\u00e3o para uma experi\u00eancia de honra:<\/b><span style=\"font-weight: 400;\"> Harmoniza com hamb\u00fargueres, churrasco e queijos envelhecidos.<\/span><\/p>\n<p><i><span style=\"font-weight: 400;\">Permita-se arriscar em harmoniza\u00e7\u00f5es, a criatividade e os sentidos s\u00e3o infinitos. Busque notar as nuances que surgir\u00e3o com a intera\u00e7\u00e3o entre o alimento e a bebida.<\/span><\/i><i><span style=\"font-weight: 400;\"><br \/>\n<\/span><\/i><i><span style=\"font-weight: 400;\">Teste, arrisque, aprecie, divirta-se!<br \/>\nCompartilhe seu momento com Louvada nas redes sociais, use a hashtag<b> #honre<\/b> e marque a gente <b>@cervejarialouvada.<\/b><\/span><\/i><\/p>\n","protected":false},"excerpt":{"rendered":"<p><span style=\"font-weight: 400;\">Conhecida pelo equil\u00edbrio sensorial, os l\u00fapulos e maltes proporcionam uma <\/span><span style=\"font-weight: 400;\">cerveja leve e balanceada para honrar em todos os momentos. <\/span><span style=\"font-weight: 400;\">Une a leveza de uma lager e o aroma das IPAs americanas.<\/span><\/p>\n<p><b>Cerveja sem gl\u00faten<br \/>\n<\/b><b>Teor alco\u00f3lico:<\/b><span style=\"font-weight: 400;\"> 4,8%<br \/>\n<\/span><b>IBU (Amargor): <\/b><span style=\"font-weight: 400;\">25 IBU \u2013 M\u00e9dio<\/span><span style=\"font-weight: 400;\"><br \/>\n<\/span><b><br \/>\n<\/b><span style=\"font-weight: 400;\"><b>Premia\u00e7\u00f5es<br \/>\n<\/b>Medalha de bronze &#8211; Brasil Beer Cup &#8211; 2024<b><br \/>\n<\/b>Medalha de bronze &#8211; Concurso Brasileiro de Cervejas &#8211; 2024<b><br \/>\n<\/b>Medalha de ouro \u2013 Copa Cerveja Brasil 2024<br \/>\nMedalha de bronze &#8211; Copa Cerveja Brasil 2023<b><br \/>\n<\/b><\/span><span style=\"font-weight: 400;\">Medalha de ouro \u2013 Copa Cerveja Brasil 2023<br \/>\nMedalha de prata &#8211; Copa Cerveja Brasil 2023<br \/>\nMedalha de bronze &#8211; World Beer Awards 2023<b><\/b><br \/>\nMelhor cerveja Hop Lager do Brasil no Concurso Brasileiro de Cervejas &#8211; 2023<br \/>\nMedalha de ouro &#8211; South Beer Cup 2022<br \/>\nMedalha de prata &#8211; World Beer Awards 2022<br \/>\nMedalha de prata &#8211; World Beer Awards 2021<br \/>\nMedalha de bronze &#8211; Concurso Brasileiro da Cerveja 2021<br \/>\nMedalha de prata &#8211; Concurso Brasileiro da Cerveja 2018<\/span><span style=\"font-weight: 400;\"><br \/>\n<\/span><\/p>\n<p><span style=\"font-weight: 400;\">Honre com modera\u00e7\u00e3o<\/span><span style=\"font-weight: 400;\"><br \/>\n<\/span><i><span style=\"font-weight: 400;\">Compartilhe seu momento com Louvada nas redes sociais, use a hashtag<\/span><\/i><b><i> #honre<\/i><\/b><i><span style=\"font-weight: 400;\"> e marque a gente <\/span><\/i><b><i>@cervejarialouvada.<\/i><\/b><i><span style=\"font-weight: 400;\"><br \/>\n<\/span><\/i><i><span style=\"font-weight: 400;\"><br \/>\n<\/span><\/i><b>Compre clicando no bot\u00e3o abaixo<\/b><\/p>\n","protected":false},"featured_media":22152,"comment_status":"open","ping_status":"closed","template":"","meta":[],"product_brand":[],"product_cat":[55,75,58],"product_tag":[91],"class_list":{"0":"post-1166","1":"product","2":"type-product","3":"status-publish","4":"has-post-thumbnail","6":"product_cat-cervejas","7":"product_cat-lager","8":"product_cat-premiadas","9":"product_tag-500ml","11":"first","12":"instock","13":"shipping-taxable","14":"purchasable","15":"product-type-simple"},"_links":{"self":[{"href":"https:\/\/louvada.com.br\/loja\/wp-json\/wp\/v2\/product\/1166","targetHints":{"allow":["GET"]}}],"collection":[{"href":"https:\/\/louvada.com.br\/loja\/wp-json\/wp\/v2\/product"}],"about":[{"href":"https:\/\/louvada.com.br\/loja\/wp-json\/wp\/v2\/types\/product"}],"replies":[{"embeddable":true,"href":"https:\/\/louvada.com.br\/loja\/wp-json\/wp\/v2\/comments?post=1166"}],"wp:featuredmedia":[{"embeddable":true,"href":"https:\/\/louvada.com.br\/loja\/wp-json\/wp\/v2\/media\/22152"}],"wp:attachment":[{"href":"https:\/\/louvada.com.br\/loja\/wp-json\/wp\/v2\/media?parent=1166"}],"wp:term":[{"taxonomy":"product_brand","embeddable":true,"href":"https:\/\/louvada.com.br\/loja\/wp-json\/wp\/v2\/product_brand?post=1166"},{"taxonomy":"product_cat","embeddable":true,"href":"https:\/\/louvada.com.br\/loja\/wp-json\/wp\/v2\/product_cat?post=1166"},{"taxonomy":"product_tag","embeddable":true,"href":"https:\/\/louvada.com.br\/loja\/wp-json\/wp\/v2\/product_tag?post=1166"}],"curies":[{"name":"wp","href":"https:\/\/api.w.org\/{rel}","templated":true}]}}