{"id":1170,"date":"2020-04-08T15:28:06","date_gmt":"2020-04-08T18:28:06","guid":{"rendered":"https:\/\/louvada.com.br\/loja\/?post_type=product&#038;p=1170"},"modified":"2026-05-01T23:01:09","modified_gmt":"2026-05-02T02:01:09","slug":"louvada-weiss-500ml","status":"publish","type":"product","link":"https:\/\/louvada.com.br\/loja\/produto\/louvada-weiss-500ml\/","title":{"rendered":"Louvada Weiss 500ml"},"content":{"rendered":"<p><b>Cerveja: <\/b><span style=\"font-weight: 400;\">Weiss<br \/>\n<\/span><b>Fam\u00edlia: <\/b><span style=\"font-weight: 400;\">Ale<br \/>\n<\/span><b>Estilo:<\/b><span style=\"font-weight: 400;\"> German Hefeweizen<br \/>\n<\/span><b>Teor alco\u00f3lico: <\/b><span style=\"font-weight: 400;\">5,1%<br \/>\n<\/span><b>IBU (Amargor):<\/b><span style=\"font-weight: 400;\"> 10 IBU \u2013 Baixo<br \/>\n<\/span><b>Ingredientes:<\/b><span style=\"font-weight: 400;\"> \u00c1gua, malte de cevada, malte de trigo, l\u00fapulo e levedura.<br \/>\n<\/span><b>Temperatura ideal:<\/b><span style=\"font-weight: 400;\"> 4\u00ba a 6\u00ba<br \/>\n<\/span><b>Colora\u00e7\u00e3o: <\/b><span style=\"font-weight: 400;\">Amarelada para \u00e2mbar<br \/>\n<\/span><b>Dul\u00e7or:<\/b><span style=\"font-weight: 400;\"> M\u00e9dia intensidade<br \/>\n<\/span><b>Sugest\u00e3o para uma experi\u00eancia de honra:<\/b><span style=\"font-weight: 400;\"><span style=\"font-weight: 400;\"> Saladas, carnes su\u00ednas e frutos do mar.<\/span><\/span><\/p>\n<p><i><span style=\"font-weight: 400;\">Permita-se arriscar em harmoniza\u00e7\u00f5es, a criatividade e os sentidos s\u00e3o infinitos. Busque notar as nuances que surgir\u00e3o com a intera\u00e7\u00e3o entre o alimento e a bebida.<\/span><\/i><i><span style=\"font-weight: 400;\"><br \/>\n<\/span><\/i><i><\/i><\/p>\n<p><i><span style=\"font-weight: 400;\">Teste, arrisque, aprecie, divirta-se!<br \/>\nCompartilhe seu momento com Louvada nas redes sociais, use a hashtag<b> #honre<\/b> e marque a gente <b>@cervejarialouvada.<\/b><\/span><\/i><\/p>\n","protected":false},"excerpt":{"rendered":"<p><span style=\"font-weight: 400;\">Um estilo cl\u00e1ssico da escola alem\u00e3, de cor clara, com aromas condimentados (cravo, anis estrelado, cardamomo) e frutados (banana, tutti-frutti), todos oriundos da fermenta\u00e7\u00e3o.<br \/>\n<\/span><span style=\"font-weight: 400;\">Possui amargor baixo e elevada carbonata\u00e7\u00e3o.<\/span><\/p>\n<p><b><br \/>\n<\/b><b>Teor alco\u00f3lico:<\/b><span style=\"font-weight: 400;\"> 5,1%<br \/>\n<\/span><b>IBU (Amargor):<\/b><span style=\"font-weight: 400;\"> 10 IBU \u2013 Baixo<\/span><\/p>\n<p><strong>Premia\u00e7\u00f5es<\/strong><\/p>\n<p>Medalha de ouro &#8211; Copa cerveja Brasil 2023<br \/>\nMedalha de ouro &#8211; Concurso Brasileiro de Cervejas 2022<br \/>\nMedalha de prata \u2013 Brasil Beer Cup 2021<\/p>\n<p><strong>Honre com modera\u00e7\u00e3o<\/strong><span style=\"font-weight: 400;\"><br \/>\n<\/span><i><span style=\"font-weight: 400;\">Compartilhe seu momento com Louvada nas redes sociais, use a hashtag<\/span><\/i><b><i> #honre<\/i><\/b><i><span style=\"font-weight: 400;\"> e marque a gente <\/span><\/i><b><i>@cervejarialouvada.<\/i><\/b><\/p>\n<p><b>Compre clicando no bot\u00e3o abaixo<\/b><\/p>\n","protected":false},"featured_media":16782,"comment_status":"open","ping_status":"closed","template":"","meta":[],"product_brand":[],"product_cat":[55,84,58],"product_tag":[91],"class_list":{"0":"post-1170","1":"product","2":"type-product","3":"status-publish","4":"has-post-thumbnail","6":"product_cat-cervejas","7":"product_cat-trigo","8":"product_cat-premiadas","9":"product_tag-500ml","11":"first","12":"instock","13":"shipping-taxable","14":"purchasable","15":"product-type-simple"},"_links":{"self":[{"href":"https:\/\/louvada.com.br\/loja\/wp-json\/wp\/v2\/product\/1170","targetHints":{"allow":["GET"]}}],"collection":[{"href":"https:\/\/louvada.com.br\/loja\/wp-json\/wp\/v2\/product"}],"about":[{"href":"https:\/\/louvada.com.br\/loja\/wp-json\/wp\/v2\/types\/product"}],"replies":[{"embeddable":true,"href":"https:\/\/louvada.com.br\/loja\/wp-json\/wp\/v2\/comments?post=1170"}],"wp:featuredmedia":[{"embeddable":true,"href":"https:\/\/louvada.com.br\/loja\/wp-json\/wp\/v2\/media\/16782"}],"wp:attachment":[{"href":"https:\/\/louvada.com.br\/loja\/wp-json\/wp\/v2\/media?parent=1170"}],"wp:term":[{"taxonomy":"product_brand","embeddable":true,"href":"https:\/\/louvada.com.br\/loja\/wp-json\/wp\/v2\/product_brand?post=1170"},{"taxonomy":"product_cat","embeddable":true,"href":"https:\/\/louvada.com.br\/loja\/wp-json\/wp\/v2\/product_cat?post=1170"},{"taxonomy":"product_tag","embeddable":true,"href":"https:\/\/louvada.com.br\/loja\/wp-json\/wp\/v2\/product_tag?post=1170"}],"curies":[{"name":"wp","href":"https:\/\/api.w.org\/{rel}","templated":true}]}}