{"id":1171,"date":"2020-04-08T15:30:26","date_gmt":"2020-04-08T18:30:26","guid":{"rendered":"https:\/\/louvada.com.br\/loja\/?post_type=product&#038;p=1171"},"modified":"2026-04-20T16:34:02","modified_gmt":"2026-04-20T19:34:02","slug":"louvada-witibier-500ml","status":"publish","type":"product","link":"https:\/\/louvada.com.br\/loja\/produto\/louvada-witibier-500ml\/","title":{"rendered":"Louvada Witbier 500ml"},"content":{"rendered":"<blockquote><p><b>Cerveja:<\/b><span style=\"font-weight: 400;\"> Louvada Witbier<br \/>\n<\/span><b>Fam\u00edlia: <\/b><span style=\"font-weight: 400;\">Ale<br \/>\n<\/span><b>Estilo: <\/b><span style=\"font-weight: 400;\">Belgian Witbier<br \/>\n<\/span><b>Teor alco\u00f3lico:<\/b><span style=\"font-weight: 400;\">\u00a0 4,3%<br \/>\n<\/span><b>IBU (Amargor):<\/b><span style=\"font-weight: 400;\"> 8 IBU \u2013 Baixo<br \/>\n<\/span><b>Ingredientes:<\/b><span style=\"font-weight: 400;\"> \u00c1gua, malte de cevada, malte de trigo, trigo em flocos, aveia em flocos, casca de ponkan, semente de coentro, l\u00fapulo e levedura.<br \/>\n<\/span><b>Temperatura ideal:<\/b><span style=\"font-weight: 400;\"> 4\u00ba a 6\u00ba<br \/>\n<\/span><b>Colora\u00e7\u00e3o: <\/b><span style=\"font-weight: 400;\">Palha\/Esbranqui\u00e7ada<br \/>\n<\/span><b>Dul\u00e7or:<\/b><span style=\"font-weight: 400;\"> Baixa intensidade<br \/>\n<\/span><b>Sugest\u00e3o para uma experi\u00eancia de honra:<\/b><span style=\"font-weight: 400;\"> Harmoniza com saladas, sushis, temakis e risotos.<\/span><\/p><\/blockquote>\n<p><i><span style=\"font-weight: 400;\">Permita-se arriscar em harmoniza\u00e7\u00f5es, a criatividade e os sentidos s\u00e3o infinitos. Busque notar as nuances que surgir\u00e3o com a intera\u00e7\u00e3o entre o alimento e a bebida.<\/span><\/i><i><span style=\"font-weight: 400;\"><br \/>\n<\/span><\/i><i><span style=\"font-weight: 400;\"><br \/>\n<\/span><\/i><i><span style=\"font-weight: 400;\">Teste, arrisque, aprecie, divirta-se!<br \/>\nCompartilhe seu momento com Louvada nas redes sociais, use a hashtag<b> #honre<\/b> e marque a gente <b>@cervejarialouvada.<\/b><\/span><\/i><\/p>\n","protected":false},"excerpt":{"rendered":"<p><span style=\"font-weight: 400;\">Arom\u00e1tica, saborosa e refrescante. Com adi\u00e7\u00e3o de cascas de ponkan e coentro, a Louvada Witbier \u00e9 inspirada em receitas belgas.<\/span><\/p>\n<p><b>Cerveja sem gl\u00faten<br \/>\n<\/b><b>Teor alco\u00f3lico:<\/b><span style=\"font-weight: 400;\"> 4,3%<br \/>\n<\/span><b>IBU (Amargor): <\/b><span style=\"font-weight: 400;\">8 IBU \u2013 Baixo<\/span><span style=\"font-weight: 400;\"><br \/>\n<\/span><span style=\"font-weight: 400;\"><br \/>\n<\/span><span style=\"font-weight: 400;\">Honre com modera\u00e7\u00e3o<\/span><span style=\"font-weight: 400;\"><br \/>\n<\/span><i><span style=\"font-weight: 400;\">Compartilhe seu momento com Louvada nas redes sociais, use a hashtag<\/span><\/i><b><i> #honre<\/i><\/b><i><span style=\"font-weight: 400;\"> e marque a gente <\/span><\/i><b><i>@cervejarialouvada.<\/i><\/b><\/p>\n<p><i><\/i><b>Compre clicando no bot\u00e3o abaixo<\/b><b><br \/>\n<\/b><\/p>\n","protected":false},"featured_media":21083,"comment_status":"open","ping_status":"closed","template":"","meta":[],"product_brand":[],"product_cat":[55,84],"product_tag":[91],"class_list":{"0":"post-1171","1":"product","2":"type-product","3":"status-publish","4":"has-post-thumbnail","6":"product_cat-cervejas","7":"product_cat-trigo","8":"product_tag-500ml","10":"first","11":"instock","12":"shipping-taxable","13":"purchasable","14":"product-type-simple"},"_links":{"self":[{"href":"https:\/\/louvada.com.br\/loja\/wp-json\/wp\/v2\/product\/1171","targetHints":{"allow":["GET"]}}],"collection":[{"href":"https:\/\/louvada.com.br\/loja\/wp-json\/wp\/v2\/product"}],"about":[{"href":"https:\/\/louvada.com.br\/loja\/wp-json\/wp\/v2\/types\/product"}],"replies":[{"embeddable":true,"href":"https:\/\/louvada.com.br\/loja\/wp-json\/wp\/v2\/comments?post=1171"}],"wp:featuredmedia":[{"embeddable":true,"href":"https:\/\/louvada.com.br\/loja\/wp-json\/wp\/v2\/media\/21083"}],"wp:attachment":[{"href":"https:\/\/louvada.com.br\/loja\/wp-json\/wp\/v2\/media?parent=1171"}],"wp:term":[{"taxonomy":"product_brand","embeddable":true,"href":"https:\/\/louvada.com.br\/loja\/wp-json\/wp\/v2\/product_brand?post=1171"},{"taxonomy":"product_cat","embeddable":true,"href":"https:\/\/louvada.com.br\/loja\/wp-json\/wp\/v2\/product_cat?post=1171"},{"taxonomy":"product_tag","embeddable":true,"href":"https:\/\/louvada.com.br\/loja\/wp-json\/wp\/v2\/product_tag?post=1171"}],"curies":[{"name":"wp","href":"https:\/\/api.w.org\/{rel}","templated":true}]}}