{"id":1172,"date":"2020-04-08T15:34:05","date_gmt":"2020-04-08T18:34:05","guid":{"rendered":"https:\/\/louvada.com.br\/loja\/?post_type=product&#038;p=1172"},"modified":"2026-05-02T18:01:52","modified_gmt":"2026-05-02T21:01:52","slug":"louvada-vienna-500ml","status":"publish","type":"product","link":"https:\/\/louvada.com.br\/loja\/produto\/louvada-vienna-500ml\/","title":{"rendered":"Louvada Vienna 500ml"},"content":{"rendered":"<p><b>Cerveja: <\/b><span style=\"font-weight: 400\">Louvada Vienna<br \/>\n<\/span><b>Fam\u00edlia:<\/b><span style=\"font-weight: 400\"> Lager<br \/>\n<\/span><b>Estilo:<\/b><span style=\"font-weight: 400\"> Vienna<br \/>\n<\/span><b>Teor alco\u00f3lico:<\/b><span style=\"font-weight: 400\">\u00a0 5,4%<br \/>\n<\/span><b>IBU (Amargor):<\/b><span style=\"font-weight: 400\"> 25 IBU \u2013 Baixo<br \/>\n<\/span><b>Ingredientes:<\/b><span style=\"font-weight: 400\"> \u00c1gua, malte de cevada, l\u00fapulo e levedura.<br \/>\n<\/span><b>Temperatura ideal: <\/b><span style=\"font-weight: 400\">2\u00ba a 6\u00ba<br \/>\n<\/span><b>Colora\u00e7\u00e3o:<\/b><span style=\"font-weight: 400\"> \u00c2mbar<br \/>\n<\/span><b>Dul\u00e7or: <\/b><span style=\"font-weight: 400\">Presente<br \/>\n<\/span><b>Sugest\u00e3o para uma experi\u00eancia de honra:<\/b><span style=\"font-weight: 400\"> Harmoniza com hamb\u00fargueres, queijos mais fortes e carnes vermelhas.<\/span><\/p>\n<p><i><span style=\"font-weight: 400\">Permita-se arriscar em harmoniza\u00e7\u00f5es, a criatividade e os sentidos s\u00e3o infinitos. Busque notar as nuances que surgir\u00e3o com a intera\u00e7\u00e3o entre o alimento e a bebida.<\/span><\/i><i><span style=\"font-weight: 400\"><br \/>\n<\/span><\/i><i><\/i><\/p>\n<p><i><span style=\"font-weight: 400\">Teste, arrisque, aprecie, divirta-se!<br \/>\nCompartilhe seu momento com Louvada nas redes sociais, use a hashtag<b> #honre<\/b> e marque a gente <b>@cervejarialouvada.<\/b><\/span><\/i><\/p>\n","protected":false},"excerpt":{"rendered":"<p><span style=\"font-weight: 400\">De colora\u00e7\u00e3o \u00e2mbar, carbonata\u00e7\u00e3o moderada e espuma evidente, a Louvada Vienna \u00e9 saborosa pelo equil\u00edbrio perfeito de malte e l\u00fapulo, al\u00e9m de um suave dul\u00e7or de biscoito ao final.<\/span><span style=\"font-weight: 400\"><br \/>\n<\/span><span style=\"font-weight: 400\"><br \/>\n<\/span><b>Cerveja sem gl\u00faten<\/b><span style=\"font-weight: 400\"><br \/>\n<\/span><b>Teor alco\u00f3lico:<\/b><span style=\"font-weight: 400\"> 5,4%<\/span><span style=\"font-weight: 400\"><br \/>\n<\/span><b>IBU (Amargor):<\/b><span style=\"font-weight: 400\"> 25 IBU \u2013 Baixo<\/span><\/p>\n<p><b>Premia\u00e7\u00f5es<br \/>\n<span style=\"font-weight: 400\">Medalha de bronze &#8211; Brasil Beer Cup 2024<\/span><br \/>\n<span style=\"font-weight: 400\">Medalha de prata &#8211; Copa cerveja Brasil 2024<\/span><br \/>\n<span style=\"font-weight: 400\">Medalha de prata &#8211; Copa cerveja Brasil 2024<\/span><br \/>\n<\/b><span style=\"font-weight: 400\">Medalha de bronze &#8211; Concurso Brasileiro de Cerveja 2024<br \/>\n<\/span><span style=\"font-weight: 400\">Medalha de prata &#8211; Copa cerveja Brasil 2023<br \/>\nMedalha de ouro &#8211; Copa cerveja Brasil 2019<\/span><\/p>\n<p><span style=\"font-weight: 400\">Honre com modera\u00e7\u00e3o<\/span><span style=\"font-weight: 400\"><br \/>\n<\/span><i><span style=\"font-weight: 400\">Compartilhe seu momento com Louvada nas redes sociais, use a hashtag<\/span><\/i><b><i> #honre<\/i><\/b><i><span style=\"font-weight: 400\"> e marque a gente <\/span><\/i><b><i>@cervejarialouvada.<\/i><\/b><\/p>\n<p><b>Compre clicando no bot\u00e3o abaixo<\/b><\/p>\n","protected":false},"featured_media":23218,"comment_status":"open","ping_status":"closed","template":"","meta":[],"product_brand":[],"product_cat":[55,75,58],"product_tag":[91],"class_list":{"0":"post-1172","1":"product","2":"type-product","3":"status-publish","4":"has-post-thumbnail","6":"product_cat-cervejas","7":"product_cat-lager","8":"product_cat-premiadas","9":"product_tag-500ml","11":"first","12":"instock","13":"shipping-taxable","14":"purchasable","15":"product-type-simple"},"_links":{"self":[{"href":"https:\/\/louvada.com.br\/loja\/wp-json\/wp\/v2\/product\/1172","targetHints":{"allow":["GET"]}}],"collection":[{"href":"https:\/\/louvada.com.br\/loja\/wp-json\/wp\/v2\/product"}],"about":[{"href":"https:\/\/louvada.com.br\/loja\/wp-json\/wp\/v2\/types\/product"}],"replies":[{"embeddable":true,"href":"https:\/\/louvada.com.br\/loja\/wp-json\/wp\/v2\/comments?post=1172"}],"wp:featuredmedia":[{"embeddable":true,"href":"https:\/\/louvada.com.br\/loja\/wp-json\/wp\/v2\/media\/23218"}],"wp:attachment":[{"href":"https:\/\/louvada.com.br\/loja\/wp-json\/wp\/v2\/media?parent=1172"}],"wp:term":[{"taxonomy":"product_brand","embeddable":true,"href":"https:\/\/louvada.com.br\/loja\/wp-json\/wp\/v2\/product_brand?post=1172"},{"taxonomy":"product_cat","embeddable":true,"href":"https:\/\/louvada.com.br\/loja\/wp-json\/wp\/v2\/product_cat?post=1172"},{"taxonomy":"product_tag","embeddable":true,"href":"https:\/\/louvada.com.br\/loja\/wp-json\/wp\/v2\/product_tag?post=1172"}],"curies":[{"name":"wp","href":"https:\/\/api.w.org\/{rel}","templated":true}]}}