{"id":1177,"date":"2020-04-08T16:22:03","date_gmt":"2020-04-08T19:22:03","guid":{"rendered":"https:\/\/louvada.com.br\/loja\/?post_type=product&#038;p=1177"},"modified":"2026-04-29T15:32:43","modified_gmt":"2026-04-29T18:32:43","slug":"benedita-500ml","status":"publish","type":"product","link":"https:\/\/louvada.com.br\/loja\/produto\/benedita-500ml\/","title":{"rendered":"Louvada Benedita 500ml"},"content":{"rendered":"<p><b>Cerveja: <\/b><span style=\"font-weight: 400;\">Benedita<\/span><span style=\"font-weight: 400;\"><br \/>\n<\/span><b>Fam\u00edlia:<\/b><span style=\"font-weight: 400;\"> Ale<\/span><span style=\"font-weight: 400;\"><br \/>\n<\/span><b>Estilo:<\/b><span style=\"font-weight: 400;\"> American Stout<\/span><span style=\"font-weight: 400;\"><br \/>\n<\/span><b>Teor alco\u00f3lico: <\/b><span style=\"font-weight: 400;\">6,5%<\/span><span style=\"font-weight: 400;\"><br \/>\n<\/span><b>IBU (Amargor):<\/b><span style=\"font-weight: 400;\"> 65 IBU \u2013 Alto<\/span><span style=\"font-weight: 400;\"><br \/>\n<\/span><b>Ingredientes:<\/b><span style=\"font-weight: 400;\"> \u00c1gua, malte de cevada, furrundu, l\u00fapulo e levedura.<\/span><span style=\"font-weight: 400;\"><br \/>\n<\/span><b>Temperatura ideal:<\/b><span style=\"font-weight: 400;\"> 4\u00ba a 8\u00ba<\/span><span style=\"font-weight: 400;\"><br \/>\n<\/span><b>Colora\u00e7\u00e3o:<\/b><span style=\"font-weight: 400;\"> Preta<\/span><span style=\"font-weight: 400;\"><br \/>\n<\/span><b>Dul\u00e7or: <\/b><span style=\"font-weight: 400;\">Baixa intensidade<\/span><span style=\"font-weight: 400;\"><br \/>\n<\/span><b>Sugest\u00e3o para uma experi\u00eancia de honra: <\/b><span style=\"font-weight: 400;\">Harmoniza com sobremesas \u00e0 base de chocolates<\/span><\/p>\n<p><span style=\"font-weight: 400;\">Permita-se arriscar em harmoniza\u00e7\u00f5es, a criatividade e os sentidos s\u00e3o infinitos. Busque notar as nuances que surgir\u00e3o com a intera\u00e7\u00e3o entre o alimento e a bebida.<br \/>\n<\/span><\/p>\n<p><span style=\"font-weight: 400;\">Teste, arrisque, aprecie, divirta-se!<br \/>\n<\/span><i><\/i><i><span style=\"font-weight: 400;\">Compartilhe seu momento com Louvada nas redes sociais, use a hashtag<\/span><\/i><b><i> #honre<\/i><\/b><i><span style=\"font-weight: 400;\"> e marque a gente <\/span><\/i><b><i>@cervejarialouvada.<\/i><\/b><\/p>\n","protected":false},"excerpt":{"rendered":"<p><span style=\"font-weight: 400;\">Cerveja do estilo American Stout com adi\u00e7\u00e3o de furrundu, doce t\u00edpico Cuiabano. <\/span><span style=\"font-weight: 400;\">De colora\u00e7\u00e3o preta e espuma persistente, esta cerveja apresenta notas de cacau, am\u00eandoas e caf\u00e9 com leite. Com amargor, corpo e teor alco\u00f3lico intermedi\u00e1rios, seu equil\u00edbrio est\u00e1 nos maltes caramelizados e tostados, que resultam em uma cerveja complexa e maltada.<\/span><span style=\"font-weight: 400;\"><br \/>\n<\/span><span style=\"font-weight: 400;\"><br \/>\n<\/span><b>Cerveja sem gl\u00faten<\/b><span style=\"font-weight: 400;\"><br \/>\n<\/span><b>Teor alco\u00f3lico: <\/b><span style=\"font-weight: 400;\">6,5%<\/span><span style=\"font-weight: 400;\"><br \/>\n<\/span><b>IBU (Amargor):<\/b><span style=\"font-weight: 400;\"> 65 IBU \u2013 Alto<\/span><\/p>\n<p class=\"p1\"><b>Premia\u00e7\u00f5es<br \/>\n<\/b><span style=\"font-weight: 400;\">Medalha de bronze &#8211; Brasil Beer Cup 2024<br \/>\nMedalha de prata &#8211; Copa Cerveja Brasil 2023<br \/>\nMedalha de ouro &#8211; Copa Cerveja Brasil 2023<br \/>\nMedalha de bronze \u2013 Brasil Beer Cup 2021<br \/>\nMedalha de bronze &#8211; Concurso Brasileiro da Cerveja 2021<br \/>\nMedalha de bronze &#8211; Concurso Brasileiro da Cerveja 2020<br \/>\nMedalha de bronze &#8211; Copa Am\u00e9rica da Cerveja 2018<br \/>\nMedalha de bronze &#8211; Concurso Brasileiro da Cerveja 2015<\/span><\/p>\n<p class=\"p1\"><span style=\"font-weight: 400;\"><br \/>\n<\/span><span style=\"font-weight: 400;\">Honre com modera\u00e7\u00e3o<\/span><span style=\"font-weight: 400;\"><br \/>\n<\/span><i><span style=\"font-weight: 400;\">Compartilhe seu momento com Louvada nas redes sociais, use a hashtag<\/span><\/i><b><i> #honre<\/i><\/b><i><span style=\"font-weight: 400;\"> e marque a gente <\/span><\/i><b><i>@cervejarialouvada.<\/i><\/b><i><span style=\"font-weight: 400;\"><br \/>\n<\/span><\/i><i><span style=\"font-weight: 400;\"><br \/>\n<\/span><\/i><b>Compre clicando no bot\u00e3o abaixo<\/b><span style=\"font-weight: 400;\"><br \/>\n<\/span><\/p>\n","protected":false},"featured_media":22164,"comment_status":"open","ping_status":"closed","template":"","meta":[],"product_brand":[],"product_cat":[55,68,58],"product_tag":[91],"class_list":{"0":"post-1177","1":"product","2":"type-product","3":"status-publish","4":"has-post-thumbnail","6":"product_cat-cervejas","7":"product_cat-escuras","8":"product_cat-premiadas","9":"product_tag-500ml","11":"first","12":"instock","13":"shipping-taxable","14":"purchasable","15":"product-type-simple"},"_links":{"self":[{"href":"https:\/\/louvada.com.br\/loja\/wp-json\/wp\/v2\/product\/1177","targetHints":{"allow":["GET"]}}],"collection":[{"href":"https:\/\/louvada.com.br\/loja\/wp-json\/wp\/v2\/product"}],"about":[{"href":"https:\/\/louvada.com.br\/loja\/wp-json\/wp\/v2\/types\/product"}],"replies":[{"embeddable":true,"href":"https:\/\/louvada.com.br\/loja\/wp-json\/wp\/v2\/comments?post=1177"}],"wp:featuredmedia":[{"embeddable":true,"href":"https:\/\/louvada.com.br\/loja\/wp-json\/wp\/v2\/media\/22164"}],"wp:attachment":[{"href":"https:\/\/louvada.com.br\/loja\/wp-json\/wp\/v2\/media?parent=1177"}],"wp:term":[{"taxonomy":"product_brand","embeddable":true,"href":"https:\/\/louvada.com.br\/loja\/wp-json\/wp\/v2\/product_brand?post=1177"},{"taxonomy":"product_cat","embeddable":true,"href":"https:\/\/louvada.com.br\/loja\/wp-json\/wp\/v2\/product_cat?post=1177"},{"taxonomy":"product_tag","embeddable":true,"href":"https:\/\/louvada.com.br\/loja\/wp-json\/wp\/v2\/product_tag?post=1177"}],"curies":[{"name":"wp","href":"https:\/\/api.w.org\/{rel}","templated":true}]}}