{"id":1178,"date":"2020-04-08T16:25:44","date_gmt":"2020-04-08T19:25:44","guid":{"rendered":"https:\/\/louvada.com.br\/loja\/?post_type=product&#038;p=1178"},"modified":"2026-04-28T14:37:53","modified_gmt":"2026-04-28T17:37:53","slug":"dark-side","status":"publish","type":"product","link":"https:\/\/louvada.com.br\/loja\/produto\/dark-side\/","title":{"rendered":"Dark Side 355ml"},"content":{"rendered":"<p><b>Cerveja:<\/b><span style=\"font-weight: 400\"> Dark Side<\/span><span style=\"font-weight: 400\"><br \/>\n<\/span><b>Fam\u00edlia: <\/b><span style=\"font-weight: 400\">Ale<\/span><span style=\"font-weight: 400\"><br \/>\n<\/span><b>Estilo:<\/b><span style=\"font-weight: 400\"> Russian Imperial Stout<\/span><span style=\"font-weight: 400\"><br \/>\n<\/span><b>Teor alco\u00f3lico: <\/b><span style=\"font-weight: 400\">8,5%<\/span><span style=\"font-weight: 400\"><br \/>\n<\/span><b>IBU (Amargor): <\/b><span style=\"font-weight: 400\">45 IBU \u2013 Alto<\/span><span style=\"font-weight: 400\"><br \/>\n<\/span><b>Ingredientes:<\/b><span style=\"font-weight: 400\"> \u00c1gua, malte de cevada, aveia em floco, baunilha, a\u00e7\u00facar mascavo, l\u00fapulo e levedura.<\/span><span style=\"font-weight: 400\"><br \/>\n<\/span><b>Temperatura ideal:<\/b><span style=\"font-weight: 400\"> 8\u00ba a 12\u00ba<\/span><span style=\"font-weight: 400\"><br \/>\n<\/span><b>Colora\u00e7\u00e3o:<\/b><span style=\"font-weight: 400\"> Preta<\/span><span style=\"font-weight: 400\"><br \/>\n<\/span><b>Dul\u00e7or:<\/b><span style=\"font-weight: 400\"> M\u00e9dia intensidade<\/span><span style=\"font-weight: 400\"><br \/>\n<\/span><b>Sugest\u00e3o para uma experi\u00eancia de honra: <\/b><span style=\"font-weight: 400\">Harmoniza com sobremesas \u00e0 base de chocolates<\/span><\/p>\n<p><i><span style=\"font-weight: 400\">Permita-se arriscar em harmoniza\u00e7\u00f5es, a criatividade e os sentidos s\u00e3o infinitos. Busque notar as nuances que surgir\u00e3o com a intera\u00e7\u00e3o entre o alimento e a bebida.<\/span><\/i><i><span style=\"font-weight: 400\"><br \/>\n<\/span><\/i><i><span style=\"font-weight: 400\"><br \/>\n<\/span><\/i><i><span style=\"font-weight: 400\">Teste, arrisque, aprecie, divirta-se!<br \/>\nCompartilhe seu momento com Louvada nas redes sociais, use a hashtag<b> #honre<\/b> e marque a gente <b>@cervejarialouvada.<\/b><\/span><\/i><\/p>\n","protected":false},"excerpt":{"rendered":"<p><span style=\"font-weight: 400\">Uma leg\u00edtima Russian Imperial Stout de alto teor alco\u00f3lico e m\u00e9dio amargor, \u00e9 maturada em barril de amburana, e tem em sua composi\u00e7\u00e3o a\u00e7\u00facar mascavo e favas de baunilha.<\/span><span style=\"font-weight: 400\"><br \/>\n<\/span><span style=\"font-weight: 400\"><br \/>\n<\/span><b>Cerveja sem gl\u00faten<br \/>\n<\/b><b>Teor alco\u00f3lico:<\/b><span style=\"font-weight: 400\"> 8,5%<\/span><span style=\"font-weight: 400\"><br \/>\n<\/span><b>IBU (Amargor):<\/b><span style=\"font-weight: 400\"> 45 IBU \u2013 Alto<\/span><\/p>\n<p><b>Premia\u00e7\u00f5es<\/b><span style=\"font-weight: 400\"><br \/>\n<\/span><b><span style=\"font-weight: 400\">Medalha de Ouro &#8211; Copa cerveja Brasil 2024<\/span><br \/>\n<\/b><span style=\"font-weight: 400\">Medalha de Ouro &#8211; Copa cerveja Brasil 2024<br \/>\nMedalha de bronze &#8211; Copa cerveja Brasil 2023<br \/>\nMedalha de bronze &#8211; Brasil Beer Cup 2022<br \/>\n<\/span><span style=\"font-weight: 400\">Medalha de ouro &#8211; Concurso Brasileiro da Cerveja 2016<\/span><\/p>\n<p><span style=\"font-weight: 400\">Honre com modera\u00e7\u00e3o<\/span><span style=\"font-weight: 400\"><br \/>\n<\/span><i><span style=\"font-weight: 400\">Compartilhe seu momento com Louvada nas redes sociais, use a hashtag<\/span><\/i><b><i> #honre<\/i><\/b><i><span style=\"font-weight: 400\"> e marque a gente <\/span><\/i><b><i>@cervejarialouvada.<\/i><\/b><i><span style=\"font-weight: 400\"><br \/>\n<\/span><\/i><i><span style=\"font-weight: 400\"><br \/>\n<\/span><\/i><b>Compre clicando no bot\u00e3o abaixo<\/b><span style=\"font-weight: 400\"><br \/>\n<\/span><\/p>\n","protected":false},"featured_media":22148,"comment_status":"open","ping_status":"closed","template":"","meta":[],"product_brand":[],"product_cat":[15],"product_tag":[],"class_list":{"0":"post-1178","1":"product","2":"type-product","3":"status-publish","4":"has-post-thumbnail","6":"product_cat-sem-categoria","8":"first","9":"instock","10":"shipping-taxable","11":"purchasable","12":"product-type-simple"},"_links":{"self":[{"href":"https:\/\/louvada.com.br\/loja\/wp-json\/wp\/v2\/product\/1178","targetHints":{"allow":["GET"]}}],"collection":[{"href":"https:\/\/louvada.com.br\/loja\/wp-json\/wp\/v2\/product"}],"about":[{"href":"https:\/\/louvada.com.br\/loja\/wp-json\/wp\/v2\/types\/product"}],"replies":[{"embeddable":true,"href":"https:\/\/louvada.com.br\/loja\/wp-json\/wp\/v2\/comments?post=1178"}],"wp:featuredmedia":[{"embeddable":true,"href":"https:\/\/louvada.com.br\/loja\/wp-json\/wp\/v2\/media\/22148"}],"wp:attachment":[{"href":"https:\/\/louvada.com.br\/loja\/wp-json\/wp\/v2\/media?parent=1178"}],"wp:term":[{"taxonomy":"product_brand","embeddable":true,"href":"https:\/\/louvada.com.br\/loja\/wp-json\/wp\/v2\/product_brand?post=1178"},{"taxonomy":"product_cat","embeddable":true,"href":"https:\/\/louvada.com.br\/loja\/wp-json\/wp\/v2\/product_cat?post=1178"},{"taxonomy":"product_tag","embeddable":true,"href":"https:\/\/louvada.com.br\/loja\/wp-json\/wp\/v2\/product_tag?post=1178"}],"curies":[{"name":"wp","href":"https:\/\/api.w.org\/{rel}","templated":true}]}}