{"id":12630,"date":"2025-08-08T10:07:35","date_gmt":"2025-08-08T13:07:35","guid":{"rendered":"https:\/\/louvada.com.br\/loja\/?post_type=product&#038;p=12630"},"modified":"2025-12-12T09:11:03","modified_gmt":"2025-12-12T12:11:03","slug":"pack-louvada-pilsen-355ml-12-unidades","status":"publish","type":"product","link":"https:\/\/louvada.com.br\/loja\/produto\/pack-louvada-pilsen-355ml-12-unidades\/","title":{"rendered":"Pack Louvada Pilsen 355ml &#8211; 12 unidades"},"content":{"rendered":"<blockquote><p><b>Fam\u00edlia:<\/b><span style=\"font-weight: 400\"> Lager<br \/>\n<\/span><b>Estilo: <\/b><span style=\"font-weight: 400\">Premium Lager<br \/>\n<\/span><b>Teor alco\u00f3lico:<\/b><span style=\"font-weight: 400\"> 4,8%<br \/>\n<\/span><b>IBU (Amargor):<\/b><span style=\"font-weight: 400\"> 13 IBU \u2013 Baixo<br \/>\n<\/span><b>Ingredientes:<\/b><span style=\"font-weight: 400\"> \u00c1gua, malte de cevada, l\u00fapulo e levedura.<br \/>\n<\/span><b>Temperatura ideal:<\/b><span style=\"font-weight: 400\"> 1\u00ba a 4\u00ba<br \/>\n<\/span><b>Colora\u00e7\u00e3o:<\/b><span style=\"font-weight: 400\"> Amarelo palha<br \/>\n<\/span><b>Dul\u00e7or:<\/b><span style=\"font-weight: 400\"> Baixa intensidade<br \/>\n<\/span><b>Sugest\u00e3o para uma experi\u00eancia de honra:<\/b><span style=\"font-weight: 400\"> Harmoniza com saladas, massas e carnes brancas.<\/span><\/p><\/blockquote>\n<p><i><span style=\"font-weight: 400\">Permita-se arriscar em harmoniza\u00e7\u00f5es, a criatividade e os sentidos s\u00e3o infinitos. Busque notar as nuances que surgir\u00e3o com a intera\u00e7\u00e3o entre o alimento e a bebida.<\/span><\/i><i><span style=\"font-weight: 400\"><br \/>\n<\/span><\/i><i><span style=\"font-weight: 400\">Teste, arrisque, aprecie, divirta-se!<\/span><\/i><i><span style=\"font-weight: 400\"><br \/>\n<\/span><\/i><span style=\"font-weight: 400\"><i>Compartilhe seu momento com Louvada nas redes sociais, use a hashtag<\/i><b><i> #honre<\/i><\/b><i> e marque a gente <\/i><b><i>@cervejarialouvada.<\/i><\/b><\/span><\/p>\n","protected":false},"excerpt":{"rendered":"<p><span style=\"font-weight: 400\">A Louvada Pilsen \u00e9 uma cerveja puro malte, delicada e clara. <\/span><span style=\"font-weight: 400\">Uma cerveja de baixa fermenta\u00e7\u00e3o e baixo amargor, com aromas e sutis sabores de panifica\u00e7\u00e3o, biscoito cracker e cereais. <\/span><span style=\"font-weight: 400\">Perfeita para os dias de calor e para celebrar momentos de honra.<\/span><\/p>\n<p><b>Cerveja sem gl\u00faten<\/b><span style=\"font-weight: 400\"><br \/>\n<\/span><b>Teor alco\u00f3lico: <\/b><span style=\"font-weight: 400\">4,8%<br \/>\n<\/span><b>IBU (Amargor): <\/b><span style=\"font-weight: 400\">13 IBU \u2013 Baixo<\/span><\/p>\n<p><b>Premia\u00e7\u00f5es<br \/>\n<\/b>Medalha de bronze &#8211; Copa Cerveja Brasil 2024<b><br \/>\n<\/b>Medalha de ouro &#8211; World Beer Awards 2023<b><br \/>\n<\/b><span style=\"font-weight: 400\">Medalha de prata &#8211; World Beer Awards 2021<\/span><\/p>\n<p><span style=\"font-weight: 400\">Honre com modera\u00e7\u00e3o.\u00a0<\/span><\/p>\n<p><span style=\"font-weight: 400\">A imagem da pack preta \u00e9 meramente ilustrativa. A cor pode variar conforme o nosso estoque.<\/span><\/p>\n<p><span style=\"font-weight: 400\"><br \/>\n<i>Compartilhe seu momento com Louvada nas redes sociais, use a hashtag<\/i><b><i> #honre<\/i><\/b><i> e marque a gente <\/i><b><i>@cervejarialouvada.<\/i><\/b><i><br \/>\n<\/i><i><br \/>\n<\/i><b>Compre clicando no bot\u00e3o abaixo<\/b><\/span><\/p>\n","protected":false},"featured_media":22485,"comment_status":"open","ping_status":"closed","template":"","meta":[],"product_brand":[],"product_cat":[96,56,75],"product_tag":[90,100],"class_list":{"0":"post-12630","1":"product","2":"type-product","3":"status-publish","4":"has-post-thumbnail","6":"product_cat-caixa","7":"product_cat-packs","8":"product_cat-lager","9":"product_tag-355ml","10":"product_tag-long-neck","12":"first","13":"instock","14":"shipping-taxable","15":"purchasable","16":"product-type-woosb"},"_links":{"self":[{"href":"https:\/\/louvada.com.br\/loja\/wp-json\/wp\/v2\/product\/12630","targetHints":{"allow":["GET"]}}],"collection":[{"href":"https:\/\/louvada.com.br\/loja\/wp-json\/wp\/v2\/product"}],"about":[{"href":"https:\/\/louvada.com.br\/loja\/wp-json\/wp\/v2\/types\/product"}],"replies":[{"embeddable":true,"href":"https:\/\/louvada.com.br\/loja\/wp-json\/wp\/v2\/comments?post=12630"}],"wp:featuredmedia":[{"embeddable":true,"href":"https:\/\/louvada.com.br\/loja\/wp-json\/wp\/v2\/media\/22485"}],"wp:attachment":[{"href":"https:\/\/louvada.com.br\/loja\/wp-json\/wp\/v2\/media?parent=12630"}],"wp:term":[{"taxonomy":"product_brand","embeddable":true,"href":"https:\/\/louvada.com.br\/loja\/wp-json\/wp\/v2\/product_brand?post=12630"},{"taxonomy":"product_cat","embeddable":true,"href":"https:\/\/louvada.com.br\/loja\/wp-json\/wp\/v2\/product_cat?post=12630"},{"taxonomy":"product_tag","embeddable":true,"href":"https:\/\/louvada.com.br\/loja\/wp-json\/wp\/v2\/product_tag?post=12630"}],"curies":[{"name":"wp","href":"https:\/\/api.w.org\/{rel}","templated":true}]}}