{"id":12638,"date":"2022-06-15T15:23:04","date_gmt":"2022-06-15T18:23:04","guid":{"rendered":"https:\/\/louvada.com.br\/loja\/?post_type=product&#038;p=12638"},"modified":"2026-03-31T09:48:09","modified_gmt":"2026-03-31T12:48:09","slug":"pack-louvada-apa-500ml-12-unidades","status":"publish","type":"product","link":"https:\/\/louvada.com.br\/loja\/produto\/pack-louvada-apa-500ml-12-unidades\/","title":{"rendered":"Pack Louvada APA 500ml &#8211; 12 unidades"},"content":{"rendered":"<ol>\n<li><b>Cerveja:<\/b><span style=\"font-weight: 400\"> Louvada APA<\/span><span style=\"font-weight: 400\"><br \/>\n<\/span><b>Fam\u00edlia:<\/b><span style=\"font-weight: 400\"> Ale<\/span><span style=\"font-weight: 400\"><br \/>\n<\/span><b>Estilo:<\/b><span style=\"font-weight: 400\"> American Pale Ale<\/span><span style=\"font-weight: 400\"><br \/>\n<\/span><b>Teor alco\u00f3lico:<\/b><span style=\"font-weight: 400\">\u00a0 5,1%<\/span><span style=\"font-weight: 400\"><br \/>\n<\/span><b>IBU (Amargor): <\/b><span style=\"font-weight: 400\">45 IBU \u2013 M\u00e9dio<\/span><span style=\"font-weight: 400\"><br \/>\n<\/span><b>Ingredientes:<\/b><span style=\"font-weight: 400\"> \u00c1gua, malte de cevada, l\u00fapulo e levedura.<\/span><span style=\"font-weight: 400\"><br \/>\n<\/span><b>Temperatura ideal:<\/b><span style=\"font-weight: 400\"> 4\u00ba a 8\u00ba<\/span><span style=\"font-weight: 400\"><br \/>\n<\/span><b>Colora\u00e7\u00e3o:<\/b><span style=\"font-weight: 400\"> Acobreada<\/span><span style=\"font-weight: 400\"><br \/>\n<\/span><b>Dul\u00e7or:<\/b><span style=\"font-weight: 400\"> Baixa intensidade<\/span><span style=\"font-weight: 400\"><br \/>\n<\/span><b>Sugest\u00e3o para uma experi\u00eancia de honra: <\/b><span style=\"font-weight: 400\">Harmoniza com queijos maturados, hamb\u00fargueres com queijos fortes e embutidos.<\/span><\/li>\n<\/ol>\n<p><i><span style=\"font-weight: 400\">Permita-se arriscar em harmoniza\u00e7\u00f5es, a criatividade e os sentidos s\u00e3o infinitos. Busque notar as nuances que surgir\u00e3o com a intera\u00e7\u00e3o entre o alimento e a bebida.<\/span><\/i><i><span style=\"font-weight: 400\"><br \/>\n<\/span><\/i><i><span style=\"font-weight: 400\">Teste, arrisque, aprecie, divirta-se!<br \/>\nCompartilhe seu momento com Louvada nas redes sociais, use a hashtag<b> #honre<\/b> e marque a gente <b>@cervejarialouvada.<\/b><\/span><\/i><\/p>\n","protected":false},"excerpt":{"rendered":"<p class=\"p1\"><span style=\"font-weight: 400\">Arom\u00e1tica, acobreada e marcante. A Louvada APA faz jus ao estilo, apresentando equil\u00edbrio sensorial entre os l\u00fapulos e a levedura utilizada, que trazem aromas que remetem a frutas tropicais.<\/span><span style=\"font-weight: 400\"><br \/>\n<\/span><b><\/b><\/p>\n<p class=\"p1\"><b>Cerveja sem gl\u00faten<\/b><span style=\"font-weight: 400\"><br \/>\n<\/span><b>Teor alco\u00f3lico: <\/b><span style=\"font-weight: 400\">5,1%<\/span><span style=\"font-weight: 400\"><br \/>\n<\/span><b>IBU (Amargor):<\/b><span style=\"font-weight: 400\"> 45 IBU \u2013 M\u00e9dio<\/span><\/p>\n<p class=\"p1\"><span style=\"font-weight: 400\"><br \/>\n<\/span><span style=\"font-weight: 400\"><strong>Premia\u00e7\u00f5es<\/strong><br \/>\n<\/span><\/p>\n<p class=\"p1\">Medalha de prata \u2013 Copa cerveja Brasil 2023<br \/>\nMedalha de ouro \u2013 Brasil Beer Cup 2023<br \/>\nMedalha de bronze \u2013 Brasil Beer Cup 2022<br \/>\nMedalha de bronze \u2013 Brasil Beer Cup 2021<br \/>\nMedalha de bronze \u2013 Copa Cerveja Brasil 2024<br \/>\nMedalha de Prata \u2013 Brasil Beer Cup 2024<\/p>\n<p class=\"p1\"><span style=\"font-weight: 400\">\u00a0<\/span><\/p>\n<p class=\"p1\"><span style=\"font-weight: 400\">Honre com modera\u00e7\u00e3o<\/span><\/p>\n<p class=\"p1\"><span style=\"font-weight: 400\">A imagem da pack preta \u00e9 meramente ilustrativa. A cor pode variar conforme o nosso estoque.<\/span><\/p>\n<p class=\"p1\"><i><span style=\"font-weight: 400\">Compartilhe seu momento com Louvada nas redes sociais, use a hashtag<\/span><\/i><b><i> #honre<\/i><\/b><i><span style=\"font-weight: 400\"> e marque a gente <\/span><\/i><b><i>@cervejarialouvada.<\/i><\/b><i><span style=\"font-weight: 400\"><br \/>\n<\/span><\/i><i><span style=\"font-weight: 400\"><br \/>\n<\/span><\/i><b>Compre clicando no bot\u00e3o abaixo<\/b><\/p>\n","protected":false},"featured_media":20527,"comment_status":"open","ping_status":"closed","template":"","meta":[],"product_brand":[],"product_cat":[96,63,56],"product_tag":[91],"class_list":{"0":"post-12638","1":"product","2":"type-product","3":"status-publish","4":"has-post-thumbnail","6":"product_cat-caixa","7":"product_cat-apa","8":"product_cat-packs","9":"product_tag-500ml","11":"first","12":"instock","13":"shipping-taxable","14":"purchasable","15":"product-type-woosb"},"_links":{"self":[{"href":"https:\/\/louvada.com.br\/loja\/wp-json\/wp\/v2\/product\/12638","targetHints":{"allow":["GET"]}}],"collection":[{"href":"https:\/\/louvada.com.br\/loja\/wp-json\/wp\/v2\/product"}],"about":[{"href":"https:\/\/louvada.com.br\/loja\/wp-json\/wp\/v2\/types\/product"}],"replies":[{"embeddable":true,"href":"https:\/\/louvada.com.br\/loja\/wp-json\/wp\/v2\/comments?post=12638"}],"wp:featuredmedia":[{"embeddable":true,"href":"https:\/\/louvada.com.br\/loja\/wp-json\/wp\/v2\/media\/20527"}],"wp:attachment":[{"href":"https:\/\/louvada.com.br\/loja\/wp-json\/wp\/v2\/media?parent=12638"}],"wp:term":[{"taxonomy":"product_brand","embeddable":true,"href":"https:\/\/louvada.com.br\/loja\/wp-json\/wp\/v2\/product_brand?post=12638"},{"taxonomy":"product_cat","embeddable":true,"href":"https:\/\/louvada.com.br\/loja\/wp-json\/wp\/v2\/product_cat?post=12638"},{"taxonomy":"product_tag","embeddable":true,"href":"https:\/\/louvada.com.br\/loja\/wp-json\/wp\/v2\/product_tag?post=12638"}],"curies":[{"name":"wp","href":"https:\/\/api.w.org\/{rel}","templated":true}]}}