{"id":12644,"date":"2022-06-15T15:44:00","date_gmt":"2022-06-15T18:44:00","guid":{"rendered":"https:\/\/louvada.com.br\/loja\/?post_type=product&#038;p=12644"},"modified":"2026-02-10T09:45:33","modified_gmt":"2026-02-10T12:45:33","slug":"pack-louvada-catharina-sour-laranja-355ml-12-unidades","status":"publish","type":"product","link":"https:\/\/louvada.com.br\/loja\/produto\/pack-louvada-catharina-sour-laranja-355ml-12-unidades\/","title":{"rendered":"Pack Louvada Catharina Sour Laranja 355ml &#8211; 12 unidades"},"content":{"rendered":"<blockquote><p><b>Cerveja:<\/b><span style=\"font-weight: 400\"> Louvada Catharina Sour Laranja<\/span><span style=\"font-weight: 400\"><br \/>\n<\/span><b>Fam\u00edlia:<\/b><span style=\"font-weight: 400\"> Ale<\/span><span style=\"font-weight: 400\"><br \/>\n<\/span><b>Estilo:<\/b><span style=\"font-weight: 400\"> Catharina Sour<\/span><span style=\"font-weight: 400\"><br \/>\n<\/span><b>Teor alco\u00f3lico:<\/b><span style=\"font-weight: 400\"> 4,6%<\/span><span style=\"font-weight: 400\"><br \/>\n<\/span><b>IBU (Amargor): <\/b><span style=\"font-weight: 400\">05 IBU \u2013 Baixo<\/span><span style=\"font-weight: 400\"><br \/>\n<\/span><b>Ingredientes: <\/b><span style=\"font-weight: 400\">\u00c1gua, malte de cevada, malte de trigo, suco de laranja, l\u00fapulo e levedura.<\/span><span style=\"font-weight: 400\"><br \/>\n<\/span><b>Temperatura ideal: <\/b><span style=\"font-weight: 400\">2\u00ba a 6\u00ba<\/span><span style=\"font-weight: 400\"><br \/>\n<\/span><b>Colora\u00e7\u00e3o: <\/b><span style=\"font-weight: 400\">Amarela<\/span><span style=\"font-weight: 400\"><br \/>\n<\/span><b>Dul\u00e7or:<\/b><span style=\"font-weight: 400\"> Baixa intensidade<\/span><span style=\"font-weight: 400\"><br \/>\n<\/span><b>Sugest\u00e3o para uma experi\u00eancia de honra:<\/b><span style=\"font-weight: 400\"> Harmoniza com ceviche, saladas e peixes.<\/span><\/p><\/blockquote>\n<p><i><span style=\"font-weight: 400\">Permita-se arriscar em harmoniza\u00e7\u00f5es, a criatividade e os sentidos s\u00e3o infinitos. Busque notar as nuances que surgir\u00e3o com a intera\u00e7\u00e3o entre o alimento e a bebida.<\/span><\/i><i><span style=\"font-weight: 400\"><br \/>\n<\/span><\/i><i><span style=\"font-weight: 400\"><br \/>\n<\/span><\/i><i><span style=\"font-weight: 400\">Teste, arrisque, aprecie, divirta-se!<br \/>\nCompartilhe seu momento com Louvada nas redes sociais, use a hashtag<b> #honre<\/b> e marque a gente <b>@cervejarialouvada.<\/b><\/span><\/i><\/p>\n","protected":false},"excerpt":{"rendered":"<p><span style=\"font-weight: 400\">Leve, extremamente saborosa e de alta carbonata\u00e7\u00e3o, a Louvada Catharina Sour se destaca pelo equil\u00edbrio perfeito da acidez procedente do estilo e aromas de laranja.<\/span><span style=\"font-weight: 400\"><br \/>\n<\/span><span style=\"font-weight: 400\"><br \/>\n<\/span><b>Cerveja sem gl\u00faten<br \/>\n<\/b><b>Teor alco\u00f3lico: <\/b><span style=\"font-weight: 400\">4,6%<\/span><span style=\"font-weight: 400\"><br \/>\n<\/span><b>IBU (Amargor): <\/b><span style=\"font-weight: 400\">05 IBU \u2013 Baixo<\/span><\/p>\n<p><span style=\"font-weight: 400\"><strong>Premia\u00e7\u00f5es<\/strong><br \/>\nMedalha de ouro \u2013 Brasil Beer Cup 2021<\/span><\/p>\n<p><span style=\"font-weight: 400\">Honre com modera\u00e7\u00e3o<\/span><\/p>\n<p><span style=\"font-weight: 400\">A imagem da pack preta \u00e9 meramente ilustrativa. A cor pode variar conforme o nosso estoque.<\/span><\/p>\n<p><i><span style=\"font-weight: 400\">Compartilhe seu momento com Louvada nas redes sociais, use a hashtag<\/span><\/i><b><i> #honre<\/i><\/b><i><span style=\"font-weight: 400\"> e marque a gente <\/span><\/i><b><i>@cervejarialouvada.<\/i><\/b><i><span style=\"font-weight: 400\"><br \/>\n<\/span><\/i><i><span style=\"font-weight: 400\"><br \/>\n<\/span><\/i><b>Compre clicando no bot\u00e3o abaixo<\/b><\/p>\n","protected":false},"featured_media":21273,"comment_status":"open","ping_status":"closed","template":"","meta":[],"product_brand":[],"product_cat":[96,56,80],"product_tag":[90,100],"class_list":{"0":"post-12644","1":"product","2":"type-product","3":"status-publish","4":"has-post-thumbnail","6":"product_cat-caixa","7":"product_cat-packs","8":"product_cat-sours","9":"product_tag-355ml","10":"product_tag-long-neck","12":"first","13":"instock","14":"shipping-taxable","15":"purchasable","16":"product-type-woosb"},"_links":{"self":[{"href":"https:\/\/louvada.com.br\/loja\/wp-json\/wp\/v2\/product\/12644","targetHints":{"allow":["GET"]}}],"collection":[{"href":"https:\/\/louvada.com.br\/loja\/wp-json\/wp\/v2\/product"}],"about":[{"href":"https:\/\/louvada.com.br\/loja\/wp-json\/wp\/v2\/types\/product"}],"replies":[{"embeddable":true,"href":"https:\/\/louvada.com.br\/loja\/wp-json\/wp\/v2\/comments?post=12644"}],"wp:featuredmedia":[{"embeddable":true,"href":"https:\/\/louvada.com.br\/loja\/wp-json\/wp\/v2\/media\/21273"}],"wp:attachment":[{"href":"https:\/\/louvada.com.br\/loja\/wp-json\/wp\/v2\/media?parent=12644"}],"wp:term":[{"taxonomy":"product_brand","embeddable":true,"href":"https:\/\/louvada.com.br\/loja\/wp-json\/wp\/v2\/product_brand?post=12644"},{"taxonomy":"product_cat","embeddable":true,"href":"https:\/\/louvada.com.br\/loja\/wp-json\/wp\/v2\/product_cat?post=12644"},{"taxonomy":"product_tag","embeddable":true,"href":"https:\/\/louvada.com.br\/loja\/wp-json\/wp\/v2\/product_tag?post=12644"}],"curies":[{"name":"wp","href":"https:\/\/api.w.org\/{rel}","templated":true}]}}