{"id":12648,"date":"2022-06-15T16:00:14","date_gmt":"2022-06-15T19:00:14","guid":{"rendered":"https:\/\/louvada.com.br\/loja\/?post_type=product&#038;p=12648"},"modified":"2026-05-05T08:53:59","modified_gmt":"2026-05-05T11:53:59","slug":"pack-gose-limao-355ml-12-unidades","status":"publish","type":"product","link":"https:\/\/louvada.com.br\/loja\/produto\/pack-gose-limao-355ml-12-unidades\/","title":{"rendered":"Pack Gose Lim\u00e3o 355ml &#8211; 12 unidades"},"content":{"rendered":"<p><b><span style=\"vertical-align: inherit\"><span style=\"vertical-align: inherit\">Cerveja: <\/span><\/span><\/b><span style=\"font-weight: 400\"><span style=\"vertical-align: inherit\"><span style=\"vertical-align: inherit\">Louvada Gose Lim\u00e3o <\/span><\/span><\/span><span style=\"vertical-align: inherit\"><b><span style=\"vertical-align: inherit\">Fam\u00edlia: <\/span><\/b><span style=\"font-weight: 400\"><span style=\"vertical-align: inherit\">Fermenta\u00e7\u00e3o Mista <\/span><\/span><b><span style=\"vertical-align: inherit\">Estilo: <\/span><\/b><span style=\"font-weight: 400\"><span style=\"vertical-align: inherit\">Leipzig Gose <\/span><\/span><b><span style=\"vertical-align: inherit\">Gradua\u00e7\u00e3o alco\u00f3lica: <\/span><\/b><span style=\"font-weight: 400\"><span style=\"vertical-align: inherit\">4,6% <\/span><\/span><b><span style=\"vertical-align: inherit\">IBU (Amargor): <\/span><\/b><span style=\"font-weight: 400\"><span style=\"vertical-align: inherit\">05 IBU \u2013 Baixo <\/span><\/span><b><span style=\"vertical-align: inherit\">Ingredientes: <\/span><\/b><span style=\"font-weight: 400\"><span style=\"vertical-align: inherit\">\u00c1gua, malte de cevada, malte de trigo, aveia, coentro, cascas de lim\u00e3o, sal rosa, l\u00fapulo e levedura. <\/span><\/span><b><span style=\"vertical-align: inherit\">Temperatura ideal: <\/span><\/b><span style=\"font-weight: 400\"><span style=\"vertical-align: inherit\">2\u00ba a 4\u00ba C <\/span><\/span><b><span style=\"vertical-align: inherit\">Colora\u00e7\u00e3o: <\/span><\/b><span style=\"font-weight: 400\"><span style=\"vertical-align: inherit\">Amarelo palha <\/span><\/span><b><span style=\"vertical-align: inherit\">Dul\u00e7or: <\/span><\/b><span style=\"font-weight: 400\"><span style=\"vertical-align: inherit\">Baixa intensidade <\/span><\/span><b><span style=\"vertical-align: inherit\">Sugest\u00e3o para uma experi\u00eancia de honra: <\/span><\/b><span style=\"font-weight: 400\"><span style=\"vertical-align: inherit\">Harmoniza com saladas, ceviches e sashimis.<\/span><\/span><\/span><span style=\"font-weight: 400\"><br \/>\n<\/span><b><\/b><span style=\"font-weight: 400\"><br \/>\n<\/span><b><\/b><span style=\"font-weight: 400\"><br \/>\n<\/span><b><\/b><span style=\"font-weight: 400\"><br \/>\n<\/span><b><\/b><span style=\"font-weight: 400\"><br \/>\n<\/span><b><\/b><span style=\"font-weight: 400\"><br \/>\n<\/span><b><\/b><span style=\"font-weight: 400\"><br \/>\n<\/span><b><\/b><span style=\"font-weight: 400\"><br \/>\n<\/span><b><\/b><span style=\"font-weight: 400\"><br \/>\n<\/span><b><\/b><\/p>\n<p><i><span style=\"font-weight: 400\"><br \/>\n<\/span><\/i><i><span style=\"font-weight: 400\"><span style=\"vertical-align: inherit\"><span style=\"vertical-align: inherit\">Permita-se arriscar em harmoniza\u00e7\u00f5es, a criatividade e os sentidos s\u00e3o infinitos. Busque notar as nuances que surgir\u00e3o com a intera\u00e7\u00e3o entre o alimento e a bebida. <\/span><\/span><\/span><\/i><span style=\"vertical-align: inherit\"><i><span style=\"font-weight: 400\"><span style=\"vertical-align: inherit\">Teste, arrisque, aprecie, divirta-se! <\/span><\/span><\/i><i><span style=\"font-weight: 400\"><span style=\"vertical-align: inherit\">Compartilhe seu momento com Louvada nas redes sociais, use a hashtag <\/span><\/span><\/i><b><i><span style=\"vertical-align: inherit\">#honre <\/span><\/i><\/b><i><span style=\"font-weight: 400\"><span style=\"vertical-align: inherit\">e marque a gente <\/span><\/span><\/i><b><i><span style=\"vertical-align: inherit\">@cervejarialouvada.<\/span><\/i><\/b><\/span><i><span style=\"font-weight: 400\"><br \/>\n<\/span><\/i><i><span style=\"font-weight: 400\"><br \/>\n<\/span><\/i><i><\/i><span style=\"font-weight: 400\"><br \/>\n<\/span><i><\/i><b><i><\/i><\/b><i><\/i><b><i><\/i><\/b><\/p>\n","protected":false},"excerpt":{"rendered":"<p><span style=\"font-weight: 400\">A Louvada Gose \u00e9 uma cerveja de trigo tradicionalmente alem\u00e3, reconhecida por sua acidez moderada e perfil salgado em baixa intensidade. Uma receita premiada pelo Concurso Brasileiro de Cerveja, agora na vers\u00e3o com raspas de lim\u00e3o, resultando em uma cerveja saborosa, refrescante e com caracter\u00edsticas frutadas e herbais.<\/span><span style=\"font-weight: 400\"><br \/>\n<\/span><span style=\"font-weight: 400\"><br \/>\n<\/span><b>Cerveja sem gl\u00faten<\/b><span style=\"font-weight: 400\"><br \/>\n<\/span><b>Teor alco\u00f3lico:<\/b><span style=\"font-weight: 400\"> 4,6%<br \/>\n<\/span><b>IBU (Amargor):<\/b><span style=\"font-weight: 400\"> 05 IBU \u2013 Baixo<\/span><\/p>\n<p><b>Premia\u00e7\u00f5es<\/b><span style=\"font-weight: 400\"><br \/>\n<\/span><span style=\"font-weight: 400\">Medalha de prata &#8211; Copa cerveja Brasil 2023<br \/>\nMedalha de bronze &#8211; Copa Cerveja Brasil 2024<br \/>\n<\/span><\/p>\n<p>A base utilizada na Louvada Gose Lim\u00e3o recebeu:<span style=\"font-weight: 400\"><br \/>\n<\/span><span style=\"font-weight: 400\">Medalha de bronze &#8211; Concurso Brasileiro da Cerveja 2021<\/span><\/p>\n<p>&nbsp;<\/p>\n<p><span style=\"font-weight: 400\">Honre com modera\u00e7\u00e3o<\/span><\/p>\n<p><span style=\"font-weight: 400\">A imagem da pack preta \u00e9 meramente ilustrativa. A cor pode variar conforme o nosso estoque.<\/span><span style=\"font-weight: 400\"><br \/>\n<\/span><span style=\"font-weight: 400\">Compartilhe seu momento com Louvada nas redes sociais, use a hashtag #honre e marque a gente @cervejarialouvada.<\/span><span style=\"font-weight: 400\"><br \/>\n<\/span><span style=\"font-weight: 400\">Honre com modera\u00e7\u00e3o<\/span><span style=\"font-weight: 400\"><br \/>\n<\/span><i><span style=\"font-weight: 400\">Compartilhe seu momento com Louvada nas redes sociais, use a hashtag<\/span><\/i><b><i> #honre<\/i><\/b><i><span style=\"font-weight: 400\"> e marque a gente <\/span><\/i><b><i>@cervejarialouvada.<\/i><\/b><i><span style=\"font-weight: 400\"><br \/>\n<\/span><\/i><i><span style=\"font-weight: 400\"><br \/>\n<\/span><\/i><b>Compre clicando no bot\u00e3o abaixo<\/b><\/p>\n","protected":false},"featured_media":22162,"comment_status":"open","ping_status":"closed","template":"","meta":[],"product_brand":[],"product_cat":[96,81,56,84],"product_tag":[90,100,120],"class_list":{"0":"post-12648","1":"product","2":"type-product","3":"status-publish","4":"has-post-thumbnail","6":"product_cat-caixa","7":"product_cat-gose","8":"product_cat-packs","9":"product_cat-trigo","10":"product_tag-355ml","11":"product_tag-long-neck","12":"product_tag-offer-pack-limit","14":"first","15":"instock","16":"shipping-taxable","17":"purchasable","18":"product-type-woosb"},"_links":{"self":[{"href":"https:\/\/louvada.com.br\/loja\/wp-json\/wp\/v2\/product\/12648","targetHints":{"allow":["GET"]}}],"collection":[{"href":"https:\/\/louvada.com.br\/loja\/wp-json\/wp\/v2\/product"}],"about":[{"href":"https:\/\/louvada.com.br\/loja\/wp-json\/wp\/v2\/types\/product"}],"replies":[{"embeddable":true,"href":"https:\/\/louvada.com.br\/loja\/wp-json\/wp\/v2\/comments?post=12648"}],"wp:featuredmedia":[{"embeddable":true,"href":"https:\/\/louvada.com.br\/loja\/wp-json\/wp\/v2\/media\/22162"}],"wp:attachment":[{"href":"https:\/\/louvada.com.br\/loja\/wp-json\/wp\/v2\/media?parent=12648"}],"wp:term":[{"taxonomy":"product_brand","embeddable":true,"href":"https:\/\/louvada.com.br\/loja\/wp-json\/wp\/v2\/product_brand?post=12648"},{"taxonomy":"product_cat","embeddable":true,"href":"https:\/\/louvada.com.br\/loja\/wp-json\/wp\/v2\/product_cat?post=12648"},{"taxonomy":"product_tag","embeddable":true,"href":"https:\/\/louvada.com.br\/loja\/wp-json\/wp\/v2\/product_tag?post=12648"}],"curies":[{"name":"wp","href":"https:\/\/api.w.org\/{rel}","templated":true}]}}