{"id":12664,"date":"2022-06-28T17:57:12","date_gmt":"2022-06-28T20:57:12","guid":{"rendered":"https:\/\/louvada.com.br\/loja\/?post_type=product&#038;p=12664"},"modified":"2024-08-23T10:01:25","modified_gmt":"2024-08-23T13:01:25","slug":"kit-cerveja-louvada-apa-2","status":"publish","type":"product","link":"https:\/\/louvada.com.br\/loja\/produto\/kit-cerveja-louvada-apa-2\/","title":{"rendered":"Kit Cerveja Louvada APA"},"content":{"rendered":"<p><strong>Kit Cerveja Louvada APA cont\u00e9m:<\/strong><\/p>\n<p>1- Louvada APA 500ml<\/p>\n<p>1- Caldereta Louvada 300ml<\/p>\n<p>1- Caixa personalizada Louvada Honre<\/p>\n","protected":false},"excerpt":{"rendered":"<p>Arom\u00e1tica, acobreada e marcante. A Louvada APA faz jus ao estilo, apresentando equil\u00edbrio sensorial entre os l\u00fapulos e a levedura utilizada, que trazem aromas que remetem a frutas tropicais.<\/p>\n<p>&nbsp;<\/p>\n","protected":false},"featured_media":17585,"comment_status":"open","ping_status":"closed","template":"","meta":[],"product_brand":[],"product_cat":[59,94,63,58],"product_tag":[],"class_list":{"0":"post-12664","1":"product","2":"type-product","3":"status-publish","4":"has-post-thumbnail","6":"product_cat-acessorios","7":"product_cat-copos-tacas","8":"product_cat-apa","9":"product_cat-premiadas","11":"first","12":"instock","13":"shipping-taxable","14":"purchasable","15":"product-type-woosb"},"_links":{"self":[{"href":"https:\/\/louvada.com.br\/loja\/wp-json\/wp\/v2\/product\/12664","targetHints":{"allow":["GET"]}}],"collection":[{"href":"https:\/\/louvada.com.br\/loja\/wp-json\/wp\/v2\/product"}],"about":[{"href":"https:\/\/louvada.com.br\/loja\/wp-json\/wp\/v2\/types\/product"}],"replies":[{"embeddable":true,"href":"https:\/\/louvada.com.br\/loja\/wp-json\/wp\/v2\/comments?post=12664"}],"wp:featuredmedia":[{"embeddable":true,"href":"https:\/\/louvada.com.br\/loja\/wp-json\/wp\/v2\/media\/17585"}],"wp:attachment":[{"href":"https:\/\/louvada.com.br\/loja\/wp-json\/wp\/v2\/media?parent=12664"}],"wp:term":[{"taxonomy":"product_brand","embeddable":true,"href":"https:\/\/louvada.com.br\/loja\/wp-json\/wp\/v2\/product_brand?post=12664"},{"taxonomy":"product_cat","embeddable":true,"href":"https:\/\/louvada.com.br\/loja\/wp-json\/wp\/v2\/product_cat?post=12664"},{"taxonomy":"product_tag","embeddable":true,"href":"https:\/\/louvada.com.br\/loja\/wp-json\/wp\/v2\/product_tag?post=12664"}],"curies":[{"name":"wp","href":"https:\/\/api.w.org\/{rel}","templated":true}]}}