{"id":12721,"date":"2022-06-28T11:09:44","date_gmt":"2022-06-28T14:09:44","guid":{"rendered":"https:\/\/louvada.com.br\/loja\/?post_type=product&#038;p=12721"},"modified":"2026-05-02T11:01:09","modified_gmt":"2026-05-02T14:01:09","slug":"kit-degustacao-de-honra","status":"publish","type":"product","link":"https:\/\/louvada.com.br\/loja\/produto\/kit-degustacao-de-honra\/","title":{"rendered":"Kit Degusta\u00e7\u00e3o de Honra"},"content":{"rendered":"<p><b>Sobre as cervejas do Kit Degusta\u00e7\u00e3o<\/b><b><br \/>\n<\/b><span style=\"font-weight: 400\">A combina\u00e7\u00e3o destes r\u00f3tulos foi pensada cuidadosamente para explorar os diferentes aromas e sabores que as cervejas da Louvada proporcionam, buscando despertar o seu paladar atrav\u00e9s de novas sensa\u00e7\u00f5es.<\/span><span style=\"font-weight: 400\"><br \/>\n<\/span><\/p>\n<p><span style=\"font-weight: 400\"><strong>Louvada Pilsen: <\/strong>A Louvada Pilsen \u00e9 uma cerveja puro malte, delicada e clara. Uma cerveja de baixa fermenta\u00e7\u00e3o e baixo amargor, com aromas e sutis sabores de panifica\u00e7\u00e3o, biscoito cracker e cereais. Perfeita para os dias de calor e para celebrar momentos de honra.<\/span><\/p>\n<p><b>Cerveja sem gl\u00faten<\/b><span style=\"font-weight: 400\"><br \/>\n<\/span><b>Teor alco\u00f3lico: <\/b><span style=\"font-weight: 400\">4,8%<br \/>\n<\/span><b>IBU (Amargor): <\/b><span style=\"font-weight: 400\">13 IBU \u2013 Baixo<\/span><span style=\"font-weight: 400\"><br \/>\n<\/span><\/p>\n<p><span style=\"font-weight: 400\"><strong>Louvada Low: <\/strong>Perfeita para ser honrada todos os dias.<\/span><\/p>\n<ul>\n<li style=\"font-weight: 400\"><span style=\"font-weight: 400\">Alta drinkabilidade\u00a0<\/span><\/li>\n<li style=\"font-weight: 400\"><span style=\"font-weight: 400\">Baixa caloria<\/span><\/li>\n<li style=\"font-weight: 400\"><span style=\"font-weight: 400\">Apenas 3,7% de \u00e1lcool<\/span><\/li>\n<li style=\"font-weight: 400\"><span style=\"font-weight: 400\">Sem gl\u00faten<\/span><\/li>\n<\/ul>\n<p><b>Premia\u00e7\u00f5es<\/b><br \/>\nMedalha de ouro \u2013 Copa cerveja Brasil 2023<br \/>\nMedalha de bronze \u2013 World Beer Awards 2023<br \/>\nMedalha de bronze \u2013 World Beer Awards 2022<br \/>\nMedalha de ouro \u2013 Brasil Beer Cup 2021<br \/>\nMedalha de prata \u2013 World Beer Awards 2021<\/p>\n<p><span style=\"font-weight: 400\"><strong>German Pilsner: <\/strong>Uma cerveja equilibrada como uma pilsen, mas com um amargor pronunciado, evidenciado pela presen\u00e7a marcante do nobre l\u00fapulo Saaz, o melhor l\u00fapulo do mundo. Com final seco, a Louvada German Pilsner carrega em sua receita a mais pura tradi\u00e7\u00e3o alem\u00e3.<\/span><span style=\"font-weight: 400\"><br \/>\n<\/span><span style=\"font-weight: 400\"><br \/>\n<\/span><b>Cerveja sem gl\u00faten<br \/>\n<\/b><b>Teor alco\u00f3lico: <\/b><span style=\"font-weight: 400\">5,0%<br \/>\n<\/span><b>IBU (Amargor): <\/b><span style=\"font-weight: 400\">25 IBU \u2013 M\u00e9dio<\/span><\/p>\n<p><b>Premia\u00e7\u00f5es<br \/>\n<\/b>Medalha de prata \u2013 Concurso Brasileiro Cerveja (CBC) 2023<br \/>\nMedalha de prata \u2013 Concurso Brasileiro da Cerveja 2021<br \/>\nMedalha de prata \u2013 World Beer Awards 2021<br \/>\nBrasil Beer Cup 2021 \u2013 Medalha de Bronze<\/p>\n<p><span style=\"font-weight: 400\"><strong>Hop Lager: <\/strong>Conhecida pelo equil\u00edbrio sensorial, os l\u00fapulos e maltes proporcionam um <\/span><span style=\"font-weight: 400\">cerveja leve e balanceada para honrar em todos os momentos.<\/span><span style=\"font-weight: 400\">Une a leveza de uma lager e o aroma das IPAs americanas.<\/span><span style=\"font-weight: 400\"><br \/>\n<\/span><span style=\"font-weight: 400\"><br \/>\n<\/span><b>Cerveja sem gl\u00faten<br \/>\n<\/b><b>Teor alco\u00f3lico:<\/b><span style=\"font-weight: 400\"> 4,8%<br \/>\n<\/span><b>IBU (Amargor): <\/b><span style=\"font-weight: 400\">25 IBU \u2013 M\u00e9dio<\/span><span style=\"font-weight: 400\"><br \/>\n<\/span><span style=\"font-weight: 400\"><br \/>\n<\/span><b>Premia\u00e7\u00f5es<\/b><span style=\"font-weight: 400\"><br \/>\n<\/span>Medalha de prata \u2013 Copa cerveja Brasil 2023<br \/>\nMedalha de bronze \u2013 World Beer Awards 2023<br \/>\nMelhor cerveja Hop Lager do Brasil no Concurso Brasileiro de Cervejas \u2013 2023<br \/>\nMedalha de ouro \u2013 South Beer Cup 2022<br \/>\nMedalha de prata \u2013 World Beer Awards 2022<br \/>\nMedalha de prata \u2013 World Beer Awards 2021<br \/>\nMedalha de bronze \u2013 Concurso Brasileiro da Cerveja 2021<br \/>\nMedalha de prata \u2013 Concurso Brasileiro da Cerveja 2018<\/p>\n<p><strong>Gose Lim\u00e3o: <\/strong>A Louvada Gose \u00e9 uma cerveja de trigo tradicionalmente alem\u00e3, reconhecida por sua acidez moderada e perfil salgado em baixa intensidade. Uma receita premiada pelo Concurso Brasileiro de Cerveja, agora na vers\u00e3o com raspas de lim\u00e3o, resultando em uma cerveja saborosa, refrescante e com caracter\u00edsticas frutadas e herbais.<\/p>\n<p><strong>Cerveja sem gl\u00faten<\/strong><br \/>\n<strong>Teor alco\u00f3lico: 4,6%<\/strong><br \/>\n<strong>IBU (Amargor): 05 IBU \u2013 Baixo<\/strong><\/p>\n<p><strong>Premia\u00e7\u00f5es<\/strong><br \/>\nMedalha de prata \u2013 Copa cerveja Brasil 2023<br \/>\nA base utilizada na Louvada Gose Lim\u00e3o recebeu:<br \/>\nMedalha de bronze &#8211; Concurso Brasileiro da Cerveja 2021<\/p>\n<p><span style=\"font-weight: 400\"><strong>Catharina Sour Amora e Framboesa: <\/strong>Leve, extremamente saborosa e de alta carbonata\u00e7\u00e3o, a Louvada Catharina Sour se destaca pelo equil\u00edbrio perfeito da acidez procedente do estilo e aromas de frutas.<\/span><span style=\"font-weight: 400\"><br \/>\n<\/span><span style=\"font-weight: 400\"><br \/>\n<\/span><b>Cerveja sem gl\u00faten<br \/>\n<\/b><b>Teor alco\u00f3lico:<\/b><span style=\"font-weight: 400\"> 4,6%<\/span><span style=\"font-weight: 400\"><br \/>\n<\/span><b>IBU (Amargor):<\/b><span style=\"font-weight: 400\"> 05 IBU \u2013 Baixo<\/span><span style=\"font-weight: 400\"><br \/>\n<\/span><\/p>\n<p><strong>Premia\u00e7\u00f5es<\/strong><br \/>\nMedalha de prata \u2013 Brasil Beer Cup 2021<\/p>\n<p>Compartilhe seu momento com Louvada nas redes sociais, use a hashtag <strong>#honre<\/strong> e marque a gente <strong>@cervejarialouvada.<\/strong><\/p>\n","protected":false},"excerpt":{"rendered":"<p><b>Sobre as cervejas do Kit Degusta\u00e7\u00e3o<\/b><b><br \/>\n<\/b><span style=\"font-weight: 400\">A combina\u00e7\u00e3o destes r\u00f3tulos foi pensada cuidadosamente para explorar os diferentes aromas e sabores que as cervejas da Louvada proporcionam, buscando despertar o seu paladar atrav\u00e9s de novas sensa\u00e7\u00f5es.<\/span><span style=\"font-weight: 400\"><br \/>\n<\/span><\/p>\n<p><span style=\"font-weight: 400\"><strong>Louvada Pilsen: <\/strong>A Louvada Pilsen \u00e9 uma cerveja puro malte, delicada e clara. Uma cerveja de baixa fermenta\u00e7\u00e3o e baixo amargor, com aromas e sutis sabores de panifica\u00e7\u00e3o, biscoito cracker e cereais. Perfeita para os dias de calor e para celebrar momentos de honra.<\/span><\/p>\n<p><span style=\"font-weight: 400\"><strong>Louvada Low: <\/strong>Perfeita para ser honrada todos os dias.<\/span><\/p>\n<ul>\n<li style=\"font-weight: 400\"><span style=\"font-weight: 400\">Alta drinkabilidade\u00a0<\/span><\/li>\n<li style=\"font-weight: 400\"><span style=\"font-weight: 400\">Baixa caloria<\/span><\/li>\n<li style=\"font-weight: 400\"><span style=\"font-weight: 400\">Apenas 3,7% de \u00e1lcool<\/span><\/li>\n<li style=\"font-weight: 400\"><span style=\"font-weight: 400\">Sem gl\u00faten<\/span><\/li>\n<\/ul>\n<p><span style=\"font-weight: 400\"><strong>German Pilsner: <\/strong>Uma cerveja equilibrada como uma pilsen, mas com um amargor pronunciado, evidenciado pela presen\u00e7a marcante do nobre l\u00fapulo Saaz, o melhor l\u00fapulo do mundo. Com final seco, a Louvada German Pilsner carrega em sua receita a mais pura tradi\u00e7\u00e3o alem\u00e3.<\/span><\/p>\n<p><span style=\"font-weight: 400\"><strong>Hop Lager: <\/strong>Conhecida pelo equil\u00edbrio sensorial, os l\u00fapulos e maltes proporcionam um <\/span><span style=\"font-weight: 400\">cerveja leve e balanceada para honrar em todos os momentos.<\/span><span style=\"font-weight: 400\">Une a leveza de uma lager e o aroma das IPAs americanas.<\/span><span style=\"font-weight: 400\"><br \/>\n<\/span><br \/>\n<strong>Gose Lim\u00e3o: <\/strong>A Louvada Gose \u00e9 uma cerveja de trigo tradicionalmente alem\u00e3, reconhecida por sua acidez moderada e perfil salgado em baixa intensidade. Uma receita premiada pelo Concurso Brasileiro de Cerveja, agora na vers\u00e3o com raspas de lim\u00e3o, resultando em uma cerveja saborosa, refrescante e com caracter\u00edsticas frutadas e herbais.<\/p>\n<p><span style=\"font-weight: 400\"><strong>Catharina Sour Amora e Framboesa: <\/strong>Leve, extremamente saborosa e de alta carbonata\u00e7\u00e3o, a Louvada Catharina Sour se destaca pelo equil\u00edbrio perfeito da acidez procedente do estilo e aromas de frutas.<\/span><span style=\"font-weight: 400\"><br \/>\n<\/span><\/p>\n<p>Compartilhe seu momento com Louvada nas redes sociais, use a hashtag <strong>#honre<\/strong> e marque a gente <strong>@cervejarialouvada.<\/strong><\/p>\n","protected":false},"featured_media":7106,"comment_status":"open","ping_status":"closed","template":"","meta":[],"product_brand":[],"product_cat":[96,55,81,56,75,80,84,60,58],"product_tag":[90,100],"class_list":{"0":"post-12721","1":"product","2":"type-product","3":"status-publish","4":"has-post-thumbnail","6":"product_cat-caixa","7":"product_cat-cervejas","8":"product_cat-gose","9":"product_cat-packs","10":"product_cat-lager","11":"product_cat-sours","12":"product_cat-trigo","13":"product_cat-harmonizacao","14":"product_cat-premiadas","15":"product_tag-355ml","16":"product_tag-long-neck","18":"first","19":"instock","20":"shipping-taxable","21":"purchasable","22":"product-type-simple"},"_links":{"self":[{"href":"https:\/\/louvada.com.br\/loja\/wp-json\/wp\/v2\/product\/12721","targetHints":{"allow":["GET"]}}],"collection":[{"href":"https:\/\/louvada.com.br\/loja\/wp-json\/wp\/v2\/product"}],"about":[{"href":"https:\/\/louvada.com.br\/loja\/wp-json\/wp\/v2\/types\/product"}],"replies":[{"embeddable":true,"href":"https:\/\/louvada.com.br\/loja\/wp-json\/wp\/v2\/comments?post=12721"}],"wp:featuredmedia":[{"embeddable":true,"href":"https:\/\/louvada.com.br\/loja\/wp-json\/wp\/v2\/media\/7106"}],"wp:attachment":[{"href":"https:\/\/louvada.com.br\/loja\/wp-json\/wp\/v2\/media?parent=12721"}],"wp:term":[{"taxonomy":"product_brand","embeddable":true,"href":"https:\/\/louvada.com.br\/loja\/wp-json\/wp\/v2\/product_brand?post=12721"},{"taxonomy":"product_cat","embeddable":true,"href":"https:\/\/louvada.com.br\/loja\/wp-json\/wp\/v2\/product_cat?post=12721"},{"taxonomy":"product_tag","embeddable":true,"href":"https:\/\/louvada.com.br\/loja\/wp-json\/wp\/v2\/product_tag?post=12721"}],"curies":[{"name":"wp","href":"https:\/\/api.w.org\/{rel}","templated":true}]}}