{"id":12802,"date":"2022-07-12T10:09:25","date_gmt":"2022-07-12T13:09:25","guid":{"rendered":"https:\/\/louvada.com.br\/loja\/?post_type=product&#038;p=12802"},"modified":"2026-04-30T09:19:51","modified_gmt":"2026-04-30T12:19:51","slug":"pack-louvada-german-pilsner-355ml-24-unidades","status":"publish","type":"product","link":"https:\/\/louvada.com.br\/loja\/produto\/pack-louvada-german-pilsner-355ml-24-unidades\/","title":{"rendered":"Pack duplo Louvada German Pilsner 355ml &#8211; 24 unidades"},"content":{"rendered":"<blockquote><p><b>Cerveja:<\/b><span style=\"font-weight: 400\"> Louvada German Pilsner<\/span><span style=\"font-weight: 400\"><br \/>\n<\/span><b>Fam\u00edlia:<\/b><span style=\"font-weight: 400\"> Lager<\/span><span style=\"font-weight: 400\"><br \/>\n<\/span><b>Estilo: <\/b><span style=\"font-weight: 400\">German Pilsner<\/span><span style=\"font-weight: 400\"><br \/>\n<\/span><b>Teor alco\u00f3lico:<\/b><span style=\"font-weight: 400\"> 5,0%<\/span><span style=\"font-weight: 400\"><br \/>\n<\/span><b>IBU (Amargor):<\/b><span style=\"font-weight: 400\"> 25 IBU \u2013 M\u00e9dio<\/span><span style=\"font-weight: 400\"><br \/>\n<\/span><b>Ingredientes:<\/b><span style=\"font-weight: 400\"> \u00c1gua, malte de cevada, l\u00fapulo e levedura.<\/span><span style=\"font-weight: 400\"><br \/>\n<\/span><b>Temperatura ideal:<\/b><span style=\"font-weight: 400\"> 2\u00ba a 4\u00ba<\/span><span style=\"font-weight: 400\"><br \/>\n<\/span><b>Colora\u00e7\u00e3o:<\/b><span style=\"font-weight: 400\"> Palha<\/span><span style=\"font-weight: 400\"><br \/>\n<\/span><b>Dul\u00e7or:<\/b><span style=\"font-weight: 400\"> Baixa intensidade<\/span><span style=\"font-weight: 400\"><br \/>\n<\/span><b>Sugest\u00e3o para uma experi\u00eancia de honra: <\/b><span style=\"font-weight: 400\">Harmoniza com saladas, carnes su\u00ednas e frutos do mar.<\/span><\/p><\/blockquote>\n<p><i><span style=\"font-weight: 400\">Permita-se arriscar em harmoniza\u00e7\u00f5es, a criatividade e os sentidos s\u00e3o infinitos. Busque notar as nuances que surgir\u00e3o com a intera\u00e7\u00e3o entre o alimento e a bebida.<\/span><\/i><i><span style=\"font-weight: 400\"><br \/>\n<\/span><\/i><i><span style=\"font-weight: 400\">Teste, arrisque, aprecie, divirta-se!<br \/>\nCompartilhe seu momento com Louvada nas redes sociais, use a hashtag<b> #honre<\/b> e marque a gente <b>@cervejarialouvada.<\/b><\/span><\/i><\/p>\n<p><span style=\"font-weight: 400\"><br \/>\n<\/span><b><\/b><b><i><\/i><\/b><\/p>\n","protected":false},"excerpt":{"rendered":"<p><span style=\"font-weight: 400\">Uma cerveja equilibrada como uma pilsen, mas com um amargor pronunciado, evidenciado pela presen\u00e7a marcante do nobre l\u00fapulo Saaz, o melhor l\u00fapulo do mundo. Com final seco, a Louvada German Pilsner carrega em sua receita a mais pura tradi\u00e7\u00e3o alem\u00e3.<\/span><span style=\"font-weight: 400\"><br \/>\n<\/span><span style=\"font-weight: 400\"><br \/>\n<\/span><b><span class=\"s1\">Cerveja sem gl\u00faten.<\/span><\/b><\/p>\n<p><b>Teor alco\u00f3lico: <\/b><span style=\"font-weight: 400\">5,0%<br \/>\n<\/span><b>IBU (Amargor): <\/b><span style=\"font-weight: 400\">25 IBU \u2013 M\u00e9dio<\/span><\/p>\n<p><span style=\"font-weight: 400\"><b>Premia\u00e7\u00f5es<br \/>\n<\/b>Medalha de ouro \u2013 Copa cerveja Brasil 2023<br \/>\nMedalha de bronze \u2013 Copa cerveja Brasil 2023<br \/>\nMedalha de prata &#8211; Concurso Brasileiro Cerveja (CBC) 2023<br \/>\nMedalha de prata &#8211; Concurso Brasileiro da Cerveja 2021<br \/>\nMedalha de prata &#8211; World Beer Awards 2021<br \/>\nBrasil Beer Cup 2021 &#8211; Medalha de Bronze<br \/>\n<\/span><\/p>\n<p><strong>Honre com modera\u00e7\u00e3o<\/strong><\/p>\n<p><span style=\"font-weight: 400\">A imagem da pack preta \u00e9 meramente ilustrativa. A cor pode variar conforme o nosso estoque.<\/span><\/p>\n<p><i><span style=\"font-weight: 400\">Compartilhe seu momento com Louvada nas redes sociais, use a hashtag<\/span><\/i><b><i> #honre<\/i><\/b><i><span style=\"font-weight: 400\"> e marque a gente <\/span><\/i><b><i>@cervejarialouvada.<\/i><\/b><i><span style=\"font-weight: 400\"><br \/>\n<\/span><\/i><i><span style=\"font-weight: 400\"><br \/>\n<\/span><\/i><b>Compre clicando no bot\u00e3o abaixo<\/b><\/p>\n","protected":false},"featured_media":21281,"comment_status":"open","ping_status":"closed","template":"","meta":[],"product_brand":[],"product_cat":[56,75,74],"product_tag":[90,117,100,119],"class_list":{"0":"post-12802","1":"product","2":"type-product","3":"status-publish","4":"has-post-thumbnail","6":"product_cat-packs","7":"product_cat-lager","8":"product_cat-caixas","9":"product_tag-355ml","10":"product_tag-bf25","11":"product_tag-long-neck","12":"product_tag-offer-march","14":"first","15":"instock","16":"shipping-taxable","17":"purchasable","18":"product-type-woosb"},"_links":{"self":[{"href":"https:\/\/louvada.com.br\/loja\/wp-json\/wp\/v2\/product\/12802","targetHints":{"allow":["GET"]}}],"collection":[{"href":"https:\/\/louvada.com.br\/loja\/wp-json\/wp\/v2\/product"}],"about":[{"href":"https:\/\/louvada.com.br\/loja\/wp-json\/wp\/v2\/types\/product"}],"replies":[{"embeddable":true,"href":"https:\/\/louvada.com.br\/loja\/wp-json\/wp\/v2\/comments?post=12802"}],"wp:featuredmedia":[{"embeddable":true,"href":"https:\/\/louvada.com.br\/loja\/wp-json\/wp\/v2\/media\/21281"}],"wp:attachment":[{"href":"https:\/\/louvada.com.br\/loja\/wp-json\/wp\/v2\/media?parent=12802"}],"wp:term":[{"taxonomy":"product_brand","embeddable":true,"href":"https:\/\/louvada.com.br\/loja\/wp-json\/wp\/v2\/product_brand?post=12802"},{"taxonomy":"product_cat","embeddable":true,"href":"https:\/\/louvada.com.br\/loja\/wp-json\/wp\/v2\/product_cat?post=12802"},{"taxonomy":"product_tag","embeddable":true,"href":"https:\/\/louvada.com.br\/loja\/wp-json\/wp\/v2\/product_tag?post=12802"}],"curies":[{"name":"wp","href":"https:\/\/api.w.org\/{rel}","templated":true}]}}