{"id":12877,"date":"2022-07-20T14:28:57","date_gmt":"2022-07-20T17:28:57","guid":{"rendered":"https:\/\/louvada.com.br\/loja\/?post_type=product&#038;p=12877"},"modified":"2023-02-27T18:16:04","modified_gmt":"2023-02-27T21:16:04","slug":"pack-gose-limao-355ml-12-unidades-2","status":"publish","type":"product","link":"https:\/\/louvada.com.br\/loja\/produto\/pack-gose-limao-355ml-12-unidades-2\/","title":{"rendered":"Pack Gose Lim\u00e3o 355ml &#8211; 12 unidades"},"content":{"rendered":"<p><b>Cerveja:<\/b><span style=\"font-weight: 400\"> Louvada Gose Lim\u00e3o<\/span><span style=\"font-weight: 400\"><br \/>\n<\/span><b>Fam\u00edlia:<\/b><span style=\"font-weight: 400\"> Fermenta\u00e7\u00e3o Mista<\/span><span style=\"font-weight: 400\"><br \/>\n<\/span><b>Estilo:<\/b><span style=\"font-weight: 400\"> Leipzig Gose<\/span><span style=\"font-weight: 400\"><br \/>\n<\/span><b>Teor alco\u00f3lico:<\/b><span style=\"font-weight: 400\"> 4,6%<\/span><span style=\"font-weight: 400\"><br \/>\n<\/span><b>IBU (Amargor): <\/b><span style=\"font-weight: 400\">05 IBU \u2013 Baixo<\/span><span style=\"font-weight: 400\"><br \/>\n<\/span><b>Ingredientes: <\/b><span style=\"font-weight: 400\">\u00c1gua, malte de cevada, malte de trigo, aveia, coentro, cascas de lim\u00e3o, sal rosa, l\u00fapulo e levedura.<\/span><span style=\"font-weight: 400\"><br \/>\n<\/span><b>Temperatura ideal: <\/b><span style=\"font-weight: 400\">2\u00ba a 4\u00ba C<\/span><span style=\"font-weight: 400\"><br \/>\n<\/span><b>Colora\u00e7\u00e3o: <\/b><span style=\"font-weight: 400\">Amarelo palha<\/span><span style=\"font-weight: 400\"><br \/>\n<\/span><b>Dul\u00e7or: <\/b><span style=\"font-weight: 400\">Baixa intensidade<\/span><span style=\"font-weight: 400\"><br \/>\n<\/span><b>Sugest\u00e3o para uma experi\u00eancia de honra:<\/b><span style=\"font-weight: 400\"> Harmoniza com saladas, ceviches e sashimis.<\/span><\/p>\n<p><i><span style=\"font-weight: 400\"><br \/>\n<\/span><\/i><i><span style=\"font-weight: 400\">Permita-se arriscar em harmoniza\u00e7\u00f5es, a criatividade e os sentidos s\u00e3o infinitos. Busque notar as nuances que surgir\u00e3o com a intera\u00e7\u00e3o entre o alimento e a bebida.<\/span><\/i><i><span style=\"font-weight: 400\"><br \/>\n<\/span><\/i><i><span style=\"font-weight: 400\"><br \/>\n<\/span><\/i><i><span style=\"font-weight: 400\">Teste, arrisque, aprecie, divirta-se!<\/span><\/i><span style=\"font-weight: 400\"><br \/>\n<\/span><i><span style=\"font-weight: 400\">Compartilhe seu momento com Louvada nas redes sociais, use a hashtag<\/span><\/i><b><i> #honre<\/i><\/b><i><span style=\"font-weight: 400\"> e marque a gente <\/span><\/i><b><i>@cervejarialouvada.<\/i><\/b><\/p>\n","protected":false},"excerpt":{"rendered":"<p><span style=\"font-weight: 400\">A Louvada Gose \u00e9 uma cerveja de trigo tradicionalmente alem\u00e3, reconhecida por sua acidez moderada e perfil salgado em baixa intensidade. Uma receita premiada pelo Concurso Brasileiro de Cerveja, agora na vers\u00e3o com raspas de lim\u00e3o, resultando em uma cerveja saborosa, refrescante e com caracter\u00edsticas frutadas e herbais.<\/span><span style=\"font-weight: 400\"><br \/>\n<\/span><span style=\"font-weight: 400\"><br \/>\n<\/span><b>Cerveja sem gl\u00faten<\/b><span style=\"font-weight: 400\"><br \/>\n<\/span><b>Teor alco\u00f3lico:<\/b><span style=\"font-weight: 400\"> 4,6%<br \/>\n<\/span><b>IBU (Amargor):<\/b><span style=\"font-weight: 400\"> 05 IBU \u2013 Baixo<\/span><\/p>\n<p><b>Premia\u00e7\u00f5es<\/b><span style=\"font-weight: 400\"><br \/>\n<\/span><span style=\"font-weight: 400\">A base utilizada na Louvada Gose Lim\u00e3o recebeu:<\/span><span style=\"font-weight: 400\"><br \/>\n<\/span><span style=\"font-weight: 400\">Medalha de bronze &#8211; Concurso Brasileiro da Cerveja 2021<\/span><\/p>\n<p>&nbsp;<\/p>\n<p><span style=\"font-weight: 400\">Honre com modera\u00e7\u00e3o<\/span><\/p>\n<p><span style=\"font-weight: 400\">A imagem da pack preta \u00e9 meramente ilustrativa. A cor pode variar conforme o nosso estoque.<\/span><span style=\"font-weight: 400\"><br \/>\n<\/span><span style=\"font-weight: 400\">Compartilhe seu momento com Louvada nas redes sociais, use a hashtag #honre e marque a gente @cervejarialouvada.<\/span><span style=\"font-weight: 400\"><br \/>\n<\/span><span style=\"font-weight: 400\">Honre com modera\u00e7\u00e3o<\/span><span style=\"font-weight: 400\"><br \/>\n<\/span><i><span style=\"font-weight: 400\">Compartilhe seu momento com Louvada nas redes sociais, use a hashtag<\/span><\/i><b><i> #honre<\/i><\/b><i><span style=\"font-weight: 400\"> e marque a gente <\/span><\/i><b><i>@cervejarialouvada.<\/i><\/b><i><span style=\"font-weight: 400\"><br \/>\n<\/span><\/i><i><span style=\"font-weight: 400\"><br \/>\n<\/span><\/i><b>Compre clicando no bot\u00e3o abaixo<\/b><\/p>\n","protected":false},"featured_media":5936,"comment_status":"open","ping_status":"closed","template":"","meta":[],"product_brand":[],"product_cat":[95],"product_tag":[],"class_list":{"0":"post-12877","1":"product","2":"type-product","3":"status-publish","4":"has-post-thumbnail","6":"product_cat-sala-vip","8":"first","9":"instock","10":"shipping-taxable","11":"purchasable","12":"product-type-woosb"},"_links":{"self":[{"href":"https:\/\/louvada.com.br\/loja\/wp-json\/wp\/v2\/product\/12877","targetHints":{"allow":["GET"]}}],"collection":[{"href":"https:\/\/louvada.com.br\/loja\/wp-json\/wp\/v2\/product"}],"about":[{"href":"https:\/\/louvada.com.br\/loja\/wp-json\/wp\/v2\/types\/product"}],"replies":[{"embeddable":true,"href":"https:\/\/louvada.com.br\/loja\/wp-json\/wp\/v2\/comments?post=12877"}],"wp:featuredmedia":[{"embeddable":true,"href":"https:\/\/louvada.com.br\/loja\/wp-json\/wp\/v2\/media\/5936"}],"wp:attachment":[{"href":"https:\/\/louvada.com.br\/loja\/wp-json\/wp\/v2\/media?parent=12877"}],"wp:term":[{"taxonomy":"product_brand","embeddable":true,"href":"https:\/\/louvada.com.br\/loja\/wp-json\/wp\/v2\/product_brand?post=12877"},{"taxonomy":"product_cat","embeddable":true,"href":"https:\/\/louvada.com.br\/loja\/wp-json\/wp\/v2\/product_cat?post=12877"},{"taxonomy":"product_tag","embeddable":true,"href":"https:\/\/louvada.com.br\/loja\/wp-json\/wp\/v2\/product_tag?post=12877"}],"curies":[{"name":"wp","href":"https:\/\/api.w.org\/{rel}","templated":true}]}}