{"id":12883,"date":"2022-07-20T14:38:28","date_gmt":"2022-07-20T17:38:28","guid":{"rendered":"https:\/\/louvada.com.br\/loja\/?post_type=product&#038;p=12883"},"modified":"2023-02-27T18:14:52","modified_gmt":"2023-02-27T21:14:52","slug":"pack-louvada-bergamot-355ml-12-unidades-2","status":"publish","type":"product","link":"https:\/\/louvada.com.br\/loja\/produto\/pack-louvada-bergamot-355ml-12-unidades-2\/","title":{"rendered":"Pack Louvada Bergamot 355ml &#8211; 12 unidades"},"content":{"rendered":"<p><b>Cerveja:<\/b><span style=\"font-weight: 400\"> Louvada Bergamot<br \/>\n<\/span><b>Fam\u00edlia: <\/b><span style=\"font-weight: 400\">Ale<br \/>\n<\/span><b>Estilo:<\/b><span style=\"font-weight: 400\"> American Pale Ale<br \/>\n<\/span><b>Teor alco\u00f3lico: <\/b><span style=\"font-weight: 400\">5,5%<br \/>\n<\/span><b>IBU (Amargor): <\/b><span style=\"font-weight: 400\">50 IBU \u2013 Alto<br \/>\n<\/span><b>Ingredientes: <\/b><span style=\"font-weight: 400\">\u00c1gua, malte de cevada, l\u00fapulo e levedura.<br \/>\n<\/span><b>Temperatura ideal: <\/b><span style=\"font-weight: 400\">4\u00ba a 8\u00ba<br \/>\n<\/span><b>Colora\u00e7\u00e3o: <\/b><span style=\"font-weight: 400\">Cobre claro<br \/>\n<\/span><b>Dul\u00e7or:<\/b><span style=\"font-weight: 400\"> Baixa intensidade<br \/>\n<\/span><b>Sugest\u00e3o para uma experi\u00eancia de honra:<\/b><span style=\"font-weight: 400\"> Harmoniza com hamb\u00fargueres, lingui\u00e7as e queijos fortes.<\/span><\/p>\n<p><i><span style=\"font-weight: 400\">Permita-se arriscar em harmoniza\u00e7\u00f5es, a criatividade e os sentidos s\u00e3o infinitos. Busque notar as nuances que surgir\u00e3o com a intera\u00e7\u00e3o entre o alimento e a bebida.<\/span><\/i><i><span style=\"font-weight: 400\"><br \/>\n<\/span><\/i><i><span style=\"font-weight: 400\">Teste, arrisque, aprecie, divirta-se!<br \/>\nCompartilhe seu momento com Louvada nas redes sociais, use a hashtag<b> #honre<\/b> e marque a gente <b>@cervejarialouvada.<\/b><\/span><\/i><\/p>\n","protected":false},"excerpt":{"rendered":"<p><span style=\"font-weight: 400\">A Louvada Bergamot \u00e9 uma cerveja do estilo modern APA. <\/span><span style=\"font-weight: 400\">De colora\u00e7\u00e3o clara, o amargor presente e equilibrado com a citricidade do l\u00fapulo, a torna uma cerveja de personalidade marcante. O toque final fica por conta do aroma inconfund\u00edvel com notas c\u00edtricas de laranja e bergamota.\u00a0<\/span><\/p>\n<p><b>Cerveja sem gl\u00faten<br \/>\n<\/b><b>Teor alco\u00f3lico: <\/b><span style=\"font-weight: 400\">5,5%<br \/>\n<\/span><b>IBU (Amargor):<\/b><span style=\"font-weight: 400\"> 50 IBU \u2013 Alto<br \/>\n<b>N\u00e3o Pasteurizada: <\/b>manter refrigerada 0\u00ba a 5\u00ba<\/span><\/p>\n<p><span style=\"font-weight: 400\"><b>Premia\u00e7\u00f5es<br \/>\n<\/b>Medalha de ouro &#8211; World Beer Awards 2021<br \/>\nMedalha de prata \u2013 Brasil Beer Cup 2021<br \/>\n<\/span><\/p>\n<p><span style=\"font-weight: 400\"><br \/>\n<\/span><span style=\"font-weight: 400\">Honre com modera\u00e7\u00e3o<\/span><\/p>\n<p><span style=\"font-weight: 400\">A imagem da pack preta \u00e9 meramente ilustrativa. A cor pode variar conforme o nosso estoque.<\/span><\/p>\n<p><i><span style=\"font-weight: 400\">Compartilhe seu momento com Louvada nas redes sociais, use a hashtag<\/span><\/i><b><i> #honre<\/i><\/b><i><span style=\"font-weight: 400\"> e marque a gente <\/span><\/i><b><i>@cervejarialouvada.<\/i><\/b><i><span style=\"font-weight: 400\"><br \/>\n<\/span><\/i><i><span style=\"font-weight: 400\"><br \/>\n<\/span><\/i><b>Compre clicando no bot\u00e3o abaixo<\/b><\/p>\n","protected":false},"featured_media":11539,"comment_status":"open","ping_status":"closed","template":"","meta":[],"product_brand":[],"product_cat":[95],"product_tag":[],"class_list":{"0":"post-12883","1":"product","2":"type-product","3":"status-publish","4":"has-post-thumbnail","6":"product_cat-sala-vip","8":"first","9":"instock","10":"shipping-taxable","11":"purchasable","12":"product-type-woosb"},"_links":{"self":[{"href":"https:\/\/louvada.com.br\/loja\/wp-json\/wp\/v2\/product\/12883","targetHints":{"allow":["GET"]}}],"collection":[{"href":"https:\/\/louvada.com.br\/loja\/wp-json\/wp\/v2\/product"}],"about":[{"href":"https:\/\/louvada.com.br\/loja\/wp-json\/wp\/v2\/types\/product"}],"replies":[{"embeddable":true,"href":"https:\/\/louvada.com.br\/loja\/wp-json\/wp\/v2\/comments?post=12883"}],"wp:featuredmedia":[{"embeddable":true,"href":"https:\/\/louvada.com.br\/loja\/wp-json\/wp\/v2\/media\/11539"}],"wp:attachment":[{"href":"https:\/\/louvada.com.br\/loja\/wp-json\/wp\/v2\/media?parent=12883"}],"wp:term":[{"taxonomy":"product_brand","embeddable":true,"href":"https:\/\/louvada.com.br\/loja\/wp-json\/wp\/v2\/product_brand?post=12883"},{"taxonomy":"product_cat","embeddable":true,"href":"https:\/\/louvada.com.br\/loja\/wp-json\/wp\/v2\/product_cat?post=12883"},{"taxonomy":"product_tag","embeddable":true,"href":"https:\/\/louvada.com.br\/loja\/wp-json\/wp\/v2\/product_tag?post=12883"}],"curies":[{"name":"wp","href":"https:\/\/api.w.org\/{rel}","templated":true}]}}