{"id":1323,"date":"2020-04-13T13:37:17","date_gmt":"2020-04-13T16:37:17","guid":{"rendered":"https:\/\/louvada.com.br\/loja\/?post_type=product&#038;p=1323"},"modified":"2026-04-30T09:17:42","modified_gmt":"2026-04-30T12:17:42","slug":"2-packs-12-unidades-louvada-hop-lager-500ml","status":"publish","type":"product","link":"https:\/\/louvada.com.br\/loja\/produto\/2-packs-12-unidades-louvada-hop-lager-500ml\/","title":{"rendered":"Pack duplo Louvada Hop Lager 500ml &#8211; 24 unidades"},"content":{"rendered":"<ol>\n<li class=\"p1\"><span class=\"s1\">Cerveja: <b>Louvada Hop Lager<\/b><\/span><\/li>\n<li class=\"p1\"><span class=\"s1\">Fam\u00edlia: <b>Lager<\/b><\/span><\/li>\n<li class=\"p1\"><span class=\"s1\">Estilo: <b>American Lager<\/b><\/span><\/li>\n<li class=\"p1\"><span class=\"s1\">Teor alco\u00f3lico: <b>4,8%<\/b><\/span><\/li>\n<li class=\"p1\"><span class=\"s1\">IBU (Amargor): <b>25 IBU &#8211; M\u00e9dio<\/b><\/span><\/li>\n<li class=\"p1\"><span class=\"s1\">Ingredientes: <b>\u00c1gua, malte de cevada, l\u00fapulo e levedura.<\/b><\/span><\/li>\n<li class=\"p1\"><span class=\"s1\">Temperatura ideal: <b>1\u00ba a 4\u00ba<\/b><\/span><\/li>\n<li class=\"p1\"><span class=\"s1\">Colora\u00e7\u00e3o: <b>Amarelo palha<\/b><\/span><\/li>\n<li class=\"p1\"><span class=\"s1\">Dul\u00e7or: <b>Baixa intensidade<\/b><\/span><\/li>\n<\/ol>\n<p class=\"p1\"><span class=\"s1\">HARMONIZA\u00c7\u00c3O: <b>Hamb\u00fargueres, churrasco e queijos envelhecidos.<\/b><\/span><\/p>\n<p class=\"p1\"><span class=\"s1\">\u00a0<\/span><\/p>\n","protected":false},"excerpt":{"rendered":"<p>Conhecida pelo equil\u00edbrio sensorial, os l\u00fapulos e maltes proporcionam uma\u00a0cerveja leve e balanceada para honrar em todos os momentos.\u00a0Une a leveza de uma lager e o aroma das IPAs americanas.<\/p>\n<p><b>Cerveja sem gl\u00faten<br \/>\n<\/b><b>Teor alco\u00f3lico:<\/b>\u00a04,8%<br \/>\n<b>IBU (Amargor):\u00a0<\/b>25 IBU \u2013 M\u00e9dio<br \/>\n<b><br \/>\nPremia\u00e7\u00f5es<br \/>\n<\/b>Medalha de bronze \u2013 Brasil Beer Cup \u2013 2024<b><br \/>\n<\/b>Medalha de bronze \u2013 Concurso Brasileiro de Cervejas \u2013 2024<b><br \/>\n<\/b>Medalha de ouro \u2013 Copa Cerveja Brasil 2024<br \/>\nMedalha de bronze \u2013 Copa Cerveja Brasil 2023<b><br \/>\n<\/b>Medalha de ouro \u2013 Copa Cerveja Brasil 2023<br \/>\nMedalha de prata \u2013 Copa Cerveja Brasil 2023<br \/>\nMedalha de bronze \u2013 World Beer Awards 2023<b><\/b><br \/>\nMelhor cerveja Hop Lager do Brasil no Concurso Brasileiro de Cervejas \u2013 2023<br \/>\nMedalha de ouro \u2013 South Beer Cup 2022<br \/>\nMedalha de prata \u2013 World Beer Awards 2022<br \/>\nMedalha de prata \u2013 World Beer Awards 2021<br \/>\nMedalha de bronze \u2013 Concurso Brasileiro da Cerveja 2021<br \/>\nMedalha de prata \u2013 Concurso Brasileiro da Cerveja 2018<\/p>\n<p>Honre com modera\u00e7\u00e3o<\/p>\n<p>A imagem da pack preta \u00e9 meramente ilustrativa. A cor pode variar conforme o nosso estoque.<\/p>\n<p><i>Compartilhe seu momento com Louvada nas redes sociais, use a hashtag<\/i><b><i>\u00a0#honre<\/i><\/b><i>\u00a0e marque a gente\u00a0<\/i><b><i>@cervejarialouvada.<\/i><\/b><i><br \/>\n<\/i><i><br \/>\n<\/i><b>Compre clicando no bot\u00e3o abaixo<\/b><\/p>\n","protected":false},"featured_media":22208,"comment_status":"open","ping_status":"closed","template":"","meta":[],"product_brand":[],"product_cat":[56,75,74],"product_tag":[91,117,119],"class_list":{"0":"post-1323","1":"product","2":"type-product","3":"status-publish","4":"has-post-thumbnail","6":"product_cat-packs","7":"product_cat-lager","8":"product_cat-caixas","9":"product_tag-500ml","10":"product_tag-bf25","11":"product_tag-offer-march","13":"first","14":"instock","15":"featured","16":"shipping-taxable","17":"purchasable","18":"product-type-woosb"},"_links":{"self":[{"href":"https:\/\/louvada.com.br\/loja\/wp-json\/wp\/v2\/product\/1323","targetHints":{"allow":["GET"]}}],"collection":[{"href":"https:\/\/louvada.com.br\/loja\/wp-json\/wp\/v2\/product"}],"about":[{"href":"https:\/\/louvada.com.br\/loja\/wp-json\/wp\/v2\/types\/product"}],"replies":[{"embeddable":true,"href":"https:\/\/louvada.com.br\/loja\/wp-json\/wp\/v2\/comments?post=1323"}],"wp:featuredmedia":[{"embeddable":true,"href":"https:\/\/louvada.com.br\/loja\/wp-json\/wp\/v2\/media\/22208"}],"wp:attachment":[{"href":"https:\/\/louvada.com.br\/loja\/wp-json\/wp\/v2\/media?parent=1323"}],"wp:term":[{"taxonomy":"product_brand","embeddable":true,"href":"https:\/\/louvada.com.br\/loja\/wp-json\/wp\/v2\/product_brand?post=1323"},{"taxonomy":"product_cat","embeddable":true,"href":"https:\/\/louvada.com.br\/loja\/wp-json\/wp\/v2\/product_cat?post=1323"},{"taxonomy":"product_tag","embeddable":true,"href":"https:\/\/louvada.com.br\/loja\/wp-json\/wp\/v2\/product_tag?post=1323"}],"curies":[{"name":"wp","href":"https:\/\/api.w.org\/{rel}","templated":true}]}}