{"id":1329,"date":"2020-04-13T13:46:04","date_gmt":"2020-04-13T16:46:04","guid":{"rendered":"https:\/\/louvada.com.br\/loja\/?post_type=product&#038;p=1329"},"modified":"2026-04-30T09:17:33","modified_gmt":"2026-04-30T12:17:33","slug":"2-packs-12-unidades-louvada-ipa-500ml","status":"publish","type":"product","link":"https:\/\/louvada.com.br\/loja\/produto\/2-packs-12-unidades-louvada-ipa-500ml\/","title":{"rendered":"Pack duplo Louvada IPA 500ml &#8211; 24 unidades"},"content":{"rendered":"<ul class=\"ul1\">\n<li class=\"li1\">Cerveja: <b>Louvada IPA<\/b><\/li>\n<li class=\"li2\"><span class=\"s2\">Fam\u00edlia: <b>Ale<\/b><\/span><\/li>\n<li class=\"li2\"><span class=\"s2\">Estilo: <b>American India Pale Ale<\/b><\/span><\/li>\n<li class=\"li2\"><span class=\"s2\">Teor alco\u00f3lico: <b>6,5%<\/b><\/span><\/li>\n<li class=\"li2\"><span class=\"s2\">IBU (Amargor): <b>65 IBU &#8211; Alto<\/b><\/span><\/li>\n<li class=\"li2\"><span class=\"s2\">Ingredientes: <b>\u00c1gua, malte de cevada, l\u00fapulo e levedura.<\/b><\/span><\/li>\n<li class=\"li2\"><span class=\"s2\">Temperatura ideal: <b>4\u00ba a 10\u00ba<\/b><\/span><\/li>\n<li class=\"li2\"><span class=\"s2\">Colora\u00e7\u00e3o: <b>Cobre claro<\/b><\/span><\/li>\n<li class=\"li2\"><span class=\"s2\">Dul\u00e7or: <b>Baixa intensidade<\/b><\/span><\/li>\n<\/ul>\n<p class=\"p2\"><span class=\"s2\">HARMONIZA\u00c7\u00c3O: <b>Hamb\u00fargueres, salames, queijos fortes e churrasco.<\/b><\/span><\/p>\n","protected":false},"excerpt":{"rendered":"<p><span style=\"font-weight: 400\">Cerveja de colora\u00e7\u00e3o dourada, complexa e arom\u00e1tica.<\/span><span style=\"font-weight: 400\">Com equil\u00edbrio em destaque para os l\u00fapulos, a Louvada IPA possui amargor alto e perfil remetendo \u00e0s frutas amarelas tipo maracuj\u00e1 e abacaxi. <\/span><span style=\"font-weight: 400\">Cerveja de alta intensidade, a Louvada IPA \u00e9 reconhecida pelo seu corpo m\u00e9dio, carbonata\u00e7\u00e3o elevada e teor alco\u00f3lico intermedi\u00e1rio. <\/span><span style=\"font-weight: 400\"><br \/>\n<\/span><b><\/b><\/p>\n<p><b><span class=\"s1\">Cerveja sem gl\u00faten.<\/span><\/b><\/p>\n<p><b>Teor alco\u00f3lico: <\/b><span style=\"font-weight: 400\">6,5%<\/span><span style=\"font-weight: 400\"><br \/>\n<\/span><b>IBU (Amargor):<\/b><span style=\"font-weight: 400\"> 65 IBU \u2013 Alto<\/span><\/p>\n<p><span style=\"font-weight: 400\"><b>Premia\u00e7\u00f5es<br \/>\n<\/b>Medalha de prata \u2013 World Beer Awards 2022<br \/>\nMedalha de ouro \u2013 World Beer Awards 2021<br \/>\nMedalha de bronze \u2013 Copa Cerveja Brasil 2024<br \/>\nMedalha de bronze \u2013 Copa Cerveja Brasil 2024<br \/>\nMedalha de prata \u2013 Brasil Beer Cup 20244<br \/>\n<\/span><\/p>\n<p><span style=\"font-weight: 400\"><br \/>\n<\/span><span style=\"font-weight: 400\">Honre com modera\u00e7\u00e3o<\/span><\/p>\n<p><span style=\"font-weight: 400\">A imagem da pack preta \u00e9 meramente ilustrativa. A cor pode variar conforme o nosso estoque.<\/span><\/p>\n<p><i><span style=\"font-weight: 400\">Compartilhe seu momento com Louvada nas redes sociais, use a hashtag<\/span><\/i><b><i> #honre<\/i><\/b><i><span style=\"font-weight: 400\"> e marque a gente <\/span><\/i><b><i>@cervejarialouvada.<\/i><\/b><i><span style=\"font-weight: 400\"><br \/>\n<\/span><\/i><i><span style=\"font-weight: 400\"><br \/>\n<\/span><\/i><b>Compre clicando no bot\u00e3o abaixo<\/b><\/p>\n","protected":false},"featured_media":19630,"comment_status":"open","ping_status":"closed","template":"","meta":[],"product_brand":[],"product_cat":[83,56,74],"product_tag":[91,117,119],"class_list":{"0":"post-1329","1":"product","2":"type-product","3":"status-publish","4":"has-post-thumbnail","6":"product_cat-ipa","7":"product_cat-packs","8":"product_cat-caixas","9":"product_tag-500ml","10":"product_tag-bf25","11":"product_tag-offer-march","13":"first","14":"instock","15":"shipping-taxable","16":"purchasable","17":"product-type-woosb"},"_links":{"self":[{"href":"https:\/\/louvada.com.br\/loja\/wp-json\/wp\/v2\/product\/1329","targetHints":{"allow":["GET"]}}],"collection":[{"href":"https:\/\/louvada.com.br\/loja\/wp-json\/wp\/v2\/product"}],"about":[{"href":"https:\/\/louvada.com.br\/loja\/wp-json\/wp\/v2\/types\/product"}],"replies":[{"embeddable":true,"href":"https:\/\/louvada.com.br\/loja\/wp-json\/wp\/v2\/comments?post=1329"}],"wp:featuredmedia":[{"embeddable":true,"href":"https:\/\/louvada.com.br\/loja\/wp-json\/wp\/v2\/media\/19630"}],"wp:attachment":[{"href":"https:\/\/louvada.com.br\/loja\/wp-json\/wp\/v2\/media?parent=1329"}],"wp:term":[{"taxonomy":"product_brand","embeddable":true,"href":"https:\/\/louvada.com.br\/loja\/wp-json\/wp\/v2\/product_brand?post=1329"},{"taxonomy":"product_cat","embeddable":true,"href":"https:\/\/louvada.com.br\/loja\/wp-json\/wp\/v2\/product_cat?post=1329"},{"taxonomy":"product_tag","embeddable":true,"href":"https:\/\/louvada.com.br\/loja\/wp-json\/wp\/v2\/product_tag?post=1329"}],"curies":[{"name":"wp","href":"https:\/\/api.w.org\/{rel}","templated":true}]}}