{"id":1330,"date":"2020-04-13T13:47:15","date_gmt":"2020-04-13T16:47:15","guid":{"rendered":"https:\/\/louvada.com.br\/loja\/?post_type=product&#038;p=1330"},"modified":"2026-04-30T09:20:31","modified_gmt":"2026-04-30T12:20:31","slug":"2-packs-12-unidades-louvada-catharina-sour-laranja-355ml","status":"publish","type":"product","link":"https:\/\/louvada.com.br\/loja\/produto\/2-packs-12-unidades-louvada-catharina-sour-laranja-355ml\/","title":{"rendered":"Pack duplo Louvada Catharina Sour Laranja 355ml &#8211; 24 unidades"},"content":{"rendered":"<ul>\n<li class=\"p1\">Cerveja: <b>Louvada Catharina Sour Laranja<\/b><\/li>\n<li class=\"p2\"><span class=\"s1\">Fam\u00edlia: <b>Ale<\/b><\/span><\/li>\n<li class=\"p2\"><span class=\"s1\">Estilo: <b>Catharina Sour<\/b><\/span><\/li>\n<li class=\"p2\"><span class=\"s1\">Teor alco\u00f3lico: <b>4,6%<\/b><\/span><\/li>\n<li class=\"p2\"><span class=\"s1\">IBU (Amargor): <b>05 IBU &#8211; Baixo<\/b><\/span><\/li>\n<li class=\"p2\"><span class=\"s1\">Ingredientes: <b>\u00c1gua, malte de cevada, malte de trigo, suco de laranja, l\u00fapulo e levedura.<\/b><\/span><\/li>\n<li class=\"p2\"><span class=\"s1\">Temperatura ideal: <b>2\u00ba a 6\u00ba<\/b><\/span><\/li>\n<li class=\"p2\"><span class=\"s1\">Colora\u00e7\u00e3o: <b>Amarela<\/b><\/span><\/li>\n<li class=\"p2\"><span class=\"s1\">Dul\u00e7or: <b>Baixa intensidade<\/b><\/span><\/li>\n<\/ul>\n<p class=\"p3\"><span class=\"s1\">HARMONIZA\u00c7\u00c3O: <b>Ceviche, saladas e peixes.<\/b><\/span><\/p>\n","protected":false},"excerpt":{"rendered":"<p class=\"p1\"><span class=\"s1\">Leve, extremamente saborosa e de alta carbonata\u00e7\u00e3o, a Louvada Catharina Sour se destaca pelo equil\u00edbrio perfeito da acidez procedente do estilo e aromas de frutas.\u00a0<\/span><\/p>\n<ul class=\"ul1\">\n<li class=\"li2\"><span class=\"s1\">Teor alco\u00f3lico: 4,6%<\/span><\/li>\n<li class=\"li2\"><span class=\"s1\">IBU (Amargor): 05 IBU &#8211; Baixo<\/span><\/li>\n<\/ul>\n","protected":false},"featured_media":21585,"comment_status":"open","ping_status":"closed","template":"","meta":[],"product_brand":[],"product_cat":[56,80,74],"product_tag":[90,117,100,119],"class_list":{"0":"post-1330","1":"product","2":"type-product","3":"status-publish","4":"has-post-thumbnail","6":"product_cat-packs","7":"product_cat-sours","8":"product_cat-caixas","9":"product_tag-355ml","10":"product_tag-bf25","11":"product_tag-long-neck","12":"product_tag-offer-march","14":"first","15":"instock","16":"shipping-taxable","17":"purchasable","18":"product-type-woosb"},"_links":{"self":[{"href":"https:\/\/louvada.com.br\/loja\/wp-json\/wp\/v2\/product\/1330","targetHints":{"allow":["GET"]}}],"collection":[{"href":"https:\/\/louvada.com.br\/loja\/wp-json\/wp\/v2\/product"}],"about":[{"href":"https:\/\/louvada.com.br\/loja\/wp-json\/wp\/v2\/types\/product"}],"replies":[{"embeddable":true,"href":"https:\/\/louvada.com.br\/loja\/wp-json\/wp\/v2\/comments?post=1330"}],"wp:featuredmedia":[{"embeddable":true,"href":"https:\/\/louvada.com.br\/loja\/wp-json\/wp\/v2\/media\/21585"}],"wp:attachment":[{"href":"https:\/\/louvada.com.br\/loja\/wp-json\/wp\/v2\/media?parent=1330"}],"wp:term":[{"taxonomy":"product_brand","embeddable":true,"href":"https:\/\/louvada.com.br\/loja\/wp-json\/wp\/v2\/product_brand?post=1330"},{"taxonomy":"product_cat","embeddable":true,"href":"https:\/\/louvada.com.br\/loja\/wp-json\/wp\/v2\/product_cat?post=1330"},{"taxonomy":"product_tag","embeddable":true,"href":"https:\/\/louvada.com.br\/loja\/wp-json\/wp\/v2\/product_tag?post=1330"}],"curies":[{"name":"wp","href":"https:\/\/api.w.org\/{rel}","templated":true}]}}