{"id":1333,"date":"2020-04-13T13:47:24","date_gmt":"2020-04-13T16:47:24","guid":{"rendered":"https:\/\/louvada.com.br\/loja\/?post_type=product&#038;p=1333"},"modified":"2026-03-13T09:12:17","modified_gmt":"2026-03-13T12:12:17","slug":"2-packs-12-unidades-dark-side-330ml","status":"publish","type":"product","link":"https:\/\/louvada.com.br\/loja\/produto\/2-packs-12-unidades-dark-side-330ml\/","title":{"rendered":"Louvada Dark Side 355ml &#8211; 24 unidades"},"content":{"rendered":"<ul>\n<li class=\"p1\">Cerveja: <b>Dark Side<\/b><\/li>\n<li class=\"p2\"><span class=\"s1\">Fam\u00edlia: <b>Ale<\/b><\/span><\/li>\n<li class=\"p2\"><span class=\"s1\">Estilo: <b>Russian Imperial Stout<\/b><\/span><\/li>\n<li class=\"p2\"><span class=\"s1\">Teor alco\u00f3lico: <b>8,5%<\/b><\/span><\/li>\n<li class=\"p2\"><span class=\"s1\">IBU (Amargor): <b>45 IBU &#8211; Alto<\/b><\/span><\/li>\n<li class=\"p2\"><span class=\"s1\">Ingredientes: <b>\u00c1gua, malte de cevada, aveia em floco, baunilha, ac\u00facar mascavo, l\u00fapulo e levedura.<\/b><\/span><\/li>\n<li class=\"p2\"><span class=\"s1\">Temperatura ideal: <b>8\u00ba a 12\u00ba<\/b><\/span><\/li>\n<li class=\"p2\"><span class=\"s1\">Colora\u00e7\u00e3o: <b>Preta<\/b><\/span><\/li>\n<li class=\"p2\"><span class=\"s1\">Dul\u00e7or: <b>M\u00e9dia intensidade<\/b><\/span><\/li>\n<\/ul>\n<p class=\"p2\"><span class=\"s1\">HARMONIZA\u00c7\u00c3O: <b>Sobremesas a base de chocolates.<\/b><\/span><\/p>\n","protected":false},"excerpt":{"rendered":"<p>Uma leg\u00edtima Russian Imperial Stout de alto teor alco\u00f3lico e m\u00e9dio amargor, \u00e9 maturada em barril de amburana, e tem em sua composi\u00e7\u00e3o a\u00e7\u00facar mascavo e favas de baunilha.<\/p>\n<p><b>Cerveja sem gl\u00faten<br \/>\n<\/b><b>Teor alco\u00f3lico:<\/b>\u00a08,5%<br \/>\n<b>IBU (Amargor):<\/b>\u00a045 IBU \u2013 Alto<\/p>\n<p><b>Premia\u00e7\u00f5es<\/b><\/p>\n<p><b><span style=\"font-weight: 400\">Medalha de Ouro &#8211; Copa cerveja Brasil 2024<\/span><br \/>\n<\/b><span style=\"font-weight: 400\">Medalha de Ouro &#8211; Copa cerveja Brasil 2024<br \/>\nMedalha de bronze &#8211; Copa cerveja Brasil 2023<br \/>\nMedalha de bronze &#8211; Brasil Beer Cup 2022<br \/>\n<\/span><span style=\"font-weight: 400\">Medalha de ouro &#8211; Concurso Brasileiro da Cerveja 2016<\/span><\/p>\n<p>Honre com modera\u00e7\u00e3o<\/p>\n<p>A imagem da pack preta \u00e9 meramente ilustrativa. A cor pode variar conforme o nosso estoque.<\/p>\n<p><i>Compartilhe seu momento com Louvada nas redes sociais, use a hashtag<\/i><b><i>\u00a0#honre<\/i><\/b><i>\u00a0e marque a gente\u00a0<\/i><b><i>@cervejarialouvada.<\/i><\/b><i><br \/>\n<\/i><i><br \/>\n<\/i><b>Compre clicando no bot\u00e3o abaixo<\/b><\/p>\n","protected":false},"featured_media":22150,"comment_status":"open","ping_status":"closed","template":"","meta":[],"product_brand":[],"product_cat":[56,68,74,58],"product_tag":[90,100],"class_list":{"0":"post-1333","1":"product","2":"type-product","3":"status-publish","4":"has-post-thumbnail","6":"product_cat-packs","7":"product_cat-escuras","8":"product_cat-caixas","9":"product_cat-premiadas","10":"product_tag-355ml","11":"product_tag-long-neck","13":"first","14":"instock","15":"shipping-taxable","16":"purchasable","17":"product-type-woosb"},"_links":{"self":[{"href":"https:\/\/louvada.com.br\/loja\/wp-json\/wp\/v2\/product\/1333","targetHints":{"allow":["GET"]}}],"collection":[{"href":"https:\/\/louvada.com.br\/loja\/wp-json\/wp\/v2\/product"}],"about":[{"href":"https:\/\/louvada.com.br\/loja\/wp-json\/wp\/v2\/types\/product"}],"replies":[{"embeddable":true,"href":"https:\/\/louvada.com.br\/loja\/wp-json\/wp\/v2\/comments?post=1333"}],"wp:featuredmedia":[{"embeddable":true,"href":"https:\/\/louvada.com.br\/loja\/wp-json\/wp\/v2\/media\/22150"}],"wp:attachment":[{"href":"https:\/\/louvada.com.br\/loja\/wp-json\/wp\/v2\/media?parent=1333"}],"wp:term":[{"taxonomy":"product_brand","embeddable":true,"href":"https:\/\/louvada.com.br\/loja\/wp-json\/wp\/v2\/product_brand?post=1333"},{"taxonomy":"product_cat","embeddable":true,"href":"https:\/\/louvada.com.br\/loja\/wp-json\/wp\/v2\/product_cat?post=1333"},{"taxonomy":"product_tag","embeddable":true,"href":"https:\/\/louvada.com.br\/loja\/wp-json\/wp\/v2\/product_tag?post=1333"}],"curies":[{"name":"wp","href":"https:\/\/api.w.org\/{rel}","templated":true}]}}