{"id":14112,"date":"2023-02-06T16:18:36","date_gmt":"2023-02-06T19:18:36","guid":{"rendered":"https:\/\/louvada.com.br\/loja\/?post_type=product&#038;p=14112"},"modified":"2026-03-13T09:11:19","modified_gmt":"2026-03-13T12:11:19","slug":"pack-louvada-porter-500ml-24-unidades","status":"publish","type":"product","link":"https:\/\/louvada.com.br\/loja\/produto\/pack-louvada-porter-500ml-24-unidades\/","title":{"rendered":"Pack Louvada Porter 500ml &#8211; 24 unidades"},"content":{"rendered":"<p><b>Cerveja: Porter<\/b><span style=\"font-weight: 400\"><br \/>\n<\/span><b>Fam\u00edlia:<\/b><span style=\"font-weight: 400\"> Ale<\/span><span style=\"font-weight: 400\"><br \/>\n<\/span><b>Estilo:<\/b><span style=\"font-weight: 400\"> Porter<\/span><span style=\"font-weight: 400\"><br \/>\n<\/span><b>Teor alco\u00f3lico: <\/b>5<span style=\"font-weight: 400\">,4%<\/span><span style=\"font-weight: 400\"><br \/>\n<\/span><b>IBU (Amargor):<\/b><span style=\"font-weight: 400\"> 15 IBU \u2013 Baixo<\/span><span style=\"font-weight: 400\"><br \/>\n<\/span><b>Ingredientes:<\/b><span style=\"font-weight: 400\"> \u00c1gua, malte de cevada, l\u00fapulo e levedura.<\/span><span style=\"font-weight: 400\"><br \/>\n<\/span><b>Temperatura ideal:<\/b><span style=\"font-weight: 400\"> 5\u00ba a 8\u00ba<\/span><span style=\"font-weight: 400\"><br \/>\n<\/span><b>Colora\u00e7\u00e3o:<\/b><span style=\"font-weight: 400\"> Preta<\/span><span style=\"font-weight: 400\"><br \/>\n<\/span><b>Dul\u00e7or:<\/b> Media<span style=\"font-weight: 400\">\u00a0intensidade<\/span><span style=\"font-weight: 400\"><br \/>\n<\/span><b>Sugest\u00e3o para uma experi\u00eancia de honra:<\/b> Harmoniza\u00e7\u00e3o com pudim de leite, Brownie, Petit gateau, Carnes e Vegetais grelhados<\/p>\n<p><span style=\"font-weight: 400\">Permita-se arriscar em harmoniza\u00e7\u00f5es, a criatividade e os sentidos s\u00e3o infinitos. Busque notar as nuances que surgir\u00e3o com a intera\u00e7\u00e3o entre o alimento e a bebida.<br \/>\n<\/span><\/p>\n<p><span style=\"font-weight: 400\">Teste, arrisque, aprecie, divirta-se!<br \/>\n<\/span><i><\/i><i><span style=\"font-weight: 400\">Compartilhe seu momento com Louvada nas redes sociais, use a hashtag<\/span><\/i><b><i> #honre<\/i><\/b><i><span style=\"font-weight: 400\"> e marque a gente <\/span><\/i><b><i>@cervejarialouvada.<\/i><\/b><\/p>\n","protected":false},"excerpt":{"rendered":"<p><span style=\"font-weight: 400\">Cerveja cl\u00e1ssica de origem inglesa. Possui colora\u00e7\u00e3o escura e amargor baixo. A combina\u00e7\u00e3o de 7 maltes de Louvada Porter traz aroma e sabor de castanhas e chocolate. Uma cerveja escura por\u00e9m leve e equilibrada.<\/span><\/p>\n<p><b>Cerveja sem gl\u00faten<\/b><span style=\"font-weight: 400\"><br \/>\n<\/span><b>Teor alco\u00f3lico: <\/b>5<span style=\"font-weight: 400\">,4%<\/span><span style=\"font-weight: 400\"><br \/>\n<\/span><b>IBU (Amargor):<\/b><span style=\"font-weight: 400\"> 15 IBU \u2013 Baixo<\/span><\/p>\n<p><span style=\"font-weight: 400\">Honre com modera\u00e7\u00e3o<\/span><span style=\"font-weight: 400\"><br \/>\n<\/span><i><span style=\"font-weight: 400\">Compartilhe seu momento com Louvada nas redes sociais, use a hashtag<\/span><\/i><b><i> #honre<\/i><\/b><i><span style=\"font-weight: 400\"> e marque a gente <\/span><\/i><b><i>@cervejarialouvada.<\/i><\/b><i><span style=\"font-weight: 400\"><br \/>\n<\/span><\/i><i><span style=\"font-weight: 400\"><br \/>\n<\/span><\/i><b>Compre clicando no bot\u00e3o abaixo<\/b><span style=\"font-weight: 400\"><br \/>\n<\/span><\/p>\n","protected":false},"featured_media":14113,"comment_status":"open","ping_status":"closed","template":"","meta":[],"product_brand":[],"product_cat":[56,68,74],"product_tag":[91],"class_list":{"0":"post-14112","1":"product","2":"type-product","3":"status-publish","4":"has-post-thumbnail","6":"product_cat-packs","7":"product_cat-escuras","8":"product_cat-caixas","9":"product_tag-500ml","11":"first","12":"instock","13":"featured","14":"shipping-taxable","15":"purchasable","16":"product-type-woosb"},"_links":{"self":[{"href":"https:\/\/louvada.com.br\/loja\/wp-json\/wp\/v2\/product\/14112","targetHints":{"allow":["GET"]}}],"collection":[{"href":"https:\/\/louvada.com.br\/loja\/wp-json\/wp\/v2\/product"}],"about":[{"href":"https:\/\/louvada.com.br\/loja\/wp-json\/wp\/v2\/types\/product"}],"replies":[{"embeddable":true,"href":"https:\/\/louvada.com.br\/loja\/wp-json\/wp\/v2\/comments?post=14112"}],"wp:featuredmedia":[{"embeddable":true,"href":"https:\/\/louvada.com.br\/loja\/wp-json\/wp\/v2\/media\/14113"}],"wp:attachment":[{"href":"https:\/\/louvada.com.br\/loja\/wp-json\/wp\/v2\/media?parent=14112"}],"wp:term":[{"taxonomy":"product_brand","embeddable":true,"href":"https:\/\/louvada.com.br\/loja\/wp-json\/wp\/v2\/product_brand?post=14112"},{"taxonomy":"product_cat","embeddable":true,"href":"https:\/\/louvada.com.br\/loja\/wp-json\/wp\/v2\/product_cat?post=14112"},{"taxonomy":"product_tag","embeddable":true,"href":"https:\/\/louvada.com.br\/loja\/wp-json\/wp\/v2\/product_tag?post=14112"}],"curies":[{"name":"wp","href":"https:\/\/api.w.org\/{rel}","templated":true}]}}