{"id":17001,"date":"2023-10-20T15:35:02","date_gmt":"2023-10-20T18:35:02","guid":{"rendered":"https:\/\/louvada.com.br\/loja\/?post_type=product&#038;p=17001"},"modified":"2025-12-11T11:50:41","modified_gmt":"2025-12-11T14:50:41","slug":"louvada-barely-wine-375ml-pack-6-unidades","status":"publish","type":"product","link":"https:\/\/louvada.com.br\/loja\/produto\/louvada-barely-wine-375ml-pack-6-unidades\/","title":{"rendered":"Pack Louvada Barley Wine 375ml &#8211; 6 Unidades"},"content":{"rendered":"<p>Louvada Barley Wine | Caracter\u00edsticas:<\/p>\n<p>Volume: 375ml<br \/>\n\u00c1lcool: 10.0% VOL<br \/>\nAmargor: 50 IBU<br \/>\nFam\u00edlia: Ale<br \/>\nEstilo: American Barley Wine<br \/>\nCor: 38 EBC<br \/>\nTemperatura ideal de degusta\u00e7\u00e3o: entre 6\u00baC a 8\u00baC<\/p>\n<p><span style=\"font-weight: 400\"><br \/>\n<\/span><b>Sugest\u00e3o para uma experi\u00eancia de honra:<\/b> Harmonize com carne de panela, costela assada, queijos intensos e, para os mais requintados, foie gras.<\/p>\n<p><span style=\"font-weight: 400\">Permita-se arriscar em harmoniza\u00e7\u00f5es, a criatividade e os sentidos s\u00e3o infinitos. Busque notar as nuances que surgir\u00e3o com a intera\u00e7\u00e3o entre o alimento e a bebida.<br \/>\n<\/span><\/p>\n<p><span style=\"font-weight: 400\">Teste, arrisque, aprecie, divirta-se!<br \/>\n<\/span><i><\/i><i><span style=\"font-weight: 400\">Compartilhe seu momento com Louvada nas redes sociais, use a hashtag<\/span><\/i><b><i> #honre<\/i><\/b><i><span style=\"font-weight: 400\"> e marque a gente <\/span><\/i><b><i>@cervejarialouvada.<\/i><\/b><\/p>\n","protected":false},"excerpt":{"rendered":"<p>Barley Wine | Imagine uma cerveja que re\u00fane sofistica\u00e7\u00e3o e requinte, ecoando o sabor marcante do vinho do Porto com um toque adocicado do malte. A nossa Louvada Barley Wine, inspirada nas tradicionais receitas brit\u00e2nicas, \u00e9 uma cerveja que apresenta uma rica fus\u00e3o de aromas maltados, corpo robusto e teor alco\u00f3lico acentuado.<\/p>\n<p>Maturada por 6 meses em barril de carvalho, ela \u00e9 uma obra-prima que voc\u00ea vai querer honrar at\u00e9 o \u00faltimo gole.<\/p>\n<p><b>Cerveja sem gl\u00faten<\/b><span style=\"font-weight: 400\"><br \/>\n<\/span><b>Teor alco\u00f3lico: 10<\/b><span style=\"font-weight: 400\">,0%<\/span><span style=\"font-weight: 400\"><br \/>\n<\/span><b>IBU (Amargor):<\/b><span style=\"font-weight: 400\"> 50 IBU \u2013 Alto<\/span><\/p>\n<p><b>Premia\u00e7\u00f5es<\/b><br \/>\nMedalha de prata \u2013 Copa cerveja Brasil 2024<br \/>\nMedalha de Ouro \u2013 Brasil Beer Cup 2024<\/p>\n<p>&nbsp;<\/p>\n<p><span style=\"font-weight: 400\">Honre com modera\u00e7\u00e3o<\/span><span style=\"font-weight: 400\"><br \/>\n<\/span><i><span style=\"font-weight: 400\">Compartilhe seu momento com Louvada nas redes sociais, use a hashtag<\/span><\/i><b><i> #honre<\/i><\/b><i><span style=\"font-weight: 400\"> e marque a gente <\/span><\/i><b><i>@cervejarialouvada.<\/i><\/b><i><span style=\"font-weight: 400\"><br \/>\n<\/span><\/i><i><span style=\"font-weight: 400\"><br \/>\n<\/span><\/i><b>Compre clicando no bot\u00e3o abaixo<\/b><span style=\"font-weight: 400\"><br \/>\n<\/span><\/p>\n","protected":false},"featured_media":22159,"comment_status":"open","ping_status":"closed","template":"","meta":[],"product_brand":[],"product_cat":[96,56,68],"product_tag":[90,100],"class_list":{"0":"post-17001","1":"product","2":"type-product","3":"status-publish","4":"has-post-thumbnail","6":"product_cat-caixa","7":"product_cat-packs","8":"product_cat-escuras","9":"product_tag-355ml","10":"product_tag-long-neck","12":"first","13":"outofstock","14":"featured","15":"shipping-taxable","16":"purchasable","17":"product-type-woosb"},"_links":{"self":[{"href":"https:\/\/louvada.com.br\/loja\/wp-json\/wp\/v2\/product\/17001","targetHints":{"allow":["GET"]}}],"collection":[{"href":"https:\/\/louvada.com.br\/loja\/wp-json\/wp\/v2\/product"}],"about":[{"href":"https:\/\/louvada.com.br\/loja\/wp-json\/wp\/v2\/types\/product"}],"replies":[{"embeddable":true,"href":"https:\/\/louvada.com.br\/loja\/wp-json\/wp\/v2\/comments?post=17001"}],"wp:featuredmedia":[{"embeddable":true,"href":"https:\/\/louvada.com.br\/loja\/wp-json\/wp\/v2\/media\/22159"}],"wp:attachment":[{"href":"https:\/\/louvada.com.br\/loja\/wp-json\/wp\/v2\/media?parent=17001"}],"wp:term":[{"taxonomy":"product_brand","embeddable":true,"href":"https:\/\/louvada.com.br\/loja\/wp-json\/wp\/v2\/product_brand?post=17001"},{"taxonomy":"product_cat","embeddable":true,"href":"https:\/\/louvada.com.br\/loja\/wp-json\/wp\/v2\/product_cat?post=17001"},{"taxonomy":"product_tag","embeddable":true,"href":"https:\/\/louvada.com.br\/loja\/wp-json\/wp\/v2\/product_tag?post=17001"}],"curies":[{"name":"wp","href":"https:\/\/api.w.org\/{rel}","templated":true}]}}