{"id":18516,"date":"2024-05-29T10:26:09","date_gmt":"2024-05-29T13:26:09","guid":{"rendered":"https:\/\/louvada.com.br\/loja\/?post_type=product&#038;p=18516"},"modified":"2026-04-24T11:40:57","modified_gmt":"2026-04-24T14:40:57","slug":"louvada-double-neipa","status":"publish","type":"product","link":"https:\/\/louvada.com.br\/loja\/produto\/louvada-double-neipa\/","title":{"rendered":"LOUVADA DOUBLE NEIPA"},"content":{"rendered":"<p><b>Cerveja:<\/b><span style=\"font-weight: 400\"> Louvada Double Neipa<\/span><span style=\"font-weight: 400\"><br \/>\n<\/span><b>Fam\u00edlia: <\/b>Ale\u00a0<span style=\"font-weight: 400\"><br \/>\n<\/span><b>Estilo:<\/b><span style=\"font-weight: 400\"> New England India Pale Ale<\/span><span style=\"font-weight: 400\"><br \/>\n<\/span><b>Teor alco\u00f3lico:<\/b><span style=\"font-weight: 400\"> 8,5%<\/span><span style=\"font-weight: 400\"><br \/>\n<\/span><b>IBU (Amargor): <\/b>60<span style=\"font-weight: 400\"> IBU \u2013 alto<\/span><span style=\"font-weight: 400\"><br \/>\n<\/span><b>Ingredientes: <\/b>\u00c1gua, Malte de Cevada, Aveia em Flocos, L\u00fapulo e Levedura.<span style=\"font-weight: 400\"><br \/>\n<\/span><b>Temperatura ideal:<\/b> 4<span style=\"font-weight: 400\">\u00ba a 8\u00ba C<\/span><span style=\"font-weight: 400\"><br \/>\n<\/span><b>Colora\u00e7\u00e3o: <\/b>Dourado profundo<span style=\"font-weight: 400\"><br \/>\n<\/span><b>Dul\u00e7or: <\/b><span style=\"font-weight: 400\">Baixa intensidade<\/span><span style=\"font-weight: 400\"><br \/>\n<\/span><b>Sugest\u00e3o para uma experi\u00eancia de honra:<\/b><span style=\"font-weight: 400\"> Carne su\u00edna ao molho de frutas amarelas, Panna Cotta de maracuj\u00e1.<\/span><\/p>\n<p><i>Permita-se arriscar em harmoniza\u00e7\u00f5es, a criatividade e os sentidos s\u00e3o infinitos. Busque notar as nuances que surgir\u00e3o com a intera\u00e7\u00e3o entre o alimento e a bebida.<\/i><i><br \/>\n<\/i><i>Teste, arrisque, aprecie, divirta-se!<br \/>\nCompartilhe seu momento com Louvada nas redes sociais, use a hashtag<b> #honre<\/b> e marque a gente <b>@cervejarialouvada.<\/b><\/i><\/p>\n","protected":false},"excerpt":{"rendered":"<p>A Double NEIPA da Louvada \u00e9 uma cerveja de colora\u00e7\u00e3o amarelo vibrante e turva. Ela \u00e9 uma explos\u00e3o de sabores e aromas, com notas de frutas amarelas como maracuj\u00e1, manga, p\u00eassego e abacaxi, que d\u00e3o um toque inusitado no paladar. Com textura aveludada e amargor que \u00e9 ao mesmo tempo marcante e equilibrado, ela \u00e9 perfeita para honrar at\u00e9 o \u00faltimo gole<\/p>\n<p><b>Cerveja sem gl\u00faten<br \/>\n<\/b><b>Teor alco\u00f3lico:<\/b> 8,5%<br \/>\n<b>IBU (Amargor): 60<\/b> IBU \u2013 Alto<\/p>\n<p><strong>Premia\u00e7\u00f5es<br \/>\n<\/strong>Medalha de bronze &#8211; Brasil Beer Cup 2024<\/p>\n<p>Honre com modera\u00e7\u00e3o<br \/>\n<i>Compartilhe seu momento com Louvada nas redes sociais, use a hashtag<\/i><b><i>\u00a0#honre<\/i><\/b><i>\u00a0e marque a gente\u00a0<\/i><b><i>@cervejarialouvada.<\/i><\/b><i><br \/>\n<\/i><\/p>\n","protected":false},"featured_media":22391,"comment_status":"open","ping_status":"closed","template":"","meta":[],"product_brand":[],"product_cat":[55,82],"product_tag":[113,114],"class_list":{"0":"post-18516","1":"product","2":"type-product","3":"status-publish","4":"has-post-thumbnail","6":"product_cat-cervejas","7":"product_cat-neipa","8":"product_tag-473ml","9":"product_tag-lata","11":"first","12":"outofstock","13":"shipping-taxable","14":"purchasable","15":"product-type-simple"},"_links":{"self":[{"href":"https:\/\/louvada.com.br\/loja\/wp-json\/wp\/v2\/product\/18516","targetHints":{"allow":["GET"]}}],"collection":[{"href":"https:\/\/louvada.com.br\/loja\/wp-json\/wp\/v2\/product"}],"about":[{"href":"https:\/\/louvada.com.br\/loja\/wp-json\/wp\/v2\/types\/product"}],"replies":[{"embeddable":true,"href":"https:\/\/louvada.com.br\/loja\/wp-json\/wp\/v2\/comments?post=18516"}],"wp:featuredmedia":[{"embeddable":true,"href":"https:\/\/louvada.com.br\/loja\/wp-json\/wp\/v2\/media\/22391"}],"wp:attachment":[{"href":"https:\/\/louvada.com.br\/loja\/wp-json\/wp\/v2\/media?parent=18516"}],"wp:term":[{"taxonomy":"product_brand","embeddable":true,"href":"https:\/\/louvada.com.br\/loja\/wp-json\/wp\/v2\/product_brand?post=18516"},{"taxonomy":"product_cat","embeddable":true,"href":"https:\/\/louvada.com.br\/loja\/wp-json\/wp\/v2\/product_cat?post=18516"},{"taxonomy":"product_tag","embeddable":true,"href":"https:\/\/louvada.com.br\/loja\/wp-json\/wp\/v2\/product_tag?post=18516"}],"curies":[{"name":"wp","href":"https:\/\/api.w.org\/{rel}","templated":true}]}}