{"id":18519,"date":"2024-05-29T10:40:27","date_gmt":"2024-05-29T13:40:27","guid":{"rendered":"https:\/\/louvada.com.br\/loja\/?post_type=product&#038;p=18519"},"modified":"2025-10-21T09:50:12","modified_gmt":"2025-10-21T12:50:12","slug":"pack-6-unidades-louvada-double-neipa-473ml","status":"publish","type":"product","link":"https:\/\/louvada.com.br\/loja\/produto\/pack-6-unidades-louvada-double-neipa-473ml\/","title":{"rendered":"Pack 6 unidades Louvada Double Neipa 473ml"},"content":{"rendered":"","protected":false},"excerpt":{"rendered":"<p>A Double NEIPA da Louvada \u00e9 uma cerveja de colora\u00e7\u00e3o amarelo vibrante e turva. Ela \u00e9 uma explos\u00e3o de sabores e aromas, com notas de frutas amarelas como maracuj\u00e1, manga, p\u00eassego e abacaxi, que d\u00e3o um toque inusitado no paladar. Com textura aveludada e amargor que \u00e9 ao mesmo tempo marcante e equilibrado, ela \u00e9 perfeita para honrar at\u00e9 o \u00faltimo gole<\/p>\n<p><b>Cerveja sem gl\u00faten<br \/>\n<\/b><b>Teor alco\u00f3lico:<\/b> 8,5%<br \/>\n<b>IBU (Amargor): 60<\/b> IBU \u2013 Alto<\/p>\n<p><strong>Premia\u00e7\u00f5es<br \/>\n<\/strong>Medalha de bronze &#8211; Brasil Beer Cup 2024<\/p>\n<p>Honre com modera\u00e7\u00e3o<br \/>\n<i>Compartilhe seu momento com Louvada nas redes sociais, use a hashtag<\/i><b><i>\u00a0#honre<\/i><\/b><i>\u00a0e marque a gente\u00a0<\/i><b><i>@cervejarialouvada.<\/i><\/b><\/p>\n","protected":false},"featured_media":22390,"comment_status":"open","ping_status":"closed","template":"","meta":[],"product_brand":[],"product_cat":[55,82],"product_tag":[],"class_list":{"0":"post-18519","1":"product","2":"type-product","3":"status-publish","4":"has-post-thumbnail","6":"product_cat-cervejas","7":"product_cat-neipa","9":"first","10":"outofstock","11":"shipping-taxable","12":"purchasable","13":"product-type-woosb"},"_links":{"self":[{"href":"https:\/\/louvada.com.br\/loja\/wp-json\/wp\/v2\/product\/18519","targetHints":{"allow":["GET"]}}],"collection":[{"href":"https:\/\/louvada.com.br\/loja\/wp-json\/wp\/v2\/product"}],"about":[{"href":"https:\/\/louvada.com.br\/loja\/wp-json\/wp\/v2\/types\/product"}],"replies":[{"embeddable":true,"href":"https:\/\/louvada.com.br\/loja\/wp-json\/wp\/v2\/comments?post=18519"}],"wp:featuredmedia":[{"embeddable":true,"href":"https:\/\/louvada.com.br\/loja\/wp-json\/wp\/v2\/media\/22390"}],"wp:attachment":[{"href":"https:\/\/louvada.com.br\/loja\/wp-json\/wp\/v2\/media?parent=18519"}],"wp:term":[{"taxonomy":"product_brand","embeddable":true,"href":"https:\/\/louvada.com.br\/loja\/wp-json\/wp\/v2\/product_brand?post=18519"},{"taxonomy":"product_cat","embeddable":true,"href":"https:\/\/louvada.com.br\/loja\/wp-json\/wp\/v2\/product_cat?post=18519"},{"taxonomy":"product_tag","embeddable":true,"href":"https:\/\/louvada.com.br\/loja\/wp-json\/wp\/v2\/product_tag?post=18519"}],"curies":[{"name":"wp","href":"https:\/\/api.w.org\/{rel}","templated":true}]}}