{"id":18657,"date":"2024-06-26T11:09:02","date_gmt":"2024-06-26T14:09:02","guid":{"rendered":"https:\/\/louvada.com.br\/loja\/?post_type=product&#038;p=18657"},"modified":"2024-11-29T09:03:14","modified_gmt":"2024-11-29T12:03:14","slug":"combo-cervejas-escuras-12-unidades","status":"publish","type":"product","link":"https:\/\/louvada.com.br\/loja\/produto\/combo-cervejas-escuras-12-unidades\/","title":{"rendered":"Combo Cervejas Escuras &#8211; 12 unidades"},"content":{"rendered":"<p class=\"p1\"><b>Sobre as cervejas do Combo Escuras- 12 cervejas<\/b><b><br \/>\n<\/b><span style=\"font-weight: 400\">A combina\u00e7\u00e3o destes r\u00f3tulos foi pensada cuidadosamente para explorar os diferentes aromas e sabores que as cervejas da Louvada proporcionam, buscando despertar o seu paladar atrav\u00e9s de novas sensa\u00e7\u00f5es.<\/span><span style=\"font-weight: 400\"><br \/>\n<\/span><\/p>\n<p class=\"p2\">Entendendo mais sobre os estilos que voc\u00ea est\u00e1 adquirindo:<br \/>\n<strong>Porter: <\/strong>Cerveja cl\u00e1ssica de origem inglesa. Possui colora\u00e7\u00e3o escura e amargor baixo. A combina\u00e7\u00e3o de 7 maltes da Louvada Porter traz aroma e sabor de castanhas e chocolate. Uma cerveja escura por\u00e9m leve e equilibrada.<\/p>\n<p><b>Cerveja sem gl\u00faten<\/b><br \/>\n<b>Teor alco\u00f3lico:\u00a0<\/b>5,4%<br \/>\n<b>IBU (Amargor):<\/b>\u00a015 IBU \u2013 Baixo<\/p>\n<p><strong>Premia\u00e7\u00f5es<\/strong><br \/>\nMedalha de Ouro \u2013 Copa cerveja Brasil 2024<\/p>\n<p><strong>Dark Side: <\/strong>Uma leg\u00edtima Russian Imperial Stout de alto teor alco\u00f3lico e m\u00e9dio amargor, \u00e9 maturada em barril de amburana, e tem em sua composi\u00e7\u00e3o a\u00e7\u00facar mascavo e favas de baunilha.<\/p>\n<p><b>Cerveja sem gl\u00faten<br \/>\n<\/b><b>Teor alco\u00f3lico:<\/b>\u00a08,5%<br \/>\n<b>IBU (Amargor):<\/b>\u00a045 IBU \u2013 Alto<\/p>\n<p><b>Premia\u00e7\u00f5es<\/b><br \/>\n<b>Medalha de Ouro \u2013 Copa cerveja Brasil 2024<br \/>\n<\/b>Medalha de Ouro \u2013 Copa cerveja Brasil 2024<br \/>\nMedalha de bronze \u2013 Copa cerveja Brasil 2023<br \/>\nMedalha de bronze \u2013 Brasil Beer Cup 2022<br \/>\nMedalha de ouro \u2013 Concurso Brasileiro da Cerveja 2016<\/p>\n<p><strong>Barley Wine: <\/strong>Barley Wine | Imagine uma cerveja que re\u00fane sofistica\u00e7\u00e3o e requinte, ecoando o sabor marcante do vinho do Porto com um toque adocicado do malte. A nossa Louvada Barley Wine, inspirada nas tradicionais receitas brit\u00e2nicas, \u00e9 uma cerveja que apresenta uma rica fus\u00e3o de aromas maltados, corpo robusto e teor alco\u00f3lico acentuado.<\/p>\n<p>Maturada por 6 meses em barril de carvalho, ela \u00e9 uma obra-prima que voc\u00ea vai querer honrar at\u00e9 o \u00faltimo gole.<\/p>\n<p><b>Cerveja sem gl\u00faten<\/b><br \/>\n<b>Teor alco\u00f3lico: 10<\/b>,0%<br \/>\n<b>IBU (Amargor):<\/b>\u00a050 IBU \u2013 Alto<\/p>\n<p><b>Premia\u00e7\u00f5es<\/b><br \/>\nMedalha de prata \u2013 Copa cerveja Brasil 2024<\/p>\n<p><strong>Benedita: <\/strong>Cerveja do estilo American Stout com adi\u00e7\u00e3o de furrundu, doce t\u00edpico Cuiabano.\u00a0De colora\u00e7\u00e3o preta e espuma persistente, esta cerveja apresenta notas de cacau, am\u00eandoas e caf\u00e9 com leite. Com amargor, corpo e teor alco\u00f3lico intermedi\u00e1rios, seu equil\u00edbrio est\u00e1 nos maltes caramelizados e tostados, que resultam em uma cerveja complexa e maltada.<br \/>\n<b><\/b><\/p>\n<p><b>Cerveja sem gl\u00faten<\/b><br \/>\n<b>Teor alco\u00f3lico:\u00a0<\/b>6,5%<br \/>\n<b>IBU (Amargor):<\/b>\u00a065 IBU \u2013 Alto<\/p>\n<p class=\"p1\"><b>Premia\u00e7\u00f5es<br \/>\nMedalha de ouro \u2013 Copa cerveja Brasil 2023<br \/>\nMedalha de bronze \u2013 Brasil Beer Cup 2021<\/b><br \/>\nMedalha de bronze \u2013 Concurso Brasileiro da Cerveja 2021<br \/>\nMedalha de bronze \u2013 Concurso Brasileiro da Cerveja 2020<br \/>\nMedalha de bronze \u2013 Copa Am\u00e9rica da Cerveja 2018<br \/>\nMedalha de bronze \u2013 Concurso Brasileiro da Cerveja 2015<\/p>\n<p>Honre com modera\u00e7\u00e3o<\/p>\n","protected":false},"excerpt":{"rendered":"<p><strong>Combo Cervejas Escuras &#8211; 12 unidades:<\/strong><\/p>\n<p>6 &#8211; Louvada Porter\u00a0 500ml<br \/>\n2 &#8211; Louvada Benedita 500ml<br \/>\n2 &#8211; Louvada Barley Wine 375ml<br \/>\n2 &#8211; Louvada Dark Side 355ml<\/p>\n<p class=\"p5\">N\u00e3o deixe de compartilhar a sua degusta\u00e7\u00e3o de honra.<\/p>\n<p>Honre com modera<span style=\"font-weight: 400\">\u00e7\u00e3o<\/span><\/p>\n<p><span style=\"font-weight: 400\">A imagem da pack preta \u00e9 meramente ilustrativa. A cor pode variar conforme o nosso estoque.<\/span><\/p>\n<p><i><span style=\"font-weight: 400\">Compartilhe seu momento com Louvada nas redes sociais, use a hashtag<\/span><\/i><b><i> #honre<\/i><\/b><i><span style=\"font-weight: 400\"> e marque a gente <\/span><\/i><b><i>@cervejarialouvada.<\/i><\/b><i><span style=\"font-weight: 400\"><br \/>\n<\/span><\/i><i><span style=\"font-weight: 400\"><br \/>\n<\/span><\/i><b>Compre clicando no bot\u00e3o abaixo<\/b><\/p>\n","protected":false},"featured_media":18676,"comment_status":"open","ping_status":"closed","template":"","meta":[],"product_brand":[],"product_cat":[96,55,56,68,60,58],"product_tag":[115],"class_list":{"0":"post-18657","1":"product","2":"type-product","3":"status-publish","4":"has-post-thumbnail","6":"product_cat-caixa","7":"product_cat-cervejas","8":"product_cat-packs","9":"product_cat-escuras","10":"product_cat-harmonizacao","11":"product_cat-premiadas","12":"product_tag-mix","14":"first","15":"outofstock","16":"shipping-taxable","17":"purchasable","18":"product-type-woosb"},"_links":{"self":[{"href":"https:\/\/louvada.com.br\/loja\/wp-json\/wp\/v2\/product\/18657","targetHints":{"allow":["GET"]}}],"collection":[{"href":"https:\/\/louvada.com.br\/loja\/wp-json\/wp\/v2\/product"}],"about":[{"href":"https:\/\/louvada.com.br\/loja\/wp-json\/wp\/v2\/types\/product"}],"replies":[{"embeddable":true,"href":"https:\/\/louvada.com.br\/loja\/wp-json\/wp\/v2\/comments?post=18657"}],"wp:featuredmedia":[{"embeddable":true,"href":"https:\/\/louvada.com.br\/loja\/wp-json\/wp\/v2\/media\/18676"}],"wp:attachment":[{"href":"https:\/\/louvada.com.br\/loja\/wp-json\/wp\/v2\/media?parent=18657"}],"wp:term":[{"taxonomy":"product_brand","embeddable":true,"href":"https:\/\/louvada.com.br\/loja\/wp-json\/wp\/v2\/product_brand?post=18657"},{"taxonomy":"product_cat","embeddable":true,"href":"https:\/\/louvada.com.br\/loja\/wp-json\/wp\/v2\/product_cat?post=18657"},{"taxonomy":"product_tag","embeddable":true,"href":"https:\/\/louvada.com.br\/loja\/wp-json\/wp\/v2\/product_tag?post=18657"}],"curies":[{"name":"wp","href":"https:\/\/api.w.org\/{rel}","templated":true}]}}