{"id":2062,"date":"2020-06-02T11:39:50","date_gmt":"2020-06-02T14:39:50","guid":{"rendered":"https:\/\/louvada.com.br\/loja\/?post_type=product&#038;p=2062"},"modified":"2025-10-06T12:04:45","modified_gmt":"2025-10-06T15:04:45","slug":"abridor-de-garrafas-carta-de-baralho-copas","status":"publish","type":"product","link":"https:\/\/louvada.com.br\/loja\/produto\/abridor-de-garrafas-carta-de-baralho-copas\/","title":{"rendered":"Abridor Carta Copas"},"content":{"rendered":"<p>Cont\u00e9m 1 abridor de garrafas no formato carta de baralhos.<\/p>\n<p>Naipe: Copas<\/p>\n<p>Dimens\u00f5es aproximadas:<\/p>\n<ul>\n<li>Altura: 8 cm<\/li>\n<li>Largura: 5 cm<\/li>\n<\/ul>\n<p>Material: A\u00e7o Inoxid\u00e1vel<\/p>\n<p>&nbsp;<\/p>\n","protected":false},"excerpt":{"rendered":"<p>Abridor criativo, vers\u00e1til e pr\u00e1tico. Cabe na carteira, no bolso ou na bolsa, al\u00e9m de ser um item de decora\u00e7\u00e3o para sua casa.<\/p>\n","protected":false},"featured_media":2063,"comment_status":"open","ping_status":"closed","template":"","meta":[],"product_brand":[],"product_cat":[59],"product_tag":[],"class_list":{"0":"post-2062","1":"product","2":"type-product","3":"status-publish","4":"has-post-thumbnail","6":"product_cat-acessorios","8":"first","9":"outofstock","10":"shipping-taxable","11":"purchasable","12":"product-type-simple"},"_links":{"self":[{"href":"https:\/\/louvada.com.br\/loja\/wp-json\/wp\/v2\/product\/2062","targetHints":{"allow":["GET"]}}],"collection":[{"href":"https:\/\/louvada.com.br\/loja\/wp-json\/wp\/v2\/product"}],"about":[{"href":"https:\/\/louvada.com.br\/loja\/wp-json\/wp\/v2\/types\/product"}],"replies":[{"embeddable":true,"href":"https:\/\/louvada.com.br\/loja\/wp-json\/wp\/v2\/comments?post=2062"}],"wp:featuredmedia":[{"embeddable":true,"href":"https:\/\/louvada.com.br\/loja\/wp-json\/wp\/v2\/media\/2063"}],"wp:attachment":[{"href":"https:\/\/louvada.com.br\/loja\/wp-json\/wp\/v2\/media?parent=2062"}],"wp:term":[{"taxonomy":"product_brand","embeddable":true,"href":"https:\/\/louvada.com.br\/loja\/wp-json\/wp\/v2\/product_brand?post=2062"},{"taxonomy":"product_cat","embeddable":true,"href":"https:\/\/louvada.com.br\/loja\/wp-json\/wp\/v2\/product_cat?post=2062"},{"taxonomy":"product_tag","embeddable":true,"href":"https:\/\/louvada.com.br\/loja\/wp-json\/wp\/v2\/product_tag?post=2062"}],"curies":[{"name":"wp","href":"https:\/\/api.w.org\/{rel}","templated":true}]}}