{"id":2147,"date":"2020-06-03T19:58:25","date_gmt":"2020-06-03T22:58:25","guid":{"rendered":"https:\/\/louvada.com.br\/loja\/?post_type=product&#038;p=2147"},"modified":"2026-04-29T10:35:10","modified_gmt":"2026-04-29T13:35:10","slug":"balde-louvada-5l-com-alca-com-abridor-de-garrafas","status":"publish","type":"product","link":"https:\/\/louvada.com.br\/loja\/produto\/balde-louvada-5l-com-alca-com-abridor-de-garrafas\/","title":{"rendered":"Balde Preto Long Neck"},"content":{"rendered":"<p>Balde Preto Long Neck tem abridor na lateral para facilitar na hora de tomar aquela Louvada!<\/p>\n<p>Dimens\u00f5es:<\/p>\n<ul>\n<li>Largura boca: 25 cm<\/li>\n<li>Altura: 20 cm<\/li>\n<li>Base: 16 cm<\/li>\n<\/ul>\n<p>Material: Alum\u00ednio<\/p>\n<p>Cor: Preta<\/p>\n","protected":false},"excerpt":{"rendered":"<p>O Balde de Cerveja Louvada 5 litros \u00e9 perfeito para o happy our com amigos, reuni\u00f5es e festas particulares. Deixe Louvada a disposi\u00e7\u00e3o de seus convidados de honra e torne este momento inesquec\u00edvel.<\/p>\n","protected":false},"featured_media":2077,"comment_status":"open","ping_status":"closed","template":"","meta":[],"product_brand":[],"product_cat":[59],"product_tag":[],"class_list":{"0":"post-2147","1":"product","2":"type-product","3":"status-publish","4":"has-post-thumbnail","6":"product_cat-acessorios","8":"first","9":"instock","10":"shipping-taxable","11":"purchasable","12":"product-type-simple"},"_links":{"self":[{"href":"https:\/\/louvada.com.br\/loja\/wp-json\/wp\/v2\/product\/2147","targetHints":{"allow":["GET"]}}],"collection":[{"href":"https:\/\/louvada.com.br\/loja\/wp-json\/wp\/v2\/product"}],"about":[{"href":"https:\/\/louvada.com.br\/loja\/wp-json\/wp\/v2\/types\/product"}],"replies":[{"embeddable":true,"href":"https:\/\/louvada.com.br\/loja\/wp-json\/wp\/v2\/comments?post=2147"}],"wp:featuredmedia":[{"embeddable":true,"href":"https:\/\/louvada.com.br\/loja\/wp-json\/wp\/v2\/media\/2077"}],"wp:attachment":[{"href":"https:\/\/louvada.com.br\/loja\/wp-json\/wp\/v2\/media?parent=2147"}],"wp:term":[{"taxonomy":"product_brand","embeddable":true,"href":"https:\/\/louvada.com.br\/loja\/wp-json\/wp\/v2\/product_brand?post=2147"},{"taxonomy":"product_cat","embeddable":true,"href":"https:\/\/louvada.com.br\/loja\/wp-json\/wp\/v2\/product_cat?post=2147"},{"taxonomy":"product_tag","embeddable":true,"href":"https:\/\/louvada.com.br\/loja\/wp-json\/wp\/v2\/product_tag?post=2147"}],"curies":[{"name":"wp","href":"https:\/\/api.w.org\/{rel}","templated":true}]}}