{"id":2157,"date":"2020-06-03T21:24:41","date_gmt":"2020-06-04T00:24:41","guid":{"rendered":"https:\/\/louvada.com.br\/loja\/?post_type=product&#038;p=2157"},"modified":"2026-04-01T12:33:11","modified_gmt":"2026-04-01T15:33:11","slug":"tapete-beer-mat-louvada","status":"publish","type":"product","link":"https:\/\/louvada.com.br\/loja\/produto\/tapete-beer-mat-louvada\/","title":{"rendered":"Tapete Beer Mat Louvada Preto"},"content":{"rendered":"<p>Tapete Beer Mats Louvada<\/p>\n<p>Dimens\u00f5es:<\/p>\n<ul>\n<li>Comprimento &#8211; 50 cm<\/li>\n<li>Largura &#8211; 12 cm<\/li>\n<\/ul>\n<p>Material : PVC (tipo emborrachado)<\/p>\n<p>Em Alto e Baixo Relevo<\/p>\n<p>Ret\u00e9m liquido<\/p>\n<p>Flex\u00edvel<\/p>\n<p>Antiderrapante<\/p>\n<p>Resistente<\/p>\n<p>Dur\u00e1vel<\/p>\n<p>Lav\u00e1vel<\/p>\n","protected":false},"excerpt":{"rendered":"<p>Tapete Beer Mat Louvada \u00e9 ideal para bares, balc\u00f5es, mesas, \u00e1rea gourmet. Uma excelente op\u00e7\u00e3o de presente, al\u00e9m de ser um item decorativo colecion\u00e1vel.<\/p>\n","protected":false},"featured_media":2080,"comment_status":"open","ping_status":"closed","template":"","meta":[],"product_brand":[],"product_cat":[59],"product_tag":[],"class_list":{"0":"post-2157","1":"product","2":"type-product","3":"status-publish","4":"has-post-thumbnail","6":"product_cat-acessorios","8":"first","9":"instock","10":"shipping-taxable","11":"purchasable","12":"product-type-simple"},"_links":{"self":[{"href":"https:\/\/louvada.com.br\/loja\/wp-json\/wp\/v2\/product\/2157","targetHints":{"allow":["GET"]}}],"collection":[{"href":"https:\/\/louvada.com.br\/loja\/wp-json\/wp\/v2\/product"}],"about":[{"href":"https:\/\/louvada.com.br\/loja\/wp-json\/wp\/v2\/types\/product"}],"replies":[{"embeddable":true,"href":"https:\/\/louvada.com.br\/loja\/wp-json\/wp\/v2\/comments?post=2157"}],"wp:featuredmedia":[{"embeddable":true,"href":"https:\/\/louvada.com.br\/loja\/wp-json\/wp\/v2\/media\/2080"}],"wp:attachment":[{"href":"https:\/\/louvada.com.br\/loja\/wp-json\/wp\/v2\/media?parent=2157"}],"wp:term":[{"taxonomy":"product_brand","embeddable":true,"href":"https:\/\/louvada.com.br\/loja\/wp-json\/wp\/v2\/product_brand?post=2157"},{"taxonomy":"product_cat","embeddable":true,"href":"https:\/\/louvada.com.br\/loja\/wp-json\/wp\/v2\/product_cat?post=2157"},{"taxonomy":"product_tag","embeddable":true,"href":"https:\/\/louvada.com.br\/loja\/wp-json\/wp\/v2\/product_tag?post=2157"}],"curies":[{"name":"wp","href":"https:\/\/api.w.org\/{rel}","templated":true}]}}