{"id":2268,"date":"2020-06-05T20:48:39","date_gmt":"2020-06-05T23:48:39","guid":{"rendered":"https:\/\/louvada.com.br\/loja\/?post_type=product&#038;p=2268"},"modified":"2026-03-03T13:35:08","modified_gmt":"2026-03-03T16:35:08","slug":"growler-louvada-inox-1-9l","status":"publish","type":"product","link":"https:\/\/louvada.com.br\/loja\/produto\/growler-louvada-inox-1-9l\/","title":{"rendered":"Growler Inox 1.9L"},"content":{"rendered":"<p>Growler Louvada Inox 1.9L<\/p>\n<p>Dimens\u00f5es:<\/p>\n<ul>\n<li>Altura: 27 cm<\/li>\n<li>Di\u00e2metro: 11cm<\/li>\n<\/ul>\n<p>Capacidade: 1.9L<\/p>\n<p>Material: a\u00e7o inox<\/p>\n<p>Cor: prata<\/p>\n","protected":false},"excerpt":{"rendered":"<p>Garraf\u00e3o personalizado Louvada com tampa modelo flip top que garante veda\u00e7\u00e3o ideal por mais tempo e inox que mant\u00e9m a temperatura perfeita para a sua aprecia\u00e7\u00e3o. Ideal para quem \u00e9 apreciador de uma boa cerveja artesanal.<\/p>\n","protected":false},"featured_media":2109,"comment_status":"open","ping_status":"closed","template":"","meta":[],"product_brand":[],"product_cat":[59,93],"product_tag":[],"class_list":{"0":"post-2268","1":"product","2":"type-product","3":"status-publish","4":"has-post-thumbnail","6":"product_cat-acessorios","7":"product_cat-growlers","9":"first","10":"outofstock","11":"shipping-taxable","12":"purchasable","13":"product-type-simple"},"_links":{"self":[{"href":"https:\/\/louvada.com.br\/loja\/wp-json\/wp\/v2\/product\/2268","targetHints":{"allow":["GET"]}}],"collection":[{"href":"https:\/\/louvada.com.br\/loja\/wp-json\/wp\/v2\/product"}],"about":[{"href":"https:\/\/louvada.com.br\/loja\/wp-json\/wp\/v2\/types\/product"}],"replies":[{"embeddable":true,"href":"https:\/\/louvada.com.br\/loja\/wp-json\/wp\/v2\/comments?post=2268"}],"wp:featuredmedia":[{"embeddable":true,"href":"https:\/\/louvada.com.br\/loja\/wp-json\/wp\/v2\/media\/2109"}],"wp:attachment":[{"href":"https:\/\/louvada.com.br\/loja\/wp-json\/wp\/v2\/media?parent=2268"}],"wp:term":[{"taxonomy":"product_brand","embeddable":true,"href":"https:\/\/louvada.com.br\/loja\/wp-json\/wp\/v2\/product_brand?post=2268"},{"taxonomy":"product_cat","embeddable":true,"href":"https:\/\/louvada.com.br\/loja\/wp-json\/wp\/v2\/product_cat?post=2268"},{"taxonomy":"product_tag","embeddable":true,"href":"https:\/\/louvada.com.br\/loja\/wp-json\/wp\/v2\/product_tag?post=2268"}],"curies":[{"name":"wp","href":"https:\/\/api.w.org\/{rel}","templated":true}]}}