{"id":2270,"date":"2020-06-05T21:01:50","date_gmt":"2020-06-06T00:01:50","guid":{"rendered":"https:\/\/louvada.com.br\/loja\/?post_type=product&#038;p=2270"},"modified":"2026-04-22T10:38:47","modified_gmt":"2026-04-22T13:38:47","slug":"beer-mats-porta-copos-louvada","status":"publish","type":"product","link":"https:\/\/louvada.com.br\/loja\/produto\/beer-mats-porta-copos-louvada\/","title":{"rendered":"Porta Copo Beer Mat"},"content":{"rendered":"<p>Cont\u00e9m 1 PORTA COPO BEER MAT<\/p>\n<p>Dimens\u00e3o: 9 cm di\u00e2metro<\/p>\n<p>Material: PVC (tipo emborrachado)<\/p>\n<p>Em Alto e Baixo Relevo<\/p>\n<p>Ret\u00e9m liquido<\/p>\n<p>Flex\u00edvel<\/p>\n<p>Antiderrapante<\/p>\n<p>Resistente<\/p>\n<p>Dur\u00e1vel<\/p>\n<p>Lav\u00e1vel<\/p>\n","protected":false},"excerpt":{"rendered":"<p>Itens indispens\u00e1veis para o dia a dia. Solu\u00e7\u00e3o de honra para apoiar copos de forma pr\u00e1tica e segura, al\u00e9m de conferir um toque &#8220;mestre cervejeiro&#8221; a mesas e bancadas.<\/p>\n","protected":false},"featured_media":2189,"comment_status":"open","ping_status":"closed","template":"","meta":[],"product_brand":[],"product_cat":[59],"product_tag":[],"class_list":{"0":"post-2270","1":"product","2":"type-product","3":"status-publish","4":"has-post-thumbnail","6":"product_cat-acessorios","8":"first","9":"instock","10":"shipping-taxable","11":"purchasable","12":"product-type-simple"},"_links":{"self":[{"href":"https:\/\/louvada.com.br\/loja\/wp-json\/wp\/v2\/product\/2270","targetHints":{"allow":["GET"]}}],"collection":[{"href":"https:\/\/louvada.com.br\/loja\/wp-json\/wp\/v2\/product"}],"about":[{"href":"https:\/\/louvada.com.br\/loja\/wp-json\/wp\/v2\/types\/product"}],"replies":[{"embeddable":true,"href":"https:\/\/louvada.com.br\/loja\/wp-json\/wp\/v2\/comments?post=2270"}],"wp:featuredmedia":[{"embeddable":true,"href":"https:\/\/louvada.com.br\/loja\/wp-json\/wp\/v2\/media\/2189"}],"wp:attachment":[{"href":"https:\/\/louvada.com.br\/loja\/wp-json\/wp\/v2\/media?parent=2270"}],"wp:term":[{"taxonomy":"product_brand","embeddable":true,"href":"https:\/\/louvada.com.br\/loja\/wp-json\/wp\/v2\/product_brand?post=2270"},{"taxonomy":"product_cat","embeddable":true,"href":"https:\/\/louvada.com.br\/loja\/wp-json\/wp\/v2\/product_cat?post=2270"},{"taxonomy":"product_tag","embeddable":true,"href":"https:\/\/louvada.com.br\/loja\/wp-json\/wp\/v2\/product_tag?post=2270"}],"curies":[{"name":"wp","href":"https:\/\/api.w.org\/{rel}","templated":true}]}}