{"id":2282,"date":"2025-08-08T10:07:33","date_gmt":"2025-08-08T13:07:33","guid":{"rendered":"https:\/\/louvada.com.br\/loja\/?post_type=product&#038;p=2282"},"modified":"2025-12-01T15:27:28","modified_gmt":"2025-12-01T18:27:28","slug":"kit-honre-louvada-pilsen","status":"publish","type":"product","link":"https:\/\/louvada.com.br\/loja\/produto\/kit-honre-louvada-pilsen\/","title":{"rendered":"Kit Honre Louvada Pilsen"},"content":{"rendered":"<p>Kit Honre Louvada Pilsen cont\u00e9m:<\/p>\n<p>1- Louvada Pilsen 500ml<\/p>\n<p>1- Caldereta Louvada 300ml<\/p>\n<p>1- Caixa personalizada Louvada Honre<\/p>\n","protected":false},"excerpt":{"rendered":"<p>Nosso Kit de Honra Louvada Pilsen \u00e9 ideal para os apreciadores de uma cerveja leve, cl\u00e1ssica, saborosa e acima de tudo de alt\u00edssima qualidade.<\/p>\n","protected":false},"featured_media":17583,"comment_status":"open","ping_status":"closed","template":"","meta":[],"product_brand":[],"product_cat":[59,94,75],"product_tag":[],"class_list":{"0":"post-2282","1":"product","2":"type-product","3":"status-publish","4":"has-post-thumbnail","6":"product_cat-acessorios","7":"product_cat-copos-tacas","8":"product_cat-lager","10":"first","11":"instock","12":"featured","13":"shipping-taxable","14":"purchasable","15":"product-type-woosb"},"_links":{"self":[{"href":"https:\/\/louvada.com.br\/loja\/wp-json\/wp\/v2\/product\/2282","targetHints":{"allow":["GET"]}}],"collection":[{"href":"https:\/\/louvada.com.br\/loja\/wp-json\/wp\/v2\/product"}],"about":[{"href":"https:\/\/louvada.com.br\/loja\/wp-json\/wp\/v2\/types\/product"}],"replies":[{"embeddable":true,"href":"https:\/\/louvada.com.br\/loja\/wp-json\/wp\/v2\/comments?post=2282"}],"wp:featuredmedia":[{"embeddable":true,"href":"https:\/\/louvada.com.br\/loja\/wp-json\/wp\/v2\/media\/17583"}],"wp:attachment":[{"href":"https:\/\/louvada.com.br\/loja\/wp-json\/wp\/v2\/media?parent=2282"}],"wp:term":[{"taxonomy":"product_brand","embeddable":true,"href":"https:\/\/louvada.com.br\/loja\/wp-json\/wp\/v2\/product_brand?post=2282"},{"taxonomy":"product_cat","embeddable":true,"href":"https:\/\/louvada.com.br\/loja\/wp-json\/wp\/v2\/product_cat?post=2282"},{"taxonomy":"product_tag","embeddable":true,"href":"https:\/\/louvada.com.br\/loja\/wp-json\/wp\/v2\/product_tag?post=2282"}],"curies":[{"name":"wp","href":"https:\/\/api.w.org\/{rel}","templated":true}]}}