{"id":23299,"date":"2026-02-19T15:30:52","date_gmt":"2026-02-19T18:30:52","guid":{"rendered":"https:\/\/louvada.com.br\/loja\/?post_type=product&#038;p=23299"},"modified":"2026-03-20T18:11:51","modified_gmt":"2026-03-20T21:11:51","slug":"pack-louvada-hop-zero-355ml-12-unidades","status":"publish","type":"product","link":"https:\/\/louvada.com.br\/loja\/produto\/pack-louvada-hop-zero-355ml-12-unidades\/","title":{"rendered":"Pack Louvada Hop Zero 355ml &#8211; 12 unidades"},"content":{"rendered":"<ul>\n<li><b>Cerveja:<\/b><span style=\"font-weight: 400\"> Hop Lager Zero<br \/>\n<\/span><b>Fam\u00edlia:<\/b><span style=\"font-weight: 400\"> Lager<br \/>\n<\/span><b>Estilo:<\/b><span style=\"font-weight: 400\"> American Light Lager<br \/>\n<\/span><b>Teor alco\u00f3lico:<\/b><span style=\"font-weight: 400\"> 0,5%<br \/>\n<\/span><b>IBU (Amargor): 25<\/b><span style=\"font-weight: 400\"> IBU \u2013 M\u00e9dio<br \/>\n<\/span><b>Ingredientes:<\/b><span style=\"font-weight: 400\"> \u00c1gua, malte de cevada, l\u00fapulo e levedura.<br \/>\n<\/span><b>Temperatura ideal:<\/b><span style=\"font-weight: 400\"> 1\u00b0 a 4\u00ba<br \/>\n<\/span><b>Colora\u00e7\u00e3o:<\/b><span style=\"font-weight: 400\"> Palha<br \/>\n<\/span><b>Dul\u00e7or:<\/b><span style=\"font-weight: 400\"> Baixa intensidade<br \/>\n<\/span><\/li>\n<\/ul>\n<p><i><span style=\"font-weight: 400\">Permita-se arriscar em harmoniza\u00e7\u00f5es, a criatividade e os sentidos s\u00e3o infinitos. Busque notar as nuances que surgir\u00e3o com a intera\u00e7\u00e3o entre o alimento e a bebida.<\/span><\/i><i><span style=\"font-weight: 400\"><br \/>\n<\/span><\/i><i><span style=\"font-weight: 400\">Teste, arrisque, aprecie, divirta-se!<\/span><\/i><i><span style=\"font-weight: 400\"><br \/>\n<\/span><\/i><span style=\"font-weight: 400\"><i>Compartilhe seu momento com Louvada nas redes sociais, use a hashtag<\/i><b><i> #honre<\/i><\/b><i> e marque a gente <\/i><b><i>@cervejarialouvada.<\/i><\/b><\/span><\/p>\n","protected":false},"excerpt":{"rendered":"<p>A Louvada Hop Lager zero \u00e9 uma cerveja sem \u00e1lcool, sem gl\u00faten e cheia de sabor. Inspirada na tradicional Louvada Hop Lager, ela \u00e9 perfeita para voc\u00ea honrar todos os momentos.<\/p>\n","protected":false},"featured_media":23508,"comment_status":"open","ping_status":"closed","template":"","meta":[],"product_brand":[],"product_cat":[96,55],"product_tag":[],"class_list":{"0":"post-23299","1":"product","2":"type-product","3":"status-publish","4":"has-post-thumbnail","6":"product_cat-caixa","7":"product_cat-cervejas","9":"first","10":"instock","11":"shipping-taxable","12":"purchasable","13":"product-type-woosb"},"_links":{"self":[{"href":"https:\/\/louvada.com.br\/loja\/wp-json\/wp\/v2\/product\/23299","targetHints":{"allow":["GET"]}}],"collection":[{"href":"https:\/\/louvada.com.br\/loja\/wp-json\/wp\/v2\/product"}],"about":[{"href":"https:\/\/louvada.com.br\/loja\/wp-json\/wp\/v2\/types\/product"}],"replies":[{"embeddable":true,"href":"https:\/\/louvada.com.br\/loja\/wp-json\/wp\/v2\/comments?post=23299"}],"wp:featuredmedia":[{"embeddable":true,"href":"https:\/\/louvada.com.br\/loja\/wp-json\/wp\/v2\/media\/23508"}],"wp:attachment":[{"href":"https:\/\/louvada.com.br\/loja\/wp-json\/wp\/v2\/media?parent=23299"}],"wp:term":[{"taxonomy":"product_brand","embeddable":true,"href":"https:\/\/louvada.com.br\/loja\/wp-json\/wp\/v2\/product_brand?post=23299"},{"taxonomy":"product_cat","embeddable":true,"href":"https:\/\/louvada.com.br\/loja\/wp-json\/wp\/v2\/product_cat?post=23299"},{"taxonomy":"product_tag","embeddable":true,"href":"https:\/\/louvada.com.br\/loja\/wp-json\/wp\/v2\/product_tag?post=23299"}],"curies":[{"name":"wp","href":"https:\/\/api.w.org\/{rel}","templated":true}]}}