{"id":3160,"date":"2020-07-20T14:38:09","date_gmt":"2020-07-20T17:38:09","guid":{"rendered":"https:\/\/louvada.com.br\/loja\/?post_type=product&#038;p=3160"},"modified":"2024-05-31T18:02:01","modified_gmt":"2024-05-31T21:02:01","slug":"caneca-bavaria-louvada-400ml","status":"publish","type":"product","link":"https:\/\/louvada.com.br\/loja\/produto\/caneca-bavaria-louvada-400ml\/","title":{"rendered":"Caneca Bavaria 400ml"},"content":{"rendered":"<p>Caneca para Chopp Bavaria Louvada \u00a0540ml \u00e9 fabricada seguindo os padr\u00f5es internacionais para Copos, Ta\u00e7as e Canecas de Cerveja ou Chopp resultando em um produto de alt\u00edssima qualidade<\/p>\n<ul>\n<li>Altura &#8211; 15 cm<\/li>\n<li>Di\u00e2metro &#8211; 7.5 cm<\/li>\n<\/ul>\n<p>Material: Vidro<\/p>\n<p>&nbsp;<\/p>\n","protected":false},"excerpt":{"rendered":"<p>Caneca para Chopp Bavaria Louvada \u00a0540ml \u00e9 fabricada seguindo os padr\u00f5es internacionais para Copos, Ta\u00e7as e Canecas de Cerveja ou Chopp resultando em um produto de alt\u00edssima qualidade Altura &#8211; 15 cm Di\u00e2metro &#8211; 7.5 cm Material: Vidro &nbsp;<\/p>\n","protected":false},"featured_media":3162,"comment_status":"open","ping_status":"closed","template":"","meta":[],"product_brand":[],"product_cat":[15,59,94],"product_tag":[],"class_list":{"0":"post-3160","1":"product","2":"type-product","3":"status-publish","4":"has-post-thumbnail","6":"product_cat-sem-categoria","7":"product_cat-acessorios","8":"product_cat-copos-tacas","10":"first","11":"outofstock","12":"shipping-taxable","13":"purchasable","14":"product-type-simple"},"_links":{"self":[{"href":"https:\/\/louvada.com.br\/loja\/wp-json\/wp\/v2\/product\/3160","targetHints":{"allow":["GET"]}}],"collection":[{"href":"https:\/\/louvada.com.br\/loja\/wp-json\/wp\/v2\/product"}],"about":[{"href":"https:\/\/louvada.com.br\/loja\/wp-json\/wp\/v2\/types\/product"}],"replies":[{"embeddable":true,"href":"https:\/\/louvada.com.br\/loja\/wp-json\/wp\/v2\/comments?post=3160"}],"wp:featuredmedia":[{"embeddable":true,"href":"https:\/\/louvada.com.br\/loja\/wp-json\/wp\/v2\/media\/3162"}],"wp:attachment":[{"href":"https:\/\/louvada.com.br\/loja\/wp-json\/wp\/v2\/media?parent=3160"}],"wp:term":[{"taxonomy":"product_brand","embeddable":true,"href":"https:\/\/louvada.com.br\/loja\/wp-json\/wp\/v2\/product_brand?post=3160"},{"taxonomy":"product_cat","embeddable":true,"href":"https:\/\/louvada.com.br\/loja\/wp-json\/wp\/v2\/product_cat?post=3160"},{"taxonomy":"product_tag","embeddable":true,"href":"https:\/\/louvada.com.br\/loja\/wp-json\/wp\/v2\/product_tag?post=3160"}],"curies":[{"name":"wp","href":"https:\/\/api.w.org\/{rel}","templated":true}]}}