{"id":4829,"date":"2020-12-07T17:37:06","date_gmt":"2020-12-07T20:37:06","guid":{"rendered":"https:\/\/louvada.com.br\/loja\/?post_type=product&#038;p=4829"},"modified":"2026-04-29T21:02:20","modified_gmt":"2026-04-30T00:02:20","slug":"louvada-neipa-garaffa-355ml","status":"publish","type":"product","link":"https:\/\/louvada.com.br\/loja\/produto\/louvada-neipa-garaffa-355ml\/","title":{"rendered":"Louvada Neipa 355ml"},"content":{"rendered":"<p><b>Cerveja<\/b><span style=\"font-weight: 400\">: NEIPA<\/span><span style=\"font-weight: 400\"><br \/>\n<\/span><b>Fam\u00edlia:<\/b><span style=\"font-weight: 400\"> Ale<\/span><span style=\"font-weight: 400\"><br \/>\n<\/span><b>Estilo:<\/b><span style=\"font-weight: 400\"> New England India Pale Ale<\/span><span style=\"font-weight: 400\"><br \/>\n<\/span><b>Teor alco\u00f3lico:<\/b><span style=\"font-weight: 400\"> 6,5%<\/span><span style=\"font-weight: 400\"><br \/>\n<\/span><b>IBU (Amargor):<\/b><span style=\"font-weight: 400\"> 65 IBU \u2013 Alto<\/span><span style=\"font-weight: 400\"><br \/>\n<\/span><b>Ingredientes:<\/b><span style=\"font-weight: 400\"> \u00c1gua, malte de cevada, aveia em flocos, l\u00fapulo e levedura.<\/span><span style=\"font-weight: 400\"><br \/>\n<\/span><b>Temperatura ideal:<\/b><span style=\"font-weight: 400\"> 4\u00ba a 8\u00ba<\/span><span style=\"font-weight: 400\"><br \/>\n<\/span><b>Colora\u00e7\u00e3o:<\/b><span style=\"font-weight: 400\"> Dourado profundo<\/span><span style=\"font-weight: 400\"><br \/>\n<\/span><b>Dul\u00e7or: <\/b><span style=\"font-weight: 400\">Baixa intensidade<\/span><span style=\"font-weight: 400\"><br \/>\n<\/span><b>Sugest\u00e3o para uma experi\u00eancia de honra:<\/b><span style=\"font-weight: 400\"> Harmoniza com salm\u00e3o ao molho de maracuj\u00e1, camar\u00e3o na moranga, e queijos de meia cura.<\/span><\/p>\n<p><i><span style=\"font-weight: 400\">Permita-se arriscar em harmoniza\u00e7\u00f5es, a criatividade e os sentidos s\u00e3o infinitos. Busque notar as nuances que surgir\u00e3o com a intera\u00e7\u00e3o entre o alimento e a bebida.<\/span><\/i><i><span style=\"font-weight: 400\"><br \/>\n<\/span><\/i><i><span style=\"font-weight: 400\">Teste, arrisque, aprecie, divirta-se!<br \/>\nCompartilhe seu momento com Louvada nas redes sociais, use a hashtag<b> #honre<\/b> e marque a gente <b>@cervejarialouvada.<\/b><\/span><\/i><\/p>\n","protected":false},"excerpt":{"rendered":"<ol>\n<li><span style=\"font-weight: 400\">A Louvada NEIPA apresenta aromas e sabores que remetem a frutas como: manga, mel\u00e3o e p\u00eassego. De apar\u00eancia turva e colora\u00e7\u00e3o dourada, ela tem semelhan\u00e7a com o \u201csuco\u201d de frutas amarelas, e sua percep\u00e7\u00e3o de amargor \u00e9 m\u00e9dio\/abaixo.<br \/>\n<\/span><span style=\"font-weight: 400\"><br \/>\n<\/span><span style=\"font-weight: 400\">O r\u00f3tulo da NEIPA apresenta um \u00edcone do rock: o metal fingers. O gesto que era usado por antigos habitantes da costa mediterr\u00e2nea para espantar maus olhados, ficou famoso nas m\u00e3os de Ronnie James Dio \u2013 ex- vocalista do Black Sabbath \u2013 e virou sin\u00f4nimo de rock\u2019n roll.<\/span><\/li>\n<\/ol>\n<p><span style=\"font-weight: 400\"><strong>ENVIO APENAS PARA O ESTADO DE MATO GROSSO<\/strong><\/span><\/p>\n<p><span style=\"font-weight: 400\"><b>Premia\u00e7\u00f5es<br \/>\n<\/b><\/span>Medalha prata &#8211; Concurso Brasileiro de Cervejas (CBC) 2023<br \/>\nMedalha prata &#8211; Brasil Beer Cup 2022<\/p>\n<p><b>Cerveja sem gl\u00faten<\/b><span style=\"font-weight: 400\"><br \/>\n<\/span><b>Teor Alco\u00f3lico:<\/b><span style=\"font-weight: 400\"> 6,5%<\/span><span style=\"font-weight: 400\"><br \/>\n<\/span><b>IBU (Amargor):<\/b><span style=\"font-weight: 400\"> 65 IBU \u2013 Alto<br \/>\n<b>N\u00e3o Pasteurizada: <\/b>manter refrigerada 0\u00ba a 5\u00ba<\/span><span style=\"font-weight: 400\"><br \/>\n<\/span><span style=\"font-weight: 400\"><br \/>\n<\/span><span style=\"font-weight: 400\">Honre com modera\u00e7\u00e3o<\/span><span style=\"font-weight: 400\"><br \/>\n<\/span><i><span style=\"font-weight: 400\">Compartilhe seu momento com Louvada nas redes sociais, use a hashtag<\/span><\/i><b><i> #honre<\/i><\/b><i><span style=\"font-weight: 400\"> e marque a gente <\/span><\/i><b><i>@cervejarialouvada.<\/i><\/b><i><span style=\"font-weight: 400\"><br \/>\n<\/span><\/i><i><span style=\"font-weight: 400\"><br \/>\n<\/span><\/i><b>Compre clicando no bot\u00e3o abaixo<\/b><b><br \/>\n<\/b><\/p>\n","protected":false},"featured_media":14451,"comment_status":"open","ping_status":"closed","template":"","meta":[],"product_brand":[],"product_cat":[55,82],"product_tag":[90,100],"class_list":{"0":"post-4829","1":"product","2":"type-product","3":"status-publish","4":"has-post-thumbnail","6":"product_cat-cervejas","7":"product_cat-neipa","8":"product_tag-355ml","9":"product_tag-long-neck","11":"first","12":"instock","13":"shipping-taxable","14":"purchasable","15":"product-type-simple"},"_links":{"self":[{"href":"https:\/\/louvada.com.br\/loja\/wp-json\/wp\/v2\/product\/4829","targetHints":{"allow":["GET"]}}],"collection":[{"href":"https:\/\/louvada.com.br\/loja\/wp-json\/wp\/v2\/product"}],"about":[{"href":"https:\/\/louvada.com.br\/loja\/wp-json\/wp\/v2\/types\/product"}],"replies":[{"embeddable":true,"href":"https:\/\/louvada.com.br\/loja\/wp-json\/wp\/v2\/comments?post=4829"}],"wp:featuredmedia":[{"embeddable":true,"href":"https:\/\/louvada.com.br\/loja\/wp-json\/wp\/v2\/media\/14451"}],"wp:attachment":[{"href":"https:\/\/louvada.com.br\/loja\/wp-json\/wp\/v2\/media?parent=4829"}],"wp:term":[{"taxonomy":"product_brand","embeddable":true,"href":"https:\/\/louvada.com.br\/loja\/wp-json\/wp\/v2\/product_brand?post=4829"},{"taxonomy":"product_cat","embeddable":true,"href":"https:\/\/louvada.com.br\/loja\/wp-json\/wp\/v2\/product_cat?post=4829"},{"taxonomy":"product_tag","embeddable":true,"href":"https:\/\/louvada.com.br\/loja\/wp-json\/wp\/v2\/product_tag?post=4829"}],"curies":[{"name":"wp","href":"https:\/\/api.w.org\/{rel}","templated":true}]}}