{"id":6223,"date":"2021-04-10T09:49:32","date_gmt":"2021-04-10T12:49:32","guid":{"rendered":"https:\/\/louvada.com.br\/loja\/?post_type=product&#038;p=6223"},"modified":"2026-04-29T19:59:03","modified_gmt":"2026-04-29T22:59:03","slug":"louvada-low-355ml","status":"publish","type":"product","link":"https:\/\/louvada.com.br\/loja\/produto\/louvada-low-355ml\/","title":{"rendered":"Louvada Low 355ml"},"content":{"rendered":"<ul>\n<li><b>Cerveja:<\/b><span style=\"font-weight: 400\"> Louvada Low<br \/>\n<\/span><b>Fam\u00edlia:<\/b><span style=\"font-weight: 400\"> Lager<br \/>\n<\/span><b>Estilo:<\/b><span style=\"font-weight: 400\"> American Light Lager<br \/>\n<\/span><b>Teor alco\u00f3lico:<\/b><span style=\"font-weight: 400\"> 3,7%<br \/>\n<\/span><b>IBU (Amargor): <\/b><span style=\"font-weight: 400\">18 IBU \u2013 M\u00e9dio &#8211; Baixo<br \/>\n<\/span><b>Ingredientes:<\/b><span style=\"font-weight: 400\"> \u00c1gua, malte de cevada, l\u00fapulo e levedura.<br \/>\n<\/span><b>Temperatura ideal:<\/b><span style=\"font-weight: 400\"> 2\u00ba a 4\u00ba<br \/>\n<\/span><b>Colora\u00e7\u00e3o:<\/b><span style=\"font-weight: 400\"> Palha<br \/>\n<\/span><b>Dul\u00e7or:<\/b><span style=\"font-weight: 400\"> Baixa intensidade<br \/>\n<\/span><b>Sugest\u00e3o para uma experi\u00eancia de honra: <\/b><span style=\"font-weight: 400\">Harmoniza com saladas, peixes e queijos leves<\/span><\/li>\n<\/ul>\n<p><i><span style=\"font-weight: 400\">Permita-se arriscar em harmoniza\u00e7\u00f5es, a criatividade e os sentidos s\u00e3o infinitos. Busque notar as nuances que surgir\u00e3o com a intera\u00e7\u00e3o entre o alimento e a bebida.<\/span><\/i><i><span style=\"font-weight: 400\"><br \/>\n<\/span><\/i><i><span style=\"font-weight: 400\">Teste, arrisque, aprecie, divirta-se!<\/span><\/i><i><span style=\"font-weight: 400\"><br \/>\n<\/span><\/i><span style=\"font-weight: 400\"><i>Compartilhe seu momento com Louvada nas redes sociais, use a hashtag<\/i><b><i> #honre<\/i><\/b><i> e marque a gente <\/i><b><i>@cervejarialouvada.<\/i><\/b><i><br \/>\n<\/i><\/span><\/p>\n","protected":false},"excerpt":{"rendered":"<p><span style=\"font-weight: 400\">Perfeita para ser honrada todos os dias.<\/span><i><\/i><\/p>\n<ul>\n<li style=\"font-weight: 400\"><span style=\"font-weight: 400\">Alta drinkabilidade\u00a0<\/span><\/li>\n<li style=\"font-weight: 400\"><span style=\"font-weight: 400\">Baixa caloria<\/span><\/li>\n<li>29kcal\/100 ml.<\/li>\n<li style=\"font-weight: 400\"><span style=\"font-weight: 400\">Apenas 3,7% de \u00e1lcool<\/span><\/li>\n<li style=\"font-weight: 400\">Sem gl\u00faten<\/li>\n<\/ul>\n<p><b>Premia\u00e7\u00f5es<br \/>\n<\/b>Medalha de ouro &#8211; Brasil Beer Cup 2024<b><br \/>\n<\/b>Medalha de bronze &#8211; Copa Cerveja Brasil 2024<b><br \/>\n<\/b><span style=\"font-weight: 400\">Medalha de ouro &#8211; Copa cerveja Brasil 2023<br \/>\nMedalha de bronze &#8211; World Beer Awards 2023<b><\/b><br \/>\nMedalha de bronze &#8211; World Beer Awards 2022<br \/>\nMedalha de ouro &#8211; Brasil Beer Cup 2021<br \/>\n<\/span><span style=\"font-weight: 400\">Medalha de prata &#8211; World Beer Awards 2021<\/span><\/p>\n<p>O inconfund\u00edvel sabor Louvada!<br \/>\n<span style=\"font-weight: 400\"><strong>Leve para sua vida.<\/strong><br \/>\n<\/span><\/p>\n<p><i><span style=\"font-weight: 400\">Honre com modera\u00e7\u00e3o<br \/>\nCompartilhe seu momento com Louvada nas redes sociais, use a hashtag<b> #honre<\/b> e marque a gente <b>@cervejarialouvada.<\/b><\/span><\/i><\/p>\n<p><b>Compre clicando no bot\u00e3o abaixo<\/b><b><br \/>\n<\/b><\/p>\n","protected":false},"featured_media":22141,"comment_status":"open","ping_status":"closed","template":"","meta":[],"product_brand":[],"product_cat":[55,75,58],"product_tag":[90,100],"class_list":{"0":"post-6223","1":"product","2":"type-product","3":"status-publish","4":"has-post-thumbnail","6":"product_cat-cervejas","7":"product_cat-lager","8":"product_cat-premiadas","9":"product_tag-355ml","10":"product_tag-long-neck","12":"first","13":"instock","14":"featured","15":"shipping-taxable","16":"purchasable","17":"product-type-simple"},"_links":{"self":[{"href":"https:\/\/louvada.com.br\/loja\/wp-json\/wp\/v2\/product\/6223","targetHints":{"allow":["GET"]}}],"collection":[{"href":"https:\/\/louvada.com.br\/loja\/wp-json\/wp\/v2\/product"}],"about":[{"href":"https:\/\/louvada.com.br\/loja\/wp-json\/wp\/v2\/types\/product"}],"replies":[{"embeddable":true,"href":"https:\/\/louvada.com.br\/loja\/wp-json\/wp\/v2\/comments?post=6223"}],"wp:featuredmedia":[{"embeddable":true,"href":"https:\/\/louvada.com.br\/loja\/wp-json\/wp\/v2\/media\/22141"}],"wp:attachment":[{"href":"https:\/\/louvada.com.br\/loja\/wp-json\/wp\/v2\/media?parent=6223"}],"wp:term":[{"taxonomy":"product_brand","embeddable":true,"href":"https:\/\/louvada.com.br\/loja\/wp-json\/wp\/v2\/product_brand?post=6223"},{"taxonomy":"product_cat","embeddable":true,"href":"https:\/\/louvada.com.br\/loja\/wp-json\/wp\/v2\/product_cat?post=6223"},{"taxonomy":"product_tag","embeddable":true,"href":"https:\/\/louvada.com.br\/loja\/wp-json\/wp\/v2\/product_tag?post=6223"}],"curies":[{"name":"wp","href":"https:\/\/api.w.org\/{rel}","templated":true}]}}