{"id":6901,"date":"2021-05-25T10:33:33","date_gmt":"2021-05-25T13:33:33","guid":{"rendered":"https:\/\/louvada.com.br\/loja\/?post_type=product&#038;p=6901"},"modified":"2026-04-29T21:03:02","modified_gmt":"2026-04-30T00:03:02","slug":"louvada-benedita-coffe-355ml","status":"publish","type":"product","link":"https:\/\/louvada.com.br\/loja\/produto\/louvada-benedita-coffe-355ml\/","title":{"rendered":"Louvada Benedita Coffee 355ml"},"content":{"rendered":"<p><b>Cerveja:<\/b><span style=\"font-weight: 400\"> Benedita Coffe<\/span><span style=\"font-weight: 400\"><br \/>\n<\/span><b>Fam\u00edlia:<\/b><span style=\"font-weight: 400\"> Ale<\/span><span style=\"font-weight: 400\"><br \/>\n<\/span><b>Estilo: <\/b><span style=\"font-weight: 400\">American Stout<\/span><span style=\"font-weight: 400\"><br \/>\n<\/span><b>Teor alco\u00f3lico:<\/b><span style=\"font-weight: 400\"> 6,5%<\/span><span style=\"font-weight: 400\"><br \/>\n<\/span><b>IBU (Amargor): <\/b><span style=\"font-weight: 400\">65 IBU \u2013 Alto<\/span><span style=\"font-weight: 400\"><br \/>\n<\/span><b>Ingredientes:<\/b><span style=\"font-weight: 400\"> \u00c1gua, malte de cevada, furrundu caf\u00e9, l\u00fapulo e levedura<\/span><span style=\"font-weight: 400\"><br \/>\n<\/span><b>Temperatura ideal:<\/b><span style=\"font-weight: 400\"> 4\u00ba a 8\u00ba C<\/span><span style=\"font-weight: 400\"><br \/>\n<\/span><b>Colora\u00e7\u00e3o:<\/b><span style=\"font-weight: 400\"> Preta<\/span><span style=\"font-weight: 400\"><br \/>\n<\/span><b>Dul\u00e7or:<\/b><span style=\"font-weight: 400\"> Baixa intensidade<\/span><span style=\"font-weight: 400\"><br \/>\n<\/span><b>Sugest\u00e3o para uma experi\u00eancia de honra:<\/b><span style=\"font-weight: 400\"> Harmoniza com sobremesas e chocolates.<\/span><\/p>\n<p><i><span style=\"font-weight: 400\">Permita-se arriscar em harmoniza\u00e7\u00f5es, a criatividade e os sentidos s\u00e3o infinitos. Busque notar as nuances que surgir\u00e3o com a intera\u00e7\u00e3o entre o alimento e a bebida.<\/span><\/i><i><span style=\"font-weight: 400\"><br \/>\n<\/span><\/i><i><span style=\"font-weight: 400\"><br \/>\n<\/span><\/i><i><span style=\"font-weight: 400\">Teste, arrisque, aprecie, divirta-se!<br \/>\nCompartilhe seu momento com Louvada nas redes sociais, use a hashtag<b> #honre<\/b> e marque a gente <b>@cervejarialouvada.<\/b><\/span><\/i><\/p>\n","protected":false},"excerpt":{"rendered":"<p><span style=\"font-weight: 400\">Uma Stout com adi\u00e7\u00e3o de furrundu, doce t\u00edpico cuiabano, agora na vers\u00e3o com caf\u00e9. <\/span><span style=\"font-weight: 400\">O resultado \u00e9 uma cerveja com aroma de torra fresca de caf\u00e9, remetendo a caf\u00e9 espresso e cacau de m\u00e9dia torra, com sabores \u00fanicos e intensos.<\/span><span style=\"font-weight: 400\"><br \/>\n<\/span><span style=\"font-weight: 400\"><br \/>\n<\/span><b>Cerveja sem gl\u00faten<br \/>\n<\/b><b>Teor alco\u00f3lico:<\/b><span style=\"font-weight: 400\"> 6,5%<\/span><span style=\"font-weight: 400\"><br \/>\n<\/span><b>IBU (Amargor):<\/b><span style=\"font-weight: 400\"> 65 IBU \u2013 Alto<\/span><\/p>\n<p><b>Premia\u00e7\u00f5es<\/b><span style=\"font-weight: 400\"><br \/>\n<\/span><span style=\"font-weight: 400\">Medalha de prata &#8211; Copa cerveja Brasil 2023<br \/>\nMedalha de prata &#8211; Concurso Brasileiro da Cerveja (CBC) 2023<br \/>\nMedalha de prata &#8211; Concurso Brasileiro da Cerveja (CBC) 2021<\/span><\/p>\n<p><span style=\"font-weight: 400\">Honre com modera\u00e7\u00e3o<\/span><span style=\"font-weight: 400\"><br \/>\n<\/span><i><span style=\"font-weight: 400\">Compartilhe seu momento com Louvada nas redes sociais, use a hashtag<\/span><\/i><b><i> #honre<\/i><\/b><i><span style=\"font-weight: 400\"> e marque a gente <\/span><\/i><b><i>@cervejarialouvada.<\/i><\/b><\/p>\n<p><b>Compre clicando no bot\u00e3o abaixo<\/b><b><br \/>\n<\/b><\/p>\n","protected":false},"featured_media":16797,"comment_status":"open","ping_status":"closed","template":"","meta":[],"product_brand":[],"product_cat":[55,79,86,60,58],"product_tag":[90],"class_list":{"0":"post-6901","1":"product","2":"type-product","3":"status-publish","4":"has-post-thumbnail","6":"product_cat-cervejas","7":"product_cat-coffee","8":"product_cat-sazonais","9":"product_cat-harmonizacao","10":"product_cat-premiadas","11":"product_tag-355ml","13":"first","14":"instock","15":"shipping-taxable","16":"purchasable","17":"product-type-simple"},"_links":{"self":[{"href":"https:\/\/louvada.com.br\/loja\/wp-json\/wp\/v2\/product\/6901","targetHints":{"allow":["GET"]}}],"collection":[{"href":"https:\/\/louvada.com.br\/loja\/wp-json\/wp\/v2\/product"}],"about":[{"href":"https:\/\/louvada.com.br\/loja\/wp-json\/wp\/v2\/types\/product"}],"replies":[{"embeddable":true,"href":"https:\/\/louvada.com.br\/loja\/wp-json\/wp\/v2\/comments?post=6901"}],"wp:featuredmedia":[{"embeddable":true,"href":"https:\/\/louvada.com.br\/loja\/wp-json\/wp\/v2\/media\/16797"}],"wp:attachment":[{"href":"https:\/\/louvada.com.br\/loja\/wp-json\/wp\/v2\/media?parent=6901"}],"wp:term":[{"taxonomy":"product_brand","embeddable":true,"href":"https:\/\/louvada.com.br\/loja\/wp-json\/wp\/v2\/product_brand?post=6901"},{"taxonomy":"product_cat","embeddable":true,"href":"https:\/\/louvada.com.br\/loja\/wp-json\/wp\/v2\/product_cat?post=6901"},{"taxonomy":"product_tag","embeddable":true,"href":"https:\/\/louvada.com.br\/loja\/wp-json\/wp\/v2\/product_tag?post=6901"}],"curies":[{"name":"wp","href":"https:\/\/api.w.org\/{rel}","templated":true}]}}