{"id":7980,"date":"2021-09-29T18:32:12","date_gmt":"2021-09-29T21:32:12","guid":{"rendered":"https:\/\/louvada.com.br\/loja\/?post_type=product&#038;p=7980"},"modified":"2025-11-17T21:12:31","modified_gmt":"2025-11-18T00:12:31","slug":"louvada-blonde-caju-500ml","status":"publish","type":"product","link":"https:\/\/louvada.com.br\/loja\/produto\/louvada-blonde-caju-500ml\/","title":{"rendered":"Louvada Blond Caju 500ml"},"content":{"rendered":"<ul>\n<li class=\"p1\"><b>Cerveja: <\/b><span style=\"font-weight: 400\">Louvada Blond Caju<br \/>\n<\/span><b>Fam\u00edlia: <\/b><span style=\"font-weight: 400\">Ale<br \/>\n<\/span><b>Estilo:<\/b><span style=\"font-weight: 400\"> Blond Ale<br \/>\n<\/span><b>Teor alco\u00f3lico: <\/b><span style=\"font-weight: 400\">4,8%<br \/>\n<\/span><b>IBU (Amargor):<\/b><span style=\"font-weight: 400\"> 15 IBU \u2013 Baixo<br \/>\n<\/span><b>Ingredientes:<\/b><span style=\"font-weight: 400\"> \u00c1gua, malte de cevada, l\u00fapulo, levedura e suco de caju<br \/>\n<\/span><b>Temperatura ideal:<\/b><span style=\"font-weight: 400\"> 2\u00ba a 4\u00ba<br \/>\n<\/span><b>Colora\u00e7\u00e3o: <\/b><span style=\"font-weight: 400\">Amarelo profundo<br \/>\n<\/span><b>Dul\u00e7or:<\/b><span style=\"font-weight: 400\"> M\u00e9dio-baixo intensidade<\/span><b>Sugest\u00e3o para uma experi\u00eancia de honra:<\/b><span style=\"font-weight: 400\"> Queijos de meia cura e petiscos fritos.<\/span><i><span style=\"font-weight: 400\">Permita-se arriscar em harmoniza\u00e7\u00f5es, a criatividade e os sentidos s\u00e3o infinitos. Busque notar as nuances que surgir\u00e3o com a intera\u00e7\u00e3o entre o alimento e a bebida.<\/span><\/i><i><span style=\"font-weight: 400\"><br \/>\n<\/span><\/i><i><span style=\"font-weight: 400\"><br \/>\n<\/span><\/i><i><span style=\"font-weight: 400\">Teste, arrisque, aprecie, divirta-se!<\/span><\/i><i><span style=\"font-weight: 400\">Compartilhe seu momento com Louvada nas redes sociais, use a hashtag<\/span><\/i><b><i> #honre<\/i><\/b><i><span style=\"font-weight: 400\"> e marque a gente <\/span><\/i><b><i>@cervejarialouvada.<\/i><\/b><\/li>\n<\/ul>\n","protected":false},"excerpt":{"rendered":"<p><span style=\"font-weight: 400\">As chuvas de setembro trazem bons frutos e boas novas. Com elas apresentamos a Louvada Blond Caju, nosso mais novo lan\u00e7amento sazonal.<\/span><span style=\"font-weight: 400\"><br \/>\n<\/span><span style=\"font-weight: 400\">Uma cerveja leve, refrescante e frutada. O toque final dessa obra vem da adi\u00e7\u00e3o do suco de caju, resultando em uma experi\u00eancia \u00fanica e saborosa.<\/span><\/p>\n<p><span style=\"font-weight: 400\">R\u00f3tulo desenvolvido em parceria com o artista pl\u00e1stico Nathan Henrique.<\/span><\/p>\n<p><b>Cerveja sem gl\u00faten<br \/>\n<\/b><b>Teor alco\u00f3lico:<\/b><span style=\"font-weight: 400\"> 4,8%<br \/>\n<\/span><b>IBU (Amargor):<\/b><span style=\"font-weight: 400\"> 15 IBU \u2013 Baixo<\/span><\/p>\n<p><span style=\"font-weight: 400\">Honre com modera\u00e7\u00e3o<\/span><span style=\"font-weight: 400\"><br \/>\n<\/span><span style=\"font-weight: 400\"><br \/>\n<\/span><i><span style=\"font-weight: 400\">Compartilhe seu momento com Louvada nas redes sociais, use a hashtag<\/span><\/i><b><i> #honre<\/i><\/b><i><span style=\"font-weight: 400\"> e marque a gente <\/span><\/i><b><i>@cervejarialouvada.<\/i><\/b><\/p>\n<p><b>Compre clicando no bot\u00e3o abaixo<\/b><\/p>\n","protected":false},"featured_media":7999,"comment_status":"open","ping_status":"closed","template":"","meta":[],"product_brand":[],"product_cat":[55,86],"product_tag":[91],"class_list":{"0":"post-7980","1":"product","2":"type-product","3":"status-publish","4":"has-post-thumbnail","6":"product_cat-cervejas","7":"product_cat-sazonais","8":"product_tag-500ml","10":"first","11":"outofstock","12":"featured","13":"shipping-taxable","14":"purchasable","15":"product-type-simple"},"_links":{"self":[{"href":"https:\/\/louvada.com.br\/loja\/wp-json\/wp\/v2\/product\/7980","targetHints":{"allow":["GET"]}}],"collection":[{"href":"https:\/\/louvada.com.br\/loja\/wp-json\/wp\/v2\/product"}],"about":[{"href":"https:\/\/louvada.com.br\/loja\/wp-json\/wp\/v2\/types\/product"}],"replies":[{"embeddable":true,"href":"https:\/\/louvada.com.br\/loja\/wp-json\/wp\/v2\/comments?post=7980"}],"wp:featuredmedia":[{"embeddable":true,"href":"https:\/\/louvada.com.br\/loja\/wp-json\/wp\/v2\/media\/7999"}],"wp:attachment":[{"href":"https:\/\/louvada.com.br\/loja\/wp-json\/wp\/v2\/media?parent=7980"}],"wp:term":[{"taxonomy":"product_brand","embeddable":true,"href":"https:\/\/louvada.com.br\/loja\/wp-json\/wp\/v2\/product_brand?post=7980"},{"taxonomy":"product_cat","embeddable":true,"href":"https:\/\/louvada.com.br\/loja\/wp-json\/wp\/v2\/product_cat?post=7980"},{"taxonomy":"product_tag","embeddable":true,"href":"https:\/\/louvada.com.br\/loja\/wp-json\/wp\/v2\/product_tag?post=7980"}],"curies":[{"name":"wp","href":"https:\/\/api.w.org\/{rel}","templated":true}]}}